{"id":3822,"date":"2024-09-13T14:15:55","date_gmt":"2024-09-13T11:15:55","guid":{"rendered":"https:\/\/fontemenergy.lt\/produkcija\/uncategorized\/litija-akumulatori-24v-180ah\/"},"modified":"2024-09-13T14:15:55","modified_gmt":"2024-09-13T11:15:55","slug":"litija-akumulatori-24v-180ah","status":"publish","type":"product","link":"https:\/\/fontemenergy.lt\/lv\/product\/litija-akumulatori\/litija-akumulatori-24v-180ah\/","title":{"rendered":"Litija akumulatori 24V 180Ah"},"content":{"rendered":"<p data-start=\"211\" data-end=\"314\">\ud83d\udd0b <strong data-start=\"218\" data-end=\"314\">Li-ion 24V 180Ah &#8211; gudrs, uzticams ener\u0123ijas avots saules ener\u0123ijas sist\u0113m\u0101m un daudz kam citam<\/strong><\/p>\n<p data-start=\"316\" data-end=\"523\">Kompakts, lieljaudas, lieto\u0161anai gatavs <strong data-start=\"364\" data-end=\"383\">litija jonu akumulators<\/strong> lieto\u0161anai ar popul\u0101r\u0101kajiem <strong data-start=\"419\" data-end=\"448\">hibr\u012bda invertoriem<\/strong>. Ide\u0101li piem\u0113rots gan m\u0101jas lietot\u0101jiem, gan maz\u0101kiem biznesa risin\u0101jumiem. <\/p>\n<hr data-start=\"525\" data-end=\"528\">\n<h3 data-start=\"530\" data-end=\"573\">\u2705 <strong data-start=\"536\" data-end=\"573\">K\u0101p\u0113c izv\u0113l\u0113ties \u0161o akumulatoru<\/strong>?<\/h3>\n<ul data-start=\"575\" data-end=\"1045\">\n<li data-start=\"575\" data-end=\"642\">\n<p data-start=\"577\" data-end=\"642\">\u2705 Augstas kvalit\u0101tes <strong data-start=\"595\" data-end=\"611\">li-jonu elementi<\/strong> &#8211; iztur\u012bgi un efekt\u012bvi<\/p>\n<\/li>\n<li data-start=\"643\" data-end=\"688\">\n<p data-start=\"645\" data-end=\"688\">\u2705 Nomin\u0101l\u0101 ietilp\u012bba: <strong data-start=\"663\" data-end=\"686\">24V 180Ah (~4,3 kWh<\/strong>)<\/p>\n<\/li>\n<li data-start=\"689\" data-end=\"791\">\n<p data-start=\"691\" data-end=\"791\">\u2705 Ieb\u016bv\u0113ta <strong data-start=\"705\" data-end=\"720\">inteli\u0123enta BMS<\/strong> &#8211; p\u0101rslodzes, p\u0101rm\u0113r\u012bgas izl\u0101des, p\u0101rm\u0113r\u012bgas temperat\u016bras un \u012bssavienojuma aizsardz\u012bba<\/p>\n<\/li>\n<li data-start=\"792\" data-end=\"865\">\n<p data-start=\"794\" data-end=\"865\">\u2705 Komunik\u0101cijas iesp\u0113jas: <strong data-start=\"821\" data-end=\"836\">RS485 \/ CAN<\/strong> (atkar\u012bb\u0101 no mode\u013ca)<\/p>\n<\/li>\n<li data-start=\"866\" data-end=\"919\">\n<p data-start=\"868\" data-end=\"919\">\u2705 Sader\u012bgs ar <strong data-start=\"884\" data-end=\"917\">popul\u0101r\u0101kajiem invertoriem<\/strong><\/p>\n<\/li>\n<li data-start=\"920\" data-end=\"959\">\n<p data-start=\"922\" data-end=\"959\">\u2705 <strong data-start=\"924\" data-end=\"957\">P\u0101rbaud\u012bts, gatavs lieto\u0161anai<\/strong><\/p>\n<\/li>\n<li data-start=\"960\" data-end=\"1013\">\n<p data-start=\"962\" data-end=\"1013\">\u2705 Kompakts, viegls, bez apkopes<\/p>\n<\/li>\n<\/ul>\n<hr data-start=\"1047\" data-end=\"1050\">\n<h3 data-start=\"1052\" data-end=\"1100\"><strong data-start=\"1058\" data-end=\"1100\">\u26a1 Piem\u0113rots \u0161\u0101diem hibr\u012bda invertoriem:<\/strong><\/h3>\n<ul data-start=\"1102\" data-end=\"1275\">\n<li data-start=\"1102\" data-end=\"1117\">\n<p data-start=\"1104\" data-end=\"1117\"><strong data-start=\"1104\" data-end=\"1115\">Growatt<\/strong><\/p>\n<\/li>\n<li data-start=\"1118\" data-end=\"1143\">\n<p data-start=\"1120\" data-end=\"1143\"><strong data-start=\"1120\" data-end=\"1141\">Voltronic \/ EASUN<\/strong><\/p>\n<\/li>\n<li data-start=\"1144\" data-end=\"1160\">\n<p data-start=\"1146\" data-end=\"1160\"><strong data-start=\"1146\" data-end=\"1158\">Luxpower<\/strong><\/p>\n<\/li>\n<li data-start=\"1161\" data-end=\"1174\">\n<p data-start=\"1163\" data-end=\"1174\"><strong data-start=\"1163\" data-end=\"1172\">Sofar<\/strong><\/p>\n<\/li>\n<li data-start=\"1175\" data-end=\"1187\">\n<p data-start=\"1177\" data-end=\"1187\"><strong data-start=\"1177\" data-end=\"1185\">Deye<\/strong><\/p>\n<\/li>\n<li data-start=\"1188\" data-end=\"1201\">\n<p data-start=\"1190\" data-end=\"1201\"><strong data-start=\"1190\" data-end=\"1199\">Solis<\/strong><\/p>\n<\/li>\n<li data-start=\"1202\" data-end=\"1213\">\n<p data-start=\"1204\" data-end=\"1213\"><strong data-start=\"1204\" data-end=\"1211\">SMA<\/strong><\/p>\n<\/li>\n<li data-start=\"1214\" data-end=\"1230\">\n<p data-start=\"1216\" data-end=\"1230\"><strong data-start=\"1216\" data-end=\"1228\">Sermatec<\/strong><\/p>\n<\/li>\n<li data-start=\"1231\" data-end=\"1245\">\n<p data-start=\"1233\" data-end=\"1245\"><strong data-start=\"1233\" data-end=\"1243\">FoxESS<\/strong><\/p>\n<\/li>\n<li data-start=\"1246\" data-end=\"1261\">\n<p data-start=\"1248\" data-end=\"1261\"><strong data-start=\"1248\" data-end=\"1259\">Victron<\/strong><\/p>\n<\/li>\n<li data-start=\"1262\" data-end=\"1275\">\n<p data-start=\"1264\" data-end=\"1275\"><strong data-start=\"1264\" data-end=\"1275\">Powland <\/strong>(Cena 950\u20ac)<\/p>\n<\/li>\n<\/ul>\n<p data-start=\"1277\" data-end=\"1348\">\ud83d\udc49 Ja nepiecie\u0161ams, m\u0113s varam pal\u012bdz\u0113t to piesl\u0113gt un konfigur\u0113t j\u016bsu sist\u0113m\u0101!<\/p>\n<hr data-start=\"1350\" data-end=\"1353\">\n<h3 data-start=\"1355\" data-end=\"1384\">\ud83d\udd27 <strong data-start=\"1362\" data-end=\"1384\">Tehnisk\u0101s \u012bpa\u0161\u012bbas<\/strong>:<\/h3>\n<ul data-start=\"1386\" data-end=\"1656\">\n<li data-start=\"1386\" data-end=\"1416\">\n<p data-start=\"1388\" data-end=\"1416\"><strong data-start=\"1388\" data-end=\"1408\">Nomin\u0101lais spriegums:<\/strong> 25,6 V<\/p>\n<\/li>\n<li data-start=\"1417\" data-end=\"1448\">\n<p data-start=\"1419\" data-end=\"1448\"><strong data-start=\"1419\" data-end=\"1429\">Kapacit\u0101te:<\/strong> 180Ah (~ 4300Wh)<\/p>\n<\/li>\n<li data-start=\"1449\" data-end=\"1479\">\n<p data-start=\"1451\" data-end=\"1479\"><strong data-start=\"1451\" data-end=\"1471\">Uzl\u0101des spriegums:<\/strong> 29,2 V<\/p>\n<\/li>\n<li data-start=\"1480\" data-end=\"1513\">\n<p data-start=\"1482\" data-end=\"1513\"><strong data-start=\"1482\" data-end=\"1507\">Maks. Uzl\u0101des str\u0101va: <\/strong>  80A<\/p>\n<\/li>\n<li data-start=\"1514\" data-end=\"1549\">\n<p data-start=\"1516\" data-end=\"1549\"><strong data-start=\"1516\" data-end=\"1542\">Maks. Izl\u0101des str\u0101va: <\/strong>  100A<\/p>\n<\/li>\n<li data-start=\"1550\" data-end=\"1620\">\n<p data-start=\"1552\" data-end=\"1620\"><strong data-start=\"1552\" data-end=\"1569\">Tehnolo\u0123ija:<\/strong> Li-ion (LFP vai NMC atkar\u012bb\u0101 no mode\u013ca)<\/p>\n<\/li>\n<li data-start=\"1621\" data-end=\"1656\">\n<p data-start=\"1623\" data-end=\"1656\"><strong data-start=\"1623\" data-end=\"1642\">Cikli:<\/strong> l\u012bdz 5000 (l\u012bdz 80 % jaudas)<\/p>\n<\/li>\n<\/ul>\n<hr data-start=\"1658\" data-end=\"1661\">\n<h3 data-start=\"1663\" data-end=\"1695\">\ud83c\udf21\ufe0f <strong data-start=\"1671\" data-end=\"1695\">Darba temperat\u016bra:<\/strong><\/h3>\n<ul data-start=\"1697\" data-end=\"1759\">\n<li data-start=\"1697\" data-end=\"1726\">\n<p data-start=\"1699\" data-end=\"1726\"><strong data-start=\"1699\" data-end=\"1713\">Uzl\u0101de:<\/strong> 0\u00b0C &#8211; 45\u00b0C<\/p>\n<\/li>\n<li data-start=\"1727\" data-end=\"1759\">\n<p data-start=\"1729\" data-end=\"1759\"><strong data-start=\"1729\" data-end=\"1744\">Izl\u0101de:<\/strong> -20\u00b0C &#8211; 60\u00b0C<\/p>\n<\/li>\n<\/ul>\n<hr data-start=\"1761\" data-end=\"1764\">\n<h3 data-start=\"1766\" data-end=\"1789\">\ud83d\ude90 <strong data-start=\"1773\" data-end=\"1789\">Piel\u0101go\u0161ana<\/strong>:<\/h3>\n<ul data-start=\"1791\" data-end=\"2036\">\n<li data-start=\"1791\" data-end=\"1835\">\n<p data-start=\"1793\" data-end=\"1835\">Saules sp\u0113kstacijas (bez t\u012bkla vai hibr\u012bd\u0101s)<\/p>\n<\/li>\n<li data-start=\"1836\" data-end=\"1866\">\n<p data-start=\"1838\" data-end=\"1866\">Invertoru un UPS sist\u0113mas<\/p>\n<\/li>\n<li data-start=\"1867\" data-end=\"1899\">\n<p data-start=\"1869\" data-end=\"1899\">Ener\u0123ijas uzglab\u0101\u0161anas risin\u0101jumi<\/p>\n<\/li>\n<li data-start=\"1900\" data-end=\"1944\">\n<p data-start=\"1902\" data-end=\"1944\">Autofurgoni, treileri, p\u0101rvietojam\u0101s vien\u012bbas<\/p>\n<\/li>\n<li data-start=\"1945\" data-end=\"1988\">\n<p data-start=\"1947\" data-end=\"1988\">Atbalsts r\u016bpnieciskai un sadz\u012bves elektroener\u0123ijai<\/p>\n<\/li>\n<li data-start=\"1989\" data-end=\"2036\">\n<p data-start=\"1991\" data-end=\"2036\">Uzl\u0101des stacijas vai maz\u0101ki t\u012bkla projekti<\/p>\n<\/li>\n<\/ul>\n<hr data-start=\"2038\" data-end=\"2041\">\n<h3 data-start=\"2043\" data-end=\"2078\">\ud83c\udfc6 <strong data-start=\"2050\" data-end=\"2078\">Galven\u0101s priek\u0161roc\u012bbas:<\/strong><\/h3>\n<ul data-start=\"2080\" data-end=\"2397\">\n<li data-start=\"2080\" data-end=\"2131\">\n<p data-start=\"2082\" data-end=\"2131\">\u2705 Gatavs lieto\u0161anai &#8211; nav papildu komponentu<\/p>\n<\/li>\n<li data-start=\"2132\" data-end=\"2193\">\n<p data-start=\"2134\" data-end=\"2193\">\u2705 Sader\u012bgs ar liel\u0101ko da\u013cu invertoru bez papildu regul\u0113\u0161anas<\/p>\n<\/li>\n<li data-start=\"2194\" data-end=\"2258\">\n<p data-start=\"2196\" data-end=\"2258\">\u2705 Ilgs kalpo\u0161anas laiks &#8211; l\u012bdz 5000 cikliem (80% atliku\u0161\u0101s ietilp\u012bbas)<\/p>\n<\/li>\n<li data-start=\"2259\" data-end=\"2310\">\n<p data-start=\"2261\" data-end=\"2310\">\u2705 Bluetooth vai CAN uzraudz\u012bba (atkar\u012bb\u0101 no versijas)<\/p>\n<\/li>\n<li data-start=\"2311\" data-end=\"2352\">\n<p data-start=\"2313\" data-end=\"2352\">\u2705 Klusa, efekt\u012bva un dro\u0161a darb\u012bba<\/p>\n<\/li>\n<li data-start=\"2353\" data-end=\"2397\">\n<p data-start=\"2355\" data-end=\"2397\">\u2705 Kompakts dizains &#8211; ietaupa vietu<\/p>\n<\/li>\n<\/ul>\n<hr data-start=\"2399\" data-end=\"2402\">\n<p data-start=\"2404\" data-end=\"2550\">\ud83d\udd0c <strong data-start=\"2407\" data-end=\"2471\">Fontem Energy &#8211; uzticami risin\u0101jumi J\u016bsu energosist\u0113mai.<\/strong><br data-start=\"2471\" data-end=\"2474\">\ud83d\udcde Sazinieties ar mums &#8211; m\u0113s pal\u012bdz\u0113sim atrast J\u016bsu vajadz\u012bb\u0101m atbilsto\u0161u risin\u0101jumu!<\/p>\n<p data-start=\"2552\" data-end=\"2608\">\ud83d\udee1\ufe0f <strong data-start=\"2556\" data-end=\"2570\">Garantija:<\/strong> 1 gads<\/p>\n","protected":false},"excerpt":{"rendered":"<p><strong>  Specifik\u0101cija<\/strong><\/p>\n<ul>\n<li>Jauda, Ah: <strong>180<\/strong><\/li>\n<li>Spriegums, V: <strong>24<\/strong><\/li>\n<li>Svars, kg: <strong>30<\/strong><\/li>\n<li>Garantija, m\u0113ne\u0161i: <strong>12<\/strong><\/li>\n<li>Garums\u00d7platums\u00d7augstums, cm: <strong>50\u00d740\u00d720<\/strong><\/li>\n<\/ul>\n","protected":false},"featured_media":3824,"template":"","meta":{"site-sidebar-layout":"default","site-content-layout":"","ast-site-content-layout":"default","site-content-style":"default","site-sidebar-style":"default","ast-global-header-display":"","ast-banner-title-visibility":"","ast-main-header-display":"","ast-hfb-above-header-display":"","ast-hfb-below-header-display":"","ast-hfb-mobile-header-display":"","site-post-title":"","ast-breadcrumbs-content":"","ast-featured-img":"","footer-sml-layout":"","ast-disable-related-posts":"","theme-transparent-header-meta":"default","adv-header-id-meta":"","stick-header-meta":"","header-above-stick-meta":"","header-main-stick-meta":"","header-below-stick-meta":"","astra-migrate-meta-layouts":"default","ast-page-background-enabled":"default","ast-page-background-meta":{"desktop":{"background-color":"","background-image":"","background-repeat":"repeat","background-position":"center center","background-size":"auto","background-attachment":"scroll","background-type":"","background-media":"","overlay-type":"","overlay-color":"","overlay-opacity":"","overlay-gradient":""},"tablet":{"background-color":"","background-image":"","background-repeat":"repeat","background-position":"center center","background-size":"auto","background-attachment":"scroll","background-type":"","background-media":"","overlay-type":"","overlay-color":"","overlay-opacity":"","overlay-gradient":""},"mobile":{"background-color":"","background-image":"","background-repeat":"repeat","background-position":"center center","background-size":"auto","background-attachment":"scroll","background-type":"","background-media":"","overlay-type":"","overlay-color":"","overlay-opacity":"","overlay-gradient":""}},"ast-content-background-meta":{"desktop":{"background-color":"var(--ast-global-color-5)","background-image":"","background-repeat":"repeat","background-position":"center center","background-size":"auto","background-attachment":"scroll","background-type":"","background-media":"","overlay-type":"","overlay-color":"","overlay-opacity":"","overlay-gradient":""},"tablet":{"background-color":"var(--ast-global-color-5)","background-image":"","background-repeat":"repeat","background-position":"center center","background-size":"auto","background-attachment":"scroll","background-type":"","background-media":"","overlay-type":"","overlay-color":"","overlay-opacity":"","overlay-gradient":""},"mobile":{"background-color":"var(--ast-global-color-5)","background-image":"","background-repeat":"repeat","background-position":"center center","background-size":"auto","background-attachment":"scroll","background-type":"","background-media":"","overlay-type":"","overlay-color":"","overlay-opacity":"","overlay-gradient":""}}},"product_brand":[],"product_cat":[149],"product_tag":[],"class_list":{"0":"post-3822","1":"product","2":"type-product","3":"status-publish","4":"has-post-thumbnail","6":"product_cat-litija-akumulatori","7":"pa_itampav-151","8":"pa_talpaah-176","9":"desktop-align-left","10":"tablet-align-left","11":"mobile-align-left","13":"first","14":"instock","15":"taxable","16":"shipping-taxable","17":"purchasable","18":"product-type-simple"},"yoast_head":"<!-- This site is optimized with the Yoast SEO plugin v27.4 - https:\/\/yoast.com\/product\/yoast-seo-wordpress\/ -->\n<title>%Litija akumulatori 24V 180Ah - Lab\u0101k\u0101 cena un kvalit\u0101te<\/title>\n<meta name=\"description\" content=\"Piem\u0113rots elektriskajiem transportl\u012bdzek\u013ciem, autonom\u0101m saules ener\u0123ijas sist\u0113m\u0101m, j\u016bras lietojumiem un r\u016bpniecisk\u0101m iek\u0101rt\u0101m, nodro\u0161inot efekt\u012bvu ener\u0123ijas avotu.\" \/>\n<meta name=\"robots\" content=\"index, follow, max-snippet:-1, max-image-preview:large, max-video-preview:-1\" \/>\n<link rel=\"canonical\" href=\"https:\/\/fontemenergy.lt\/lv\/product\/litija-akumulatori\/litija-akumulatori-24v-180ah\/\" \/>\n<meta property=\"og:locale\" content=\"lv_LV\" \/>\n<meta property=\"og:type\" content=\"article\" \/>\n<meta property=\"og:title\" content=\"%Litija akumulatori 24V 180Ah - Lab\u0101k\u0101 cena un kvalit\u0101te\" \/>\n<meta property=\"og:description\" content=\"Piem\u0113rots elektriskajiem transportl\u012bdzek\u013ciem, autonom\u0101m saules ener\u0123ijas sist\u0113m\u0101m, j\u016bras lietojumiem un r\u016bpniecisk\u0101m iek\u0101rt\u0101m, nodro\u0161inot efekt\u012bvu ener\u0123ijas avotu.\" \/>\n<meta property=\"og:url\" content=\"https:\/\/fontemenergy.lt\/lv\/product\/litija-akumulatori\/litija-akumulatori-24v-180ah\/\" \/>\n<meta property=\"og:site_name\" content=\"Fontem Energy\" \/>\n<meta property=\"og:image\" content=\"https:\/\/fontemenergy.lt\/wp-content\/uploads\/2024\/09\/Licio-akumuliatoriai-24v-180Ah.jpeg\" \/>\n\t<meta property=\"og:image:width\" content=\"1200\" \/>\n\t<meta property=\"og:image:height\" content=\"1600\" \/>\n\t<meta property=\"og:image:type\" content=\"image\/jpeg\" \/>\n<meta name=\"twitter:card\" content=\"summary_large_image\" \/>\n<meta name=\"twitter:label1\" content=\"Est. reading time\" \/>\n\t<meta name=\"twitter:data1\" content=\"2 minutes\" \/>\n<script type=\"application\/ld+json\" class=\"yoast-schema-graph\">{\"@context\":\"https:\\\/\\\/schema.org\",\"@graph\":[{\"@type\":\"WebPage\",\"@id\":\"https:\\\/\\\/fontemenergy.lt\\\/lv\\\/product\\\/litija-akumulatori\\\/litija-akumulatori-24v-180ah\\\/\",\"url\":\"https:\\\/\\\/fontemenergy.lt\\\/lv\\\/product\\\/litija-akumulatori\\\/litija-akumulatori-24v-180ah\\\/\",\"name\":\"%Litija akumulatori 24V 180Ah - Lab\u0101k\u0101 cena un kvalit\u0101te\",\"isPartOf\":{\"@id\":\"https:\\\/\\\/fontemenergy.lt\\\/lv\\\/#website\"},\"primaryImageOfPage\":{\"@id\":\"https:\\\/\\\/fontemenergy.lt\\\/lv\\\/product\\\/litija-akumulatori\\\/litija-akumulatori-24v-180ah\\\/#primaryimage\"},\"image\":{\"@id\":\"https:\\\/\\\/fontemenergy.lt\\\/lv\\\/product\\\/litija-akumulatori\\\/litija-akumulatori-24v-180ah\\\/#primaryimage\"},\"thumbnailUrl\":\"https:\\\/\\\/fontemenergy.lt\\\/wp-content\\\/uploads\\\/2024\\\/09\\\/Licio-akumuliatoriai-24v-180Ah.jpeg\",\"datePublished\":\"2024-09-13T11:15:55+00:00\",\"description\":\"Piem\u0113rots elektriskajiem transportl\u012bdzek\u013ciem, autonom\u0101m saules ener\u0123ijas sist\u0113m\u0101m, j\u016bras lietojumiem un r\u016bpniecisk\u0101m iek\u0101rt\u0101m, nodro\u0161inot efekt\u012bvu ener\u0123ijas avotu.\",\"breadcrumb\":{\"@id\":\"https:\\\/\\\/fontemenergy.lt\\\/lv\\\/product\\\/litija-akumulatori\\\/litija-akumulatori-24v-180ah\\\/#breadcrumb\"},\"inLanguage\":\"lv-LV\",\"potentialAction\":[{\"@type\":\"ReadAction\",\"target\":[\"https:\\\/\\\/fontemenergy.lt\\\/lv\\\/product\\\/litija-akumulatori\\\/litija-akumulatori-24v-180ah\\\/\"]}]},{\"@type\":\"ImageObject\",\"inLanguage\":\"lv-LV\",\"@id\":\"https:\\\/\\\/fontemenergy.lt\\\/lv\\\/product\\\/litija-akumulatori\\\/litija-akumulatori-24v-180ah\\\/#primaryimage\",\"url\":\"https:\\\/\\\/fontemenergy.lt\\\/wp-content\\\/uploads\\\/2024\\\/09\\\/Licio-akumuliatoriai-24v-180Ah.jpeg\",\"contentUrl\":\"https:\\\/\\\/fontemenergy.lt\\\/wp-content\\\/uploads\\\/2024\\\/09\\\/Licio-akumuliatoriai-24v-180Ah.jpeg\",\"width\":1200,\"height\":1600,\"caption\":\"Litija jonu akumulatori 24v 180Ah\"},{\"@type\":\"BreadcrumbList\",\"@id\":\"https:\\\/\\\/fontemenergy.lt\\\/lv\\\/product\\\/litija-akumulatori\\\/litija-akumulatori-24v-180ah\\\/#breadcrumb\",\"itemListElement\":[{\"@type\":\"ListItem\",\"position\":1,\"name\":\"Home\",\"item\":\"https:\\\/\\\/fontemenergy.lt\\\/lv\\\/sakums\\\/\"},{\"@type\":\"ListItem\",\"position\":2,\"name\":\"Ra\u017eo\u0161ana\",\"item\":\"https:\\\/\\\/fontemenergy.lt\\\/lv\\\/razosana\\\/\"},{\"@type\":\"ListItem\",\"position\":3,\"name\":\"Litija akumulatori 24V 180Ah\"}]},{\"@type\":\"WebSite\",\"@id\":\"https:\\\/\\\/fontemenergy.lt\\\/lv\\\/#website\",\"url\":\"https:\\\/\\\/fontemenergy.lt\\\/lv\\\/\",\"name\":\"Fontem Energy\",\"description\":\"Fontem Energy Website\",\"publisher\":{\"@id\":\"https:\\\/\\\/fontemenergy.lt\\\/lv\\\/#organization\"},\"potentialAction\":[{\"@type\":\"SearchAction\",\"target\":{\"@type\":\"EntryPoint\",\"urlTemplate\":\"https:\\\/\\\/fontemenergy.lt\\\/lv\\\/?s={search_term_string}\"},\"query-input\":{\"@type\":\"PropertyValueSpecification\",\"valueRequired\":true,\"valueName\":\"search_term_string\"}}],\"inLanguage\":\"lv-LV\"},{\"@type\":\"Organization\",\"@id\":\"https:\\\/\\\/fontemenergy.lt\\\/lv\\\/#organization\",\"name\":\"Font Energy\",\"url\":\"https:\\\/\\\/fontemenergy.lt\\\/lv\\\/\",\"logo\":{\"@type\":\"ImageObject\",\"inLanguage\":\"lv-LV\",\"@id\":\"https:\\\/\\\/fontemenergy.lt\\\/lv\\\/#\\\/schema\\\/logo\\\/image\\\/\",\"url\":\"https:\\\/\\\/fontemenergy.lt\\\/wp-content\\\/uploads\\\/2024\\\/06\\\/Transparent-Logo-2-1-1.png\",\"contentUrl\":\"https:\\\/\\\/fontemenergy.lt\\\/wp-content\\\/uploads\\\/2024\\\/06\\\/Transparent-Logo-2-1-1.png\",\"width\":972,\"height\":400,\"caption\":\"Font Energy\"},\"image\":{\"@id\":\"https:\\\/\\\/fontemenergy.lt\\\/lv\\\/#\\\/schema\\\/logo\\\/image\\\/\"}}]}<\/script>\n<!-- \/ Yoast SEO plugin. -->","yoast_head_json":{"title":"%Litija akumulatori 24V 180Ah - Lab\u0101k\u0101 cena un kvalit\u0101te","description":"Piem\u0113rots elektriskajiem transportl\u012bdzek\u013ciem, autonom\u0101m saules ener\u0123ijas sist\u0113m\u0101m, j\u016bras lietojumiem un r\u016bpniecisk\u0101m iek\u0101rt\u0101m, nodro\u0161inot efekt\u012bvu ener\u0123ijas avotu.","robots":{"index":"index","follow":"follow","max-snippet":"max-snippet:-1","max-image-preview":"max-image-preview:large","max-video-preview":"max-video-preview:-1"},"canonical":"https:\/\/fontemenergy.lt\/lv\/product\/litija-akumulatori\/litija-akumulatori-24v-180ah\/","og_locale":"lv_LV","og_type":"article","og_title":"%Litija akumulatori 24V 180Ah - Lab\u0101k\u0101 cena un kvalit\u0101te","og_description":"Piem\u0113rots elektriskajiem transportl\u012bdzek\u013ciem, autonom\u0101m saules ener\u0123ijas sist\u0113m\u0101m, j\u016bras lietojumiem un r\u016bpniecisk\u0101m iek\u0101rt\u0101m, nodro\u0161inot efekt\u012bvu ener\u0123ijas avotu.","og_url":"https:\/\/fontemenergy.lt\/lv\/product\/litija-akumulatori\/litija-akumulatori-24v-180ah\/","og_site_name":"Fontem Energy","og_image":[{"width":1200,"height":1600,"url":"https:\/\/fontemenergy.lt\/wp-content\/uploads\/2024\/09\/Licio-akumuliatoriai-24v-180Ah.jpeg","type":"image\/jpeg"}],"twitter_card":"summary_large_image","twitter_misc":{"Est. reading time":"2 minutes"},"schema":{"@context":"https:\/\/schema.org","@graph":[{"@type":"WebPage","@id":"https:\/\/fontemenergy.lt\/lv\/product\/litija-akumulatori\/litija-akumulatori-24v-180ah\/","url":"https:\/\/fontemenergy.lt\/lv\/product\/litija-akumulatori\/litija-akumulatori-24v-180ah\/","name":"%Litija akumulatori 24V 180Ah - Lab\u0101k\u0101 cena un kvalit\u0101te","isPartOf":{"@id":"https:\/\/fontemenergy.lt\/lv\/#website"},"primaryImageOfPage":{"@id":"https:\/\/fontemenergy.lt\/lv\/product\/litija-akumulatori\/litija-akumulatori-24v-180ah\/#primaryimage"},"image":{"@id":"https:\/\/fontemenergy.lt\/lv\/product\/litija-akumulatori\/litija-akumulatori-24v-180ah\/#primaryimage"},"thumbnailUrl":"https:\/\/fontemenergy.lt\/wp-content\/uploads\/2024\/09\/Licio-akumuliatoriai-24v-180Ah.jpeg","datePublished":"2024-09-13T11:15:55+00:00","description":"Piem\u0113rots elektriskajiem transportl\u012bdzek\u013ciem, autonom\u0101m saules ener\u0123ijas sist\u0113m\u0101m, j\u016bras lietojumiem un r\u016bpniecisk\u0101m iek\u0101rt\u0101m, nodro\u0161inot efekt\u012bvu ener\u0123ijas avotu.","breadcrumb":{"@id":"https:\/\/fontemenergy.lt\/lv\/product\/litija-akumulatori\/litija-akumulatori-24v-180ah\/#breadcrumb"},"inLanguage":"lv-LV","potentialAction":[{"@type":"ReadAction","target":["https:\/\/fontemenergy.lt\/lv\/product\/litija-akumulatori\/litija-akumulatori-24v-180ah\/"]}]},{"@type":"ImageObject","inLanguage":"lv-LV","@id":"https:\/\/fontemenergy.lt\/lv\/product\/litija-akumulatori\/litija-akumulatori-24v-180ah\/#primaryimage","url":"https:\/\/fontemenergy.lt\/wp-content\/uploads\/2024\/09\/Licio-akumuliatoriai-24v-180Ah.jpeg","contentUrl":"https:\/\/fontemenergy.lt\/wp-content\/uploads\/2024\/09\/Licio-akumuliatoriai-24v-180Ah.jpeg","width":1200,"height":1600,"caption":"Litija jonu akumulatori 24v 180Ah"},{"@type":"BreadcrumbList","@id":"https:\/\/fontemenergy.lt\/lv\/product\/litija-akumulatori\/litija-akumulatori-24v-180ah\/#breadcrumb","itemListElement":[{"@type":"ListItem","position":1,"name":"Home","item":"https:\/\/fontemenergy.lt\/lv\/sakums\/"},{"@type":"ListItem","position":2,"name":"Ra\u017eo\u0161ana","item":"https:\/\/fontemenergy.lt\/lv\/razosana\/"},{"@type":"ListItem","position":3,"name":"Litija akumulatori 24V 180Ah"}]},{"@type":"WebSite","@id":"https:\/\/fontemenergy.lt\/lv\/#website","url":"https:\/\/fontemenergy.lt\/lv\/","name":"Fontem Energy","description":"Fontem Energy Website","publisher":{"@id":"https:\/\/fontemenergy.lt\/lv\/#organization"},"potentialAction":[{"@type":"SearchAction","target":{"@type":"EntryPoint","urlTemplate":"https:\/\/fontemenergy.lt\/lv\/?s={search_term_string}"},"query-input":{"@type":"PropertyValueSpecification","valueRequired":true,"valueName":"search_term_string"}}],"inLanguage":"lv-LV"},{"@type":"Organization","@id":"https:\/\/fontemenergy.lt\/lv\/#organization","name":"Font Energy","url":"https:\/\/fontemenergy.lt\/lv\/","logo":{"@type":"ImageObject","inLanguage":"lv-LV","@id":"https:\/\/fontemenergy.lt\/lv\/#\/schema\/logo\/image\/","url":"https:\/\/fontemenergy.lt\/wp-content\/uploads\/2024\/06\/Transparent-Logo-2-1-1.png","contentUrl":"https:\/\/fontemenergy.lt\/wp-content\/uploads\/2024\/06\/Transparent-Logo-2-1-1.png","width":972,"height":400,"caption":"Font Energy"},"image":{"@id":"https:\/\/fontemenergy.lt\/lv\/#\/schema\/logo\/image\/"}}]}},"_links":{"self":[{"href":"https:\/\/fontemenergy.lt\/lv\/wp-json\/wp\/v2\/product\/3822","targetHints":{"allow":["GET"]}}],"collection":[{"href":"https:\/\/fontemenergy.lt\/lv\/wp-json\/wp\/v2\/product"}],"about":[{"href":"https:\/\/fontemenergy.lt\/lv\/wp-json\/wp\/v2\/types\/product"}],"wp:featuredmedia":[{"embeddable":true,"href":"https:\/\/fontemenergy.lt\/lv\/wp-json\/wp\/v2\/media\/3824"}],"wp:attachment":[{"href":"https:\/\/fontemenergy.lt\/lv\/wp-json\/wp\/v2\/media?parent=3822"}],"wp:term":[{"taxonomy":"product_brand","embeddable":true,"href":"https:\/\/fontemenergy.lt\/lv\/wp-json\/wp\/v2\/product_brand?post=3822"},{"taxonomy":"product_cat","embeddable":true,"href":"https:\/\/fontemenergy.lt\/lv\/wp-json\/wp\/v2\/product_cat?post=3822"},{"taxonomy":"product_tag","embeddable":true,"href":"https:\/\/fontemenergy.lt\/lv\/wp-json\/wp\/v2\/product_tag?post=3822"}],"curies":[{"name":"wp","href":"https:\/\/api.w.org\/{rel}","templated":true}]}}