{"id":3783,"date":"2024-09-13T14:25:08","date_gmt":"2024-09-13T11:25:08","guid":{"rendered":"https:\/\/fontemenergy.lt\/produkcija\/uncategorized\/litija-akumulatori-48v-180ah\/"},"modified":"2024-09-13T14:25:08","modified_gmt":"2024-09-13T11:25:08","slug":"litija-akumulatori-48v-180ah","status":"publish","type":"product","link":"https:\/\/fontemenergy.lt\/lv\/product\/litija-akumulatori\/litija-akumulatori-48v-180ah\/","title":{"rendered":"Litija akumulatori 48V 180Ah"},"content":{"rendered":"<p data-start=\"205\" data-end=\"293\">\ud83d\udd0b <strong data-start=\"212\" data-end=\"293\">Li-ion 48V 180Ah &#8211; gudrs ener\u0123ijas risin\u0101jums j\u016bsu saules ener\u0123ijas sist\u0113mai<\/strong><\/p>\n<p data-start=\"295\" data-end=\"520\">Kompakts, jaud\u012bgs un uzticams akumulators, kas paredz\u0113ts lieto\u0161anai ar popul\u0101r\u0101kajiem <strong data-start=\"370\" data-end=\"399\">hibr\u012bda invertoriem<\/strong>. Izgatavots no augstas kvalit\u0101tes litija jonu elementiem ar <strong data-start=\"444\" data-end=\"459\">inteli\u0123entu BMS<\/strong>, komunik\u0101ciju un gatavs lieto\u0161anai gan m\u0101jsaimniec\u012bb\u0101s, gan uz\u0146\u0113mumos. <\/p>\n<hr data-start=\"522\" data-end=\"525\">\n<h3 data-start=\"527\" data-end=\"570\">\u2705 <strong data-start=\"533\" data-end=\"570\">K\u0101p\u0113c izv\u0113l\u0113ties \u0161o akumulatoru<\/strong>?<\/h3>\n<ul data-start=\"572\" data-end=\"1008\">\n<li data-start=\"572\" data-end=\"634\">\n<p data-start=\"574\" data-end=\"634\">\u2705 Augstas kvalit\u0101tes <strong data-start=\"592\" data-end=\"632\">litija jonu elementi ar ilgu kalpo\u0161anas laiku<\/strong><\/p>\n<\/li>\n<li data-start=\"635\" data-end=\"680\">\n<p data-start=\"637\" data-end=\"680\">\u2705 Nomin\u0101l\u0101 jauda: <strong data-start=\"655\" data-end=\"678\">48V 180Ah (~8,6 kWh<\/strong>)<\/p>\n<\/li>\n<li data-start=\"681\" data-end=\"788\">\n<p data-start=\"683\" data-end=\"788\">\u2705 Ieb\u016bv\u0113ts <strong data-start=\"697\" data-end=\"722\">inteli\u0123ents BMS kontrolieris<\/strong> &#8211; aizsardz\u012bba pret p\u0101rm\u0113r\u012bgu uzl\u0101di, p\u0101rm\u0113r\u012bgu izl\u0101di un temperat\u016bras sv\u0101rst\u012bb\u0101m<\/p>\n<\/li>\n<li data-start=\"789\" data-end=\"843\">\n<p data-start=\"791\" data-end=\"843\">\u2705 Sazi\u0146a ar invertoriem, izmantojot <strong data-start=\"826\" data-end=\"841\">RS485\/CAN<\/strong><\/p>\n<\/li>\n<li data-start=\"844\" data-end=\"898\">\n<p data-start=\"846\" data-end=\"898\">\u2705 Gatavs lieto\u0161anai &#8211; nav papildu konfigur\u0101cijas<\/p>\n<\/li>\n<li data-start=\"899\" data-end=\"936\">\n<p data-start=\"901\" data-end=\"936\">\u2705 <strong data-start=\"903\" data-end=\"934\">P\u0101rbaud\u012bts, stabils, uzticams<\/strong><\/p>\n<\/li>\n<li data-start=\"937\" data-end=\"966\">\n<p data-start=\"939\" data-end=\"966\">\u2705 <strong data-start=\"941\" data-end=\"964\">Garantija &#8211; 1 gads<\/strong><\/p>\n<\/li>\n<li data-start=\"967\" data-end=\"1008\">\n<p data-start=\"969\" data-end=\"1008\">\u2705 <strong data-start=\"971\" data-end=\"1008\">Lieliska cenas un kvalit\u0101tes attiec\u012bba<\/strong><\/p>\n<\/li>\n<\/ul>\n<hr data-start=\"1010\" data-end=\"1013\">\n<h3 data-start=\"1015\" data-end=\"1063\"><strong data-start=\"1021\" data-end=\"1063\">\u26a1 Piem\u0113rots \u0161\u0101diem hibr\u012bda invertoriem:<\/strong><\/h3>\n<ul data-start=\"1065\" data-end=\"1194\">\n<li data-start=\"1065\" data-end=\"1076\">\n<p data-start=\"1067\" data-end=\"1076\">Growatt<\/p>\n<\/li>\n<li data-start=\"1077\" data-end=\"1098\">\n<p data-start=\"1079\" data-end=\"1098\">Voltronic \/ EASUN<\/p>\n<\/li>\n<li data-start=\"1099\" data-end=\"1111\">\n<p data-start=\"1101\" data-end=\"1111\">Luxpower<\/p>\n<\/li>\n<li data-start=\"1112\" data-end=\"1121\">\n<p data-start=\"1114\" data-end=\"1121\">Sofar<\/p>\n<\/li>\n<li data-start=\"1122\" data-end=\"1130\">\n<p data-start=\"1124\" data-end=\"1130\">Deye<\/p>\n<\/li>\n<li data-start=\"1131\" data-end=\"1140\">\n<p data-start=\"1133\" data-end=\"1140\">Solis<\/p>\n<\/li>\n<li data-start=\"1141\" data-end=\"1148\">\n<p data-start=\"1143\" data-end=\"1148\">SMA<\/p>\n<\/li>\n<li data-start=\"1149\" data-end=\"1161\">\n<p data-start=\"1151\" data-end=\"1161\">Sermatec<\/p>\n<\/li>\n<li data-start=\"1162\" data-end=\"1172\">\n<p data-start=\"1164\" data-end=\"1172\">FoxESS<\/p>\n<\/li>\n<li data-start=\"1173\" data-end=\"1184\">\n<p data-start=\"1175\" data-end=\"1184\">Victron<\/p>\n<\/li>\n<li data-start=\"1185\" data-end=\"1194\">\n<p data-start=\"1187\" data-end=\"1194\">Powland (Cena \u20ac1150-1300 atkar\u012bb\u0101 no konfigur\u0101cijas un komunik\u0101cij\u0101m)<\/p>\n<\/li>\n<\/ul>\n<p data-start=\"1196\" data-end=\"1253\">\u2705 Ja nepiecie\u0161ams, m\u0113s pal\u012bdz\u0113sim jums ar savienojumu vai konfigur\u0101ciju!<\/p>\n<hr data-start=\"1255\" data-end=\"1258\">\n<h3 data-start=\"1260\" data-end=\"1289\">\ud83d\udd27 <strong data-start=\"1267\" data-end=\"1289\">Tehnisk\u0101s \u012bpa\u0161\u012bbas<\/strong>:<\/h3>\n<ul data-start=\"1291\" data-end=\"1592\">\n<li data-start=\"1291\" data-end=\"1321\">\n<p data-start=\"1293\" data-end=\"1321\"><strong data-start=\"1293\" data-end=\"1313\">Nomin\u0101lais spriegums:<\/strong> 51,2 V<\/p>\n<\/li>\n<li data-start=\"1322\" data-end=\"1353\">\n<p data-start=\"1324\" data-end=\"1353\"><strong data-start=\"1324\" data-end=\"1334\">Jauda<\/strong>: 180Ah (~8 640Wh)<\/p>\n<\/li>\n<li data-start=\"1354\" data-end=\"1388\">\n<p data-start=\"1356\" data-end=\"1388\"><strong data-start=\"1356\" data-end=\"1381\">Maks. Uzl\u0101des str\u0101va: <\/strong>  100A<\/p>\n<\/li>\n<li data-start=\"1389\" data-end=\"1424\">\n<p data-start=\"1391\" data-end=\"1424\"><strong data-start=\"1391\" data-end=\"1417\">Maks. Izl\u0101des str\u0101va: <\/strong>  150A<\/p>\n<\/li>\n<li data-start=\"1425\" data-end=\"1455\">\n<p data-start=\"1427\" data-end=\"1455\"><strong data-start=\"1427\" data-end=\"1447\">Uzl\u0101des spriegums:<\/strong> 58,4 V<\/p>\n<\/li>\n<li data-start=\"1456\" data-end=\"1526\">\n<p data-start=\"1458\" data-end=\"1526\"><strong data-start=\"1458\" data-end=\"1475\">Tehnolo\u0123ija:<\/strong> Li-ion (NMC vai LFP atkar\u012bb\u0101 no mode\u013ca)<\/p>\n<\/li>\n<li data-start=\"1527\" data-end=\"1592\">\n<p data-start=\"1529\" data-end=\"1592\"><strong data-start=\"1529\" data-end=\"1548\">Cikli:<\/strong> l\u012bdz 5000 (l\u012bdz 80 % jaudas)<\/p>\n<\/li>\n<\/ul>\n<hr data-start=\"1594\" data-end=\"1597\">\n<h3 data-start=\"1599\" data-end=\"1631\">\ud83c\udf21\ufe0f <strong data-start=\"1607\" data-end=\"1631\">Darba temperat\u016bra:<\/strong><\/h3>\n<ul data-start=\"1633\" data-end=\"1695\">\n<li data-start=\"1633\" data-end=\"1662\">\n<p data-start=\"1635\" data-end=\"1662\"><strong data-start=\"1635\" data-end=\"1649\">Uzl\u0101de:<\/strong> 0\u00b0C &#8211; 45\u00b0C<\/p>\n<\/li>\n<li data-start=\"1663\" data-end=\"1695\">\n<p data-start=\"1665\" data-end=\"1695\"><strong data-start=\"1665\" data-end=\"1680\">Izl\u0101de:<\/strong> -20\u00b0C &#8211; 60\u00b0C<\/p>\n<\/li>\n<\/ul>\n<hr data-start=\"1697\" data-end=\"1700\">\n<h3 data-start=\"1702\" data-end=\"1725\">\ud83d\ude90 <strong data-start=\"1709\" data-end=\"1725\">Piel\u0101go\u0161ana<\/strong>:<\/h3>\n<ul data-start=\"1727\" data-end=\"1978\">\n<li data-start=\"1727\" data-end=\"1768\">\n<p data-start=\"1729\" data-end=\"1768\">Saules sp\u0113kstacijas (bez elektrot\u012bkla\/hibr\u012bda)<\/p>\n<\/li>\n<li data-start=\"1769\" data-end=\"1808\">\n<p data-start=\"1771\" data-end=\"1808\">Nep\u0101rtraukt\u0101s baro\u0161anas sist\u0113mas (UPS)<\/p>\n<\/li>\n<li data-start=\"1809\" data-end=\"1850\">\n<p data-start=\"1811\" data-end=\"1850\">Invertoru sist\u0113mas m\u0101j\u0101m un uz\u0146\u0113mumiem<\/p>\n<\/li>\n<li data-start=\"1851\" data-end=\"1884\">\n<p data-start=\"1853\" data-end=\"1884\">R\u016bpniecisk\u0101 ener\u0123ijas uzglab\u0101\u0161ana<\/p>\n<\/li>\n<li data-start=\"1885\" data-end=\"1923\">\n<p data-start=\"1887\" data-end=\"1923\">Serveri, telekomunik\u0101ciju iek\u0101rtas<\/p>\n<\/li>\n<li data-start=\"1924\" data-end=\"1978\">\n<p data-start=\"1926\" data-end=\"1978\">Uzl\u0101des stacijas un citi augstsprieguma risin\u0101jumi<\/p>\n<\/li>\n<\/ul>\n<hr data-start=\"1980\" data-end=\"1983\">\n<h3 data-start=\"1985\" data-end=\"2007\">\ud83c\udfc6 <strong data-start=\"1992\" data-end=\"2007\">Priek\u0161roc\u012bbas<\/strong>:<\/h3>\n<ul data-start=\"2009\" data-end=\"2230\">\n<li data-start=\"2009\" data-end=\"2052\">\n<p data-start=\"2011\" data-end=\"2052\">\u2705 Uzticama sazi\u0146a ar invertoriem<\/p>\n<\/li>\n<li data-start=\"2053\" data-end=\"2100\">\n<p data-start=\"2055\" data-end=\"2100\">\u2705 Ilgs kalpo\u0161anas laiks &#8211; l\u012bdz 5000 cikliem (80% atliku\u0161\u0101s ietilp\u012bbas)<\/p>\n<\/li>\n<li data-start=\"2101\" data-end=\"2145\">\n<p data-start=\"2103\" data-end=\"2145\">\u2705 \u0100tra uzl\u0101de, augsta efektivit\u0101te<\/p>\n<\/li>\n<li data-start=\"2146\" data-end=\"2189\">\n<p data-start=\"2148\" data-end=\"2189\">\u2705 Dro\u0161a ekspluat\u0101cija ar vis\u0101m aizsargier\u012bc\u0113m<\/p>\n<\/li>\n<li data-start=\"2190\" data-end=\"2230\">\n<p data-start=\"2192\" data-end=\"2230\">\u2705 Kompakts, bez apkopes<\/p>\n<\/li>\n<\/ul>\n<hr data-start=\"2232\" data-end=\"2235\">\n<p data-start=\"2237\" data-end=\"2374\">\ud83d\udd0c <strong data-start=\"2240\" data-end=\"2304\">Fontem Energy &#8211; gudri risin\u0101jumi j\u016bsu energosist\u0113m\u0101m.<\/strong><br data-start=\"2304\" data-end=\"2307\">\ud83d\udcde Sazinieties un sa\u0146emiet piln\u012bgu risin\u0101jumu j\u016bsu invertoram!<\/p>\n<p data-start=\"2376\" data-end=\"2504\">\ud83d\udee1\ufe0f <strong data-start=\"2380\" data-end=\"2394\">Garantija:<\/strong> 1 gads<\/p>\n","protected":false},"excerpt":{"rendered":"<p><strong>  Specifik\u0101cija<\/strong><\/p>\n<ul>\n<li>Jauda, Ah: <strong>180<\/strong><\/li>\n<li>Spriegums, V: <strong>48<\/strong><\/li>\n<li>Svars, kg: <strong>60<\/strong><\/li>\n<li>Garantija, m\u0113ne\u0161i: <strong>12<\/strong><\/li>\n<li>Garums\u00d7platums\u00d7augstums, cm: <strong> 70\u00d750\u00d720<\/strong><\/li>\n<\/ul>\n","protected":false},"featured_media":3793,"template":"","meta":{"site-sidebar-layout":"default","site-content-layout":"","ast-site-content-layout":"default","site-content-style":"default","site-sidebar-style":"default","ast-global-header-display":"","ast-banner-title-visibility":"","ast-main-header-display":"","ast-hfb-above-header-display":"","ast-hfb-below-header-display":"","ast-hfb-mobile-header-display":"","site-post-title":"","ast-breadcrumbs-content":"","ast-featured-img":"","footer-sml-layout":"","ast-disable-related-posts":"","theme-transparent-header-meta":"default","adv-header-id-meta":"","stick-header-meta":"","header-above-stick-meta":"","header-main-stick-meta":"","header-below-stick-meta":"","astra-migrate-meta-layouts":"default","ast-page-background-enabled":"default","ast-page-background-meta":{"desktop":{"background-color":"","background-image":"","background-repeat":"repeat","background-position":"center center","background-size":"auto","background-attachment":"scroll","background-type":"","background-media":"","overlay-type":"","overlay-color":"","overlay-opacity":"","overlay-gradient":""},"tablet":{"background-color":"","background-image":"","background-repeat":"repeat","background-position":"center center","background-size":"auto","background-attachment":"scroll","background-type":"","background-media":"","overlay-type":"","overlay-color":"","overlay-opacity":"","overlay-gradient":""},"mobile":{"background-color":"","background-image":"","background-repeat":"repeat","background-position":"center center","background-size":"auto","background-attachment":"scroll","background-type":"","background-media":"","overlay-type":"","overlay-color":"","overlay-opacity":"","overlay-gradient":""}},"ast-content-background-meta":{"desktop":{"background-color":"var(--ast-global-color-5)","background-image":"","background-repeat":"repeat","background-position":"center center","background-size":"auto","background-attachment":"scroll","background-type":"","background-media":"","overlay-type":"","overlay-color":"","overlay-opacity":"","overlay-gradient":""},"tablet":{"background-color":"var(--ast-global-color-5)","background-image":"","background-repeat":"repeat","background-position":"center center","background-size":"auto","background-attachment":"scroll","background-type":"","background-media":"","overlay-type":"","overlay-color":"","overlay-opacity":"","overlay-gradient":""},"mobile":{"background-color":"var(--ast-global-color-5)","background-image":"","background-repeat":"repeat","background-position":"center center","background-size":"auto","background-attachment":"scroll","background-type":"","background-media":"","overlay-type":"","overlay-color":"","overlay-opacity":"","overlay-gradient":""}}},"product_brand":[],"product_cat":[149],"product_tag":[],"class_list":{"0":"post-3783","1":"product","2":"type-product","3":"status-publish","4":"has-post-thumbnail","6":"product_cat-litija-akumulatori","7":"pa_itampav-145","8":"pa_talpaah-176","9":"desktop-align-left","10":"tablet-align-left","11":"mobile-align-left","13":"first","14":"instock","15":"taxable","16":"shipping-taxable","17":"purchasable","18":"product-type-simple"},"yoast_head":"<!-- This site is optimized with the Yoast SEO plugin v27.4 - https:\/\/yoast.com\/product\/yoast-seo-wordpress\/ -->\n<title>%Litija akumulatori 48V 180Ah - Lab\u0101k\u0101s cenas Lietuv\u0101<\/title>\n<meta name=\"description\" content=\"Piem\u0113rots pla\u0161am lietojumu kl\u0101stam: elektrotransportl\u012bdzek\u013ciem, saules ener\u0123ijas uzglab\u0101\u0161anas sist\u0113m\u0101m, r\u016bpniecisk\u0101m iek\u0101rt\u0101m un rezerves baro\u0161anas risin\u0101jumiem.\" \/>\n<meta name=\"robots\" content=\"index, follow, max-snippet:-1, max-image-preview:large, max-video-preview:-1\" \/>\n<link rel=\"canonical\" href=\"https:\/\/fontemenergy.lt\/lv\/product\/litija-akumulatori\/litija-akumulatori-48v-180ah\/\" \/>\n<meta property=\"og:locale\" content=\"lv_LV\" \/>\n<meta property=\"og:type\" content=\"article\" \/>\n<meta property=\"og:title\" content=\"%Litija akumulatori 48V 180Ah - Lab\u0101k\u0101s cenas Lietuv\u0101\" \/>\n<meta property=\"og:description\" content=\"Piem\u0113rots pla\u0161am lietojumu kl\u0101stam: elektrotransportl\u012bdzek\u013ciem, saules ener\u0123ijas uzglab\u0101\u0161anas sist\u0113m\u0101m, r\u016bpniecisk\u0101m iek\u0101rt\u0101m un rezerves baro\u0161anas risin\u0101jumiem.\" \/>\n<meta property=\"og:url\" content=\"https:\/\/fontemenergy.lt\/lv\/product\/litija-akumulatori\/litija-akumulatori-48v-180ah\/\" \/>\n<meta property=\"og:site_name\" content=\"Fontem Energy\" \/>\n<meta property=\"og:image\" content=\"https:\/\/fontemenergy.lt\/wp-content\/uploads\/2024\/09\/Licio-akumuliatorius-180Ah-48v.jpeg\" \/>\n\t<meta property=\"og:image:width\" content=\"1200\" \/>\n\t<meta property=\"og:image:height\" content=\"1600\" \/>\n\t<meta property=\"og:image:type\" content=\"image\/jpeg\" \/>\n<meta name=\"twitter:card\" content=\"summary_large_image\" \/>\n<meta name=\"twitter:label1\" content=\"Est. reading time\" \/>\n\t<meta name=\"twitter:data1\" content=\"2 minutes\" \/>\n<script type=\"application\/ld+json\" class=\"yoast-schema-graph\">{\"@context\":\"https:\\\/\\\/schema.org\",\"@graph\":[{\"@type\":\"WebPage\",\"@id\":\"https:\\\/\\\/fontemenergy.lt\\\/lv\\\/product\\\/litija-akumulatori\\\/litija-akumulatori-48v-180ah\\\/\",\"url\":\"https:\\\/\\\/fontemenergy.lt\\\/lv\\\/product\\\/litija-akumulatori\\\/litija-akumulatori-48v-180ah\\\/\",\"name\":\"%Litija akumulatori 48V 180Ah - Lab\u0101k\u0101s cenas Lietuv\u0101\",\"isPartOf\":{\"@id\":\"https:\\\/\\\/fontemenergy.lt\\\/lv\\\/#website\"},\"primaryImageOfPage\":{\"@id\":\"https:\\\/\\\/fontemenergy.lt\\\/lv\\\/product\\\/litija-akumulatori\\\/litija-akumulatori-48v-180ah\\\/#primaryimage\"},\"image\":{\"@id\":\"https:\\\/\\\/fontemenergy.lt\\\/lv\\\/product\\\/litija-akumulatori\\\/litija-akumulatori-48v-180ah\\\/#primaryimage\"},\"thumbnailUrl\":\"https:\\\/\\\/fontemenergy.lt\\\/wp-content\\\/uploads\\\/2024\\\/09\\\/Licio-akumuliatorius-180Ah-48v.jpeg\",\"datePublished\":\"2024-09-13T11:25:08+00:00\",\"description\":\"Piem\u0113rots pla\u0161am lietojumu kl\u0101stam: elektrotransportl\u012bdzek\u013ciem, saules ener\u0123ijas uzglab\u0101\u0161anas sist\u0113m\u0101m, r\u016bpniecisk\u0101m iek\u0101rt\u0101m un rezerves baro\u0161anas risin\u0101jumiem.\",\"breadcrumb\":{\"@id\":\"https:\\\/\\\/fontemenergy.lt\\\/lv\\\/product\\\/litija-akumulatori\\\/litija-akumulatori-48v-180ah\\\/#breadcrumb\"},\"inLanguage\":\"lv-LV\",\"potentialAction\":[{\"@type\":\"ReadAction\",\"target\":[\"https:\\\/\\\/fontemenergy.lt\\\/lv\\\/product\\\/litija-akumulatori\\\/litija-akumulatori-48v-180ah\\\/\"]}]},{\"@type\":\"ImageObject\",\"inLanguage\":\"lv-LV\",\"@id\":\"https:\\\/\\\/fontemenergy.lt\\\/lv\\\/product\\\/litija-akumulatori\\\/litija-akumulatori-48v-180ah\\\/#primaryimage\",\"url\":\"https:\\\/\\\/fontemenergy.lt\\\/wp-content\\\/uploads\\\/2024\\\/09\\\/Licio-akumuliatorius-180Ah-48v.jpeg\",\"contentUrl\":\"https:\\\/\\\/fontemenergy.lt\\\/wp-content\\\/uploads\\\/2024\\\/09\\\/Licio-akumuliatorius-180Ah-48v.jpeg\",\"width\":1200,\"height\":1600,\"caption\":\"Litija jonu akumulators 180Ah 48v\"},{\"@type\":\"BreadcrumbList\",\"@id\":\"https:\\\/\\\/fontemenergy.lt\\\/lv\\\/product\\\/litija-akumulatori\\\/litija-akumulatori-48v-180ah\\\/#breadcrumb\",\"itemListElement\":[{\"@type\":\"ListItem\",\"position\":1,\"name\":\"Home\",\"item\":\"https:\\\/\\\/fontemenergy.lt\\\/lv\\\/sakums\\\/\"},{\"@type\":\"ListItem\",\"position\":2,\"name\":\"Ra\u017eo\u0161ana\",\"item\":\"https:\\\/\\\/fontemenergy.lt\\\/lv\\\/razosana\\\/\"},{\"@type\":\"ListItem\",\"position\":3,\"name\":\"Litija akumulatori 48V 180Ah\"}]},{\"@type\":\"WebSite\",\"@id\":\"https:\\\/\\\/fontemenergy.lt\\\/lv\\\/#website\",\"url\":\"https:\\\/\\\/fontemenergy.lt\\\/lv\\\/\",\"name\":\"Fontem Energy\",\"description\":\"Fontem Energy Website\",\"publisher\":{\"@id\":\"https:\\\/\\\/fontemenergy.lt\\\/lv\\\/#organization\"},\"potentialAction\":[{\"@type\":\"SearchAction\",\"target\":{\"@type\":\"EntryPoint\",\"urlTemplate\":\"https:\\\/\\\/fontemenergy.lt\\\/lv\\\/?s={search_term_string}\"},\"query-input\":{\"@type\":\"PropertyValueSpecification\",\"valueRequired\":true,\"valueName\":\"search_term_string\"}}],\"inLanguage\":\"lv-LV\"},{\"@type\":\"Organization\",\"@id\":\"https:\\\/\\\/fontemenergy.lt\\\/lv\\\/#organization\",\"name\":\"Font Energy\",\"url\":\"https:\\\/\\\/fontemenergy.lt\\\/lv\\\/\",\"logo\":{\"@type\":\"ImageObject\",\"inLanguage\":\"lv-LV\",\"@id\":\"https:\\\/\\\/fontemenergy.lt\\\/lv\\\/#\\\/schema\\\/logo\\\/image\\\/\",\"url\":\"https:\\\/\\\/fontemenergy.lt\\\/wp-content\\\/uploads\\\/2024\\\/06\\\/Transparent-Logo-2-1-1.png\",\"contentUrl\":\"https:\\\/\\\/fontemenergy.lt\\\/wp-content\\\/uploads\\\/2024\\\/06\\\/Transparent-Logo-2-1-1.png\",\"width\":972,\"height\":400,\"caption\":\"Font Energy\"},\"image\":{\"@id\":\"https:\\\/\\\/fontemenergy.lt\\\/lv\\\/#\\\/schema\\\/logo\\\/image\\\/\"}}]}<\/script>\n<!-- \/ Yoast SEO plugin. -->","yoast_head_json":{"title":"%Litija akumulatori 48V 180Ah - Lab\u0101k\u0101s cenas Lietuv\u0101","description":"Piem\u0113rots pla\u0161am lietojumu kl\u0101stam: elektrotransportl\u012bdzek\u013ciem, saules ener\u0123ijas uzglab\u0101\u0161anas sist\u0113m\u0101m, r\u016bpniecisk\u0101m iek\u0101rt\u0101m un rezerves baro\u0161anas risin\u0101jumiem.","robots":{"index":"index","follow":"follow","max-snippet":"max-snippet:-1","max-image-preview":"max-image-preview:large","max-video-preview":"max-video-preview:-1"},"canonical":"https:\/\/fontemenergy.lt\/lv\/product\/litija-akumulatori\/litija-akumulatori-48v-180ah\/","og_locale":"lv_LV","og_type":"article","og_title":"%Litija akumulatori 48V 180Ah - Lab\u0101k\u0101s cenas Lietuv\u0101","og_description":"Piem\u0113rots pla\u0161am lietojumu kl\u0101stam: elektrotransportl\u012bdzek\u013ciem, saules ener\u0123ijas uzglab\u0101\u0161anas sist\u0113m\u0101m, r\u016bpniecisk\u0101m iek\u0101rt\u0101m un rezerves baro\u0161anas risin\u0101jumiem.","og_url":"https:\/\/fontemenergy.lt\/lv\/product\/litija-akumulatori\/litija-akumulatori-48v-180ah\/","og_site_name":"Fontem Energy","og_image":[{"width":1200,"height":1600,"url":"https:\/\/fontemenergy.lt\/wp-content\/uploads\/2024\/09\/Licio-akumuliatorius-180Ah-48v.jpeg","type":"image\/jpeg"}],"twitter_card":"summary_large_image","twitter_misc":{"Est. reading time":"2 minutes"},"schema":{"@context":"https:\/\/schema.org","@graph":[{"@type":"WebPage","@id":"https:\/\/fontemenergy.lt\/lv\/product\/litija-akumulatori\/litija-akumulatori-48v-180ah\/","url":"https:\/\/fontemenergy.lt\/lv\/product\/litija-akumulatori\/litija-akumulatori-48v-180ah\/","name":"%Litija akumulatori 48V 180Ah - Lab\u0101k\u0101s cenas Lietuv\u0101","isPartOf":{"@id":"https:\/\/fontemenergy.lt\/lv\/#website"},"primaryImageOfPage":{"@id":"https:\/\/fontemenergy.lt\/lv\/product\/litija-akumulatori\/litija-akumulatori-48v-180ah\/#primaryimage"},"image":{"@id":"https:\/\/fontemenergy.lt\/lv\/product\/litija-akumulatori\/litija-akumulatori-48v-180ah\/#primaryimage"},"thumbnailUrl":"https:\/\/fontemenergy.lt\/wp-content\/uploads\/2024\/09\/Licio-akumuliatorius-180Ah-48v.jpeg","datePublished":"2024-09-13T11:25:08+00:00","description":"Piem\u0113rots pla\u0161am lietojumu kl\u0101stam: elektrotransportl\u012bdzek\u013ciem, saules ener\u0123ijas uzglab\u0101\u0161anas sist\u0113m\u0101m, r\u016bpniecisk\u0101m iek\u0101rt\u0101m un rezerves baro\u0161anas risin\u0101jumiem.","breadcrumb":{"@id":"https:\/\/fontemenergy.lt\/lv\/product\/litija-akumulatori\/litija-akumulatori-48v-180ah\/#breadcrumb"},"inLanguage":"lv-LV","potentialAction":[{"@type":"ReadAction","target":["https:\/\/fontemenergy.lt\/lv\/product\/litija-akumulatori\/litija-akumulatori-48v-180ah\/"]}]},{"@type":"ImageObject","inLanguage":"lv-LV","@id":"https:\/\/fontemenergy.lt\/lv\/product\/litija-akumulatori\/litija-akumulatori-48v-180ah\/#primaryimage","url":"https:\/\/fontemenergy.lt\/wp-content\/uploads\/2024\/09\/Licio-akumuliatorius-180Ah-48v.jpeg","contentUrl":"https:\/\/fontemenergy.lt\/wp-content\/uploads\/2024\/09\/Licio-akumuliatorius-180Ah-48v.jpeg","width":1200,"height":1600,"caption":"Litija jonu akumulators 180Ah 48v"},{"@type":"BreadcrumbList","@id":"https:\/\/fontemenergy.lt\/lv\/product\/litija-akumulatori\/litija-akumulatori-48v-180ah\/#breadcrumb","itemListElement":[{"@type":"ListItem","position":1,"name":"Home","item":"https:\/\/fontemenergy.lt\/lv\/sakums\/"},{"@type":"ListItem","position":2,"name":"Ra\u017eo\u0161ana","item":"https:\/\/fontemenergy.lt\/lv\/razosana\/"},{"@type":"ListItem","position":3,"name":"Litija akumulatori 48V 180Ah"}]},{"@type":"WebSite","@id":"https:\/\/fontemenergy.lt\/lv\/#website","url":"https:\/\/fontemenergy.lt\/lv\/","name":"Fontem Energy","description":"Fontem Energy Website","publisher":{"@id":"https:\/\/fontemenergy.lt\/lv\/#organization"},"potentialAction":[{"@type":"SearchAction","target":{"@type":"EntryPoint","urlTemplate":"https:\/\/fontemenergy.lt\/lv\/?s={search_term_string}"},"query-input":{"@type":"PropertyValueSpecification","valueRequired":true,"valueName":"search_term_string"}}],"inLanguage":"lv-LV"},{"@type":"Organization","@id":"https:\/\/fontemenergy.lt\/lv\/#organization","name":"Font Energy","url":"https:\/\/fontemenergy.lt\/lv\/","logo":{"@type":"ImageObject","inLanguage":"lv-LV","@id":"https:\/\/fontemenergy.lt\/lv\/#\/schema\/logo\/image\/","url":"https:\/\/fontemenergy.lt\/wp-content\/uploads\/2024\/06\/Transparent-Logo-2-1-1.png","contentUrl":"https:\/\/fontemenergy.lt\/wp-content\/uploads\/2024\/06\/Transparent-Logo-2-1-1.png","width":972,"height":400,"caption":"Font Energy"},"image":{"@id":"https:\/\/fontemenergy.lt\/lv\/#\/schema\/logo\/image\/"}}]}},"_links":{"self":[{"href":"https:\/\/fontemenergy.lt\/lv\/wp-json\/wp\/v2\/product\/3783","targetHints":{"allow":["GET"]}}],"collection":[{"href":"https:\/\/fontemenergy.lt\/lv\/wp-json\/wp\/v2\/product"}],"about":[{"href":"https:\/\/fontemenergy.lt\/lv\/wp-json\/wp\/v2\/types\/product"}],"wp:featuredmedia":[{"embeddable":true,"href":"https:\/\/fontemenergy.lt\/lv\/wp-json\/wp\/v2\/media\/3793"}],"wp:attachment":[{"href":"https:\/\/fontemenergy.lt\/lv\/wp-json\/wp\/v2\/media?parent=3783"}],"wp:term":[{"taxonomy":"product_brand","embeddable":true,"href":"https:\/\/fontemenergy.lt\/lv\/wp-json\/wp\/v2\/product_brand?post=3783"},{"taxonomy":"product_cat","embeddable":true,"href":"https:\/\/fontemenergy.lt\/lv\/wp-json\/wp\/v2\/product_cat?post=3783"},{"taxonomy":"product_tag","embeddable":true,"href":"https:\/\/fontemenergy.lt\/lv\/wp-json\/wp\/v2\/product_tag?post=3783"}],"curies":[{"name":"wp","href":"https:\/\/api.w.org\/{rel}","templated":true}]}}