{"id":3741,"date":"2024-09-13T13:15:53","date_gmt":"2024-09-13T10:15:53","guid":{"rendered":"https:\/\/fontemenergy.lt\/produkcija\/uncategorized\/litija-akumulatori-12v-120ah\/"},"modified":"2024-09-13T13:15:53","modified_gmt":"2024-09-13T10:15:53","slug":"litija-akumulatori-12v-120ah","status":"publish","type":"product","link":"https:\/\/fontemenergy.lt\/lv\/product\/litija-akumulatori\/litija-akumulatori-12v-120ah\/","title":{"rendered":"Litija akumulatori 12V 120Ah"},"content":{"rendered":"<p data-start=\"123\" data-end=\"325\">\ud83d\udd0b <strong data-start=\"126\" data-end=\"207\">Li-ion 12V 120Ah akumulators &#8211; uzticama un kompakta jauda j\u016bsu projektiem!<\/strong><br data-start=\"207\" data-end=\"210\">Ide\u0101li piem\u0113rots <strong data-start=\"225\" data-end=\"239\">kempingiem<\/strong>, <strong data-start=\"241\" data-end=\"252\">laiv\u0101m<\/strong>, <strong data-start=\"254\" data-end=\"276\">saules elektrostacij\u0101m<\/strong>, <strong data-start=\"278\" data-end=\"300\">bezvadu sist\u0113m\u0101m<\/strong> un <strong data-start=\"304\" data-end=\"324\">mobil\u0101m iek\u0101rt\u0101m<\/strong>.<\/p>\n<hr data-start=\"327\" data-end=\"330\">\n<p data-start=\"332\" data-end=\"679\">\u26a1 <strong data-start=\"334\" data-end=\"362\">Galven\u0101s priek\u0161roc\u012bbas:<\/strong><br data-start=\"362\" data-end=\"365\">\u2705 Kapacit\u0101te: <strong data-start=\"374\" data-end=\"392\">120Ah (1536Wh)<\/strong> &#8211; pietiek vis\u0101m pamatvajadz\u012bb\u0101m<br data-start=\"438\" data-end=\"441\">\u2705 Nomin\u0101lais spriegums: <strong data-start=\"460\" data-end=\"469\">12,8V<\/strong><br data-start=\"469\" data-end=\"472\">\u2705 Maks. <strong data-start=\"496\" data-end=\"503\">60A<\/strong><br data-start=\"503\" data-end=\"506\">\u2705 Nep\u0101rtraukta izl\u0101des str\u0101va: <strong data-start=\"535\" data-end=\"543\">100A<\/strong><br data-start=\"543\" data-end=\"546\">\u2705 Uzl\u0101des spriegums: <strong data-start=\"565\" data-end=\"574\">14,4V<\/strong><br data-start=\"574\" data-end=\"577\">\u2705 Kompakts un viegls risin\u0101jums &#8211; ~13-15 kg<br data-start=\"625\" data-end=\"628\">\u2705 Kalpo\u0161anas laiks:<strong data-start=\"652\" data-end=\"666\">5000 ciklu<\/strong> (paliek 80% jaudas). <\/p>\n<hr data-start=\"681\" data-end=\"684\">\n<p data-start=\"686\" data-end=\"723\">\ud83d\udee1\ufe0f <strong data-start=\"690\" data-end=\"721\">Integr\u0113ta BMS aizsardz\u012bba pret:<\/strong><\/p>\n<ul data-start=\"724\" data-end=\"825\">\n<li data-start=\"724\" data-end=\"738\">\n<p data-start=\"726\" data-end=\"738\">P\u0101rkrau\u0161ana<\/p>\n<\/li>\n<li data-start=\"739\" data-end=\"756\">\n<p data-start=\"741\" data-end=\"756\">Izkrau\u0161anas laik\u0101<\/p>\n<\/li>\n<li data-start=\"757\" data-end=\"777\">\n<p data-start=\"759\" data-end=\"777\">\u012assavienojums<\/p>\n<\/li>\n<li data-start=\"778\" data-end=\"804\">\n<p data-start=\"780\" data-end=\"804\">Temperat\u016bras sv\u0101rst\u012bbas<\/p>\n<\/li>\n<li data-start=\"805\" data-end=\"825\">\n<p data-start=\"807\" data-end=\"825\">P\u0101rm\u0113r\u012bgas str\u0101vas<\/p>\n<\/li>\n<\/ul>\n<hr data-start=\"827\" data-end=\"830\">\n<p data-start=\"832\" data-end=\"1050\">\ud83c\udf3f <strong data-start=\"835\" data-end=\"863\">Videi draudz\u012bgs dizains:<\/strong><br data-start=\"863\" data-end=\"866\"><strong data-start=\"866\" data-end=\"987\">LiFePO4 tehnolo\u0123ija ir t\u012br\u0101ka un videi draudz\u012bg\u0101ka par svina-sk\u0101bes alternat\u012bv\u0101m, izgatavota no p\u0101rstr\u0101d\u0101jamiem materi\u0101liem.<\/strong><br data-start=\"987\" data-end=\"990\">Nesatur sk\u0101bes un tvaikus &#8211; pat jut\u012bg\u0101 vid\u0113.<\/p>\n<hr data-start=\"1052\" data-end=\"1055\">\n<p data-start=\"1057\" data-end=\"1464\">\ud83d\udd0c <strong data-start=\"1060\" data-end=\"1110\">K\u0101p\u0113c izv\u0113l\u0113ties Li-ion 12V 120Ah akumulatoru<\/strong>?<br data-start=\"1110\" data-end=\"1113\">\u2705 Kompakts un jaud\u012bgs &#8211; ide\u0101li piem\u0113rots viet\u0101m, kur svar\u012bgs svars un izm\u0113rs<br data-start=\"1183\" data-end=\"1186\">\u2705 100% izmantojam\u0101 ietilp\u012bba &#8211; vair\u0101k jaudas taj\u0101 pa\u0161\u0101 telp\u0101<br data-start=\"1249\" data-end=\"1252\">\u2705 \u0100tra uzl\u0101de &#8211; sader\u012bgs ar saules ener\u0123ijas kontrolieriem, invertoriem, \u0123eneratoriem<br data-start=\"1335\" data-end=\"1338\">\u2705 Bez apkopes &#8211; aizmirstiet par \u0161\u0137idrumiem un apkopi<br data-start=\"1402\" data-end=\"1405\">\u2705 Darbojas pat ekstrem\u0101los apst\u0101k\u013cos &#8211; no -20\u00b0C l\u012bdz +60\u00b0C<\/p>\n<hr data-start=\"1466\" data-end=\"1469\">\n<p data-start=\"1471\" data-end=\"1577\">\ud83d\udce6 <strong data-start=\"1474\" data-end=\"1488\">Garantija:<\/strong> 1 gads<br data-start=\"1496\" data-end=\"1499\">\ud83d\udcb6 <strong data-start=\"1502\" data-end=\"1512\">Cena:<\/strong> <strong data-start=\"1517\" data-end=\"1526\">320 \u20ac<\/strong><\/p>\n<p data-start=\"1579\" data-end=\"1719\">\ud83d\udcf2 <strong data-start=\"1582\" data-end=\"1640\">Sazinieties un sa\u0146emiet risin\u0101jumu sav\u0101m vajadz\u012bb\u0101m!<\/strong><br data-start=\"1640\" data-end=\"1643\"><strong data-start=\"1643\" data-end=\"1660\">Fontem Energy<\/strong> &#8211; kad mobilajai ener\u0123ijai ir nepiecie\u0161ams vair\u0101k nek\u0101 tikai baterijas.<\/p>\n","protected":false},"excerpt":{"rendered":"<p><strong>  Specifik\u0101cija<\/strong><\/p>\n<ul>\n<li>Jauda, Ah: <strong>120<\/strong><\/li>\n<li>Spriegums, V: <strong>12<\/strong><\/li>\n<li>Svars, kg: <strong>10<\/strong><\/li>\n<li>Garantija, m\u0113ne\u0161i: <strong>12<\/strong><\/li>\n<li>Garums \u00d7 platums \u00d7 augstums, cm: <strong>40\u00d717\u00d720<\/strong><\/li>\n<\/ul>\n","protected":false},"featured_media":3745,"template":"","meta":{"site-sidebar-layout":"default","site-content-layout":"","ast-site-content-layout":"default","site-content-style":"default","site-sidebar-style":"default","ast-global-header-display":"","ast-banner-title-visibility":"","ast-main-header-display":"","ast-hfb-above-header-display":"","ast-hfb-below-header-display":"","ast-hfb-mobile-header-display":"","site-post-title":"","ast-breadcrumbs-content":"","ast-featured-img":"","footer-sml-layout":"","ast-disable-related-posts":"","theme-transparent-header-meta":"default","adv-header-id-meta":"","stick-header-meta":"","header-above-stick-meta":"","header-main-stick-meta":"","header-below-stick-meta":"","astra-migrate-meta-layouts":"default","ast-page-background-enabled":"default","ast-page-background-meta":{"desktop":{"background-color":"","background-image":"","background-repeat":"repeat","background-position":"center center","background-size":"auto","background-attachment":"scroll","background-type":"","background-media":"","overlay-type":"","overlay-color":"","overlay-opacity":"","overlay-gradient":""},"tablet":{"background-color":"","background-image":"","background-repeat":"repeat","background-position":"center center","background-size":"auto","background-attachment":"scroll","background-type":"","background-media":"","overlay-type":"","overlay-color":"","overlay-opacity":"","overlay-gradient":""},"mobile":{"background-color":"","background-image":"","background-repeat":"repeat","background-position":"center center","background-size":"auto","background-attachment":"scroll","background-type":"","background-media":"","overlay-type":"","overlay-color":"","overlay-opacity":"","overlay-gradient":""}},"ast-content-background-meta":{"desktop":{"background-color":"var(--ast-global-color-5)","background-image":"","background-repeat":"repeat","background-position":"center center","background-size":"auto","background-attachment":"scroll","background-type":"","background-media":"","overlay-type":"","overlay-color":"","overlay-opacity":"","overlay-gradient":""},"tablet":{"background-color":"var(--ast-global-color-5)","background-image":"","background-repeat":"repeat","background-position":"center center","background-size":"auto","background-attachment":"scroll","background-type":"","background-media":"","overlay-type":"","overlay-color":"","overlay-opacity":"","overlay-gradient":""},"mobile":{"background-color":"var(--ast-global-color-5)","background-image":"","background-repeat":"repeat","background-position":"center center","background-size":"auto","background-attachment":"scroll","background-type":"","background-media":"","overlay-type":"","overlay-color":"","overlay-opacity":"","overlay-gradient":""}}},"product_brand":[],"product_cat":[149],"product_tag":[],"class_list":{"0":"post-3741","1":"product","2":"type-product","3":"status-publish","4":"has-post-thumbnail","6":"product_cat-litija-akumulatori","7":"pa_itampav-156","8":"pa_talpaah-173","9":"desktop-align-left","10":"tablet-align-left","11":"mobile-align-left","13":"first","14":"instock","15":"taxable","16":"shipping-taxable","17":"purchasable","18":"product-type-simple"},"yoast_head":"<!-- This site is optimized with the Yoast SEO plugin v27.4 - https:\/\/yoast.com\/product\/yoast-seo-wordpress\/ -->\n<title>%Litija akumulatori 12V 120Ah - Lab\u0101k\u0101 cena un kvalit\u0101te -% %<\/title>\n<meta name=\"description\" content=\"Augstas veiktsp\u0113jas, dzi\u013ca cikla baro\u0161anas risin\u0101jums pla\u0161am ener\u0123ijas pielietojumu kl\u0101stam. Akumulator\u0101 ir ieb\u016bv\u0113ta Apvienot\u0101s Karalistes BMS funkcija,\" \/>\n<meta name=\"robots\" content=\"index, follow, max-snippet:-1, max-image-preview:large, max-video-preview:-1\" \/>\n<link rel=\"canonical\" href=\"https:\/\/fontemenergy.lt\/lv\/product\/litija-akumulatori\/litija-akumulatori-12v-120ah\/\" \/>\n<meta property=\"og:locale\" content=\"lv_LV\" \/>\n<meta property=\"og:type\" content=\"article\" \/>\n<meta property=\"og:title\" content=\"%Litija akumulatori 12V 120Ah - Lab\u0101k\u0101 cena un kvalit\u0101te -% %\" \/>\n<meta property=\"og:description\" content=\"Augstas veiktsp\u0113jas, dzi\u013ca cikla baro\u0161anas risin\u0101jums pla\u0161am ener\u0123ijas pielietojumu kl\u0101stam. Akumulator\u0101 ir ieb\u016bv\u0113ta Apvienot\u0101s Karalistes BMS funkcija,\" \/>\n<meta property=\"og:url\" content=\"https:\/\/fontemenergy.lt\/lv\/product\/litija-akumulatori\/litija-akumulatori-12v-120ah\/\" \/>\n<meta property=\"og:site_name\" content=\"Fontem Energy\" \/>\n<meta property=\"og:image\" content=\"https:\/\/fontemenergy.lt\/wp-content\/uploads\/2024\/09\/Licio-akumuliatorius-12v-120ah.jpeg\" \/>\n\t<meta property=\"og:image:width\" content=\"1200\" \/>\n\t<meta property=\"og:image:height\" content=\"1600\" \/>\n\t<meta property=\"og:image:type\" content=\"image\/jpeg\" \/>\n<meta name=\"twitter:card\" content=\"summary_large_image\" \/>\n<meta name=\"twitter:label1\" content=\"Est. reading time\" \/>\n\t<meta name=\"twitter:data1\" content=\"1 minute\" \/>\n<script type=\"application\/ld+json\" class=\"yoast-schema-graph\">{\"@context\":\"https:\\\/\\\/schema.org\",\"@graph\":[{\"@type\":\"WebPage\",\"@id\":\"https:\\\/\\\/fontemenergy.lt\\\/lv\\\/product\\\/litija-akumulatori\\\/litija-akumulatori-12v-120ah\\\/\",\"url\":\"https:\\\/\\\/fontemenergy.lt\\\/lv\\\/product\\\/litija-akumulatori\\\/litija-akumulatori-12v-120ah\\\/\",\"name\":\"%Litija akumulatori 12V 120Ah - Lab\u0101k\u0101 cena un kvalit\u0101te -% %\",\"isPartOf\":{\"@id\":\"https:\\\/\\\/fontemenergy.lt\\\/lv\\\/#website\"},\"primaryImageOfPage\":{\"@id\":\"https:\\\/\\\/fontemenergy.lt\\\/lv\\\/product\\\/litija-akumulatori\\\/litija-akumulatori-12v-120ah\\\/#primaryimage\"},\"image\":{\"@id\":\"https:\\\/\\\/fontemenergy.lt\\\/lv\\\/product\\\/litija-akumulatori\\\/litija-akumulatori-12v-120ah\\\/#primaryimage\"},\"thumbnailUrl\":\"https:\\\/\\\/fontemenergy.lt\\\/wp-content\\\/uploads\\\/2024\\\/09\\\/Licio-akumuliatorius-12v-120ah.jpeg\",\"datePublished\":\"2024-09-13T10:15:53+00:00\",\"description\":\"Augstas veiktsp\u0113jas, dzi\u013ca cikla baro\u0161anas risin\u0101jums pla\u0161am ener\u0123ijas pielietojumu kl\u0101stam. Akumulator\u0101 ir ieb\u016bv\u0113ta Apvienot\u0101s Karalistes BMS funkcija,\",\"breadcrumb\":{\"@id\":\"https:\\\/\\\/fontemenergy.lt\\\/lv\\\/product\\\/litija-akumulatori\\\/litija-akumulatori-12v-120ah\\\/#breadcrumb\"},\"inLanguage\":\"lv-LV\",\"potentialAction\":[{\"@type\":\"ReadAction\",\"target\":[\"https:\\\/\\\/fontemenergy.lt\\\/lv\\\/product\\\/litija-akumulatori\\\/litija-akumulatori-12v-120ah\\\/\"]}]},{\"@type\":\"ImageObject\",\"inLanguage\":\"lv-LV\",\"@id\":\"https:\\\/\\\/fontemenergy.lt\\\/lv\\\/product\\\/litija-akumulatori\\\/litija-akumulatori-12v-120ah\\\/#primaryimage\",\"url\":\"https:\\\/\\\/fontemenergy.lt\\\/wp-content\\\/uploads\\\/2024\\\/09\\\/Licio-akumuliatorius-12v-120ah.jpeg\",\"contentUrl\":\"https:\\\/\\\/fontemenergy.lt\\\/wp-content\\\/uploads\\\/2024\\\/09\\\/Licio-akumuliatorius-12v-120ah.jpeg\",\"width\":1200,\"height\":1600,\"caption\":\"Litija jonu akumulators 12v 120ah\"},{\"@type\":\"BreadcrumbList\",\"@id\":\"https:\\\/\\\/fontemenergy.lt\\\/lv\\\/product\\\/litija-akumulatori\\\/litija-akumulatori-12v-120ah\\\/#breadcrumb\",\"itemListElement\":[{\"@type\":\"ListItem\",\"position\":1,\"name\":\"Home\",\"item\":\"https:\\\/\\\/fontemenergy.lt\\\/lv\\\/sakums\\\/\"},{\"@type\":\"ListItem\",\"position\":2,\"name\":\"Ra\u017eo\u0161ana\",\"item\":\"https:\\\/\\\/fontemenergy.lt\\\/lv\\\/razosana\\\/\"},{\"@type\":\"ListItem\",\"position\":3,\"name\":\"Litija akumulatori 12V 120Ah\"}]},{\"@type\":\"WebSite\",\"@id\":\"https:\\\/\\\/fontemenergy.lt\\\/lv\\\/#website\",\"url\":\"https:\\\/\\\/fontemenergy.lt\\\/lv\\\/\",\"name\":\"Fontem Energy\",\"description\":\"Fontem Energy Website\",\"publisher\":{\"@id\":\"https:\\\/\\\/fontemenergy.lt\\\/lv\\\/#organization\"},\"potentialAction\":[{\"@type\":\"SearchAction\",\"target\":{\"@type\":\"EntryPoint\",\"urlTemplate\":\"https:\\\/\\\/fontemenergy.lt\\\/lv\\\/?s={search_term_string}\"},\"query-input\":{\"@type\":\"PropertyValueSpecification\",\"valueRequired\":true,\"valueName\":\"search_term_string\"}}],\"inLanguage\":\"lv-LV\"},{\"@type\":\"Organization\",\"@id\":\"https:\\\/\\\/fontemenergy.lt\\\/lv\\\/#organization\",\"name\":\"Font Energy\",\"url\":\"https:\\\/\\\/fontemenergy.lt\\\/lv\\\/\",\"logo\":{\"@type\":\"ImageObject\",\"inLanguage\":\"lv-LV\",\"@id\":\"https:\\\/\\\/fontemenergy.lt\\\/lv\\\/#\\\/schema\\\/logo\\\/image\\\/\",\"url\":\"https:\\\/\\\/fontemenergy.lt\\\/wp-content\\\/uploads\\\/2024\\\/06\\\/Transparent-Logo-2-1-1.png\",\"contentUrl\":\"https:\\\/\\\/fontemenergy.lt\\\/wp-content\\\/uploads\\\/2024\\\/06\\\/Transparent-Logo-2-1-1.png\",\"width\":972,\"height\":400,\"caption\":\"Font Energy\"},\"image\":{\"@id\":\"https:\\\/\\\/fontemenergy.lt\\\/lv\\\/#\\\/schema\\\/logo\\\/image\\\/\"}}]}<\/script>\n<!-- \/ Yoast SEO plugin. -->","yoast_head_json":{"title":"%Litija akumulatori 12V 120Ah - Lab\u0101k\u0101 cena un kvalit\u0101te -% %","description":"Augstas veiktsp\u0113jas, dzi\u013ca cikla baro\u0161anas risin\u0101jums pla\u0161am ener\u0123ijas pielietojumu kl\u0101stam. Akumulator\u0101 ir ieb\u016bv\u0113ta Apvienot\u0101s Karalistes BMS funkcija,","robots":{"index":"index","follow":"follow","max-snippet":"max-snippet:-1","max-image-preview":"max-image-preview:large","max-video-preview":"max-video-preview:-1"},"canonical":"https:\/\/fontemenergy.lt\/lv\/product\/litija-akumulatori\/litija-akumulatori-12v-120ah\/","og_locale":"lv_LV","og_type":"article","og_title":"%Litija akumulatori 12V 120Ah - Lab\u0101k\u0101 cena un kvalit\u0101te -% %","og_description":"Augstas veiktsp\u0113jas, dzi\u013ca cikla baro\u0161anas risin\u0101jums pla\u0161am ener\u0123ijas pielietojumu kl\u0101stam. Akumulator\u0101 ir ieb\u016bv\u0113ta Apvienot\u0101s Karalistes BMS funkcija,","og_url":"https:\/\/fontemenergy.lt\/lv\/product\/litija-akumulatori\/litija-akumulatori-12v-120ah\/","og_site_name":"Fontem Energy","og_image":[{"width":1200,"height":1600,"url":"https:\/\/fontemenergy.lt\/wp-content\/uploads\/2024\/09\/Licio-akumuliatorius-12v-120ah.jpeg","type":"image\/jpeg"}],"twitter_card":"summary_large_image","twitter_misc":{"Est. reading time":"1 minute"},"schema":{"@context":"https:\/\/schema.org","@graph":[{"@type":"WebPage","@id":"https:\/\/fontemenergy.lt\/lv\/product\/litija-akumulatori\/litija-akumulatori-12v-120ah\/","url":"https:\/\/fontemenergy.lt\/lv\/product\/litija-akumulatori\/litija-akumulatori-12v-120ah\/","name":"%Litija akumulatori 12V 120Ah - Lab\u0101k\u0101 cena un kvalit\u0101te -% %","isPartOf":{"@id":"https:\/\/fontemenergy.lt\/lv\/#website"},"primaryImageOfPage":{"@id":"https:\/\/fontemenergy.lt\/lv\/product\/litija-akumulatori\/litija-akumulatori-12v-120ah\/#primaryimage"},"image":{"@id":"https:\/\/fontemenergy.lt\/lv\/product\/litija-akumulatori\/litija-akumulatori-12v-120ah\/#primaryimage"},"thumbnailUrl":"https:\/\/fontemenergy.lt\/wp-content\/uploads\/2024\/09\/Licio-akumuliatorius-12v-120ah.jpeg","datePublished":"2024-09-13T10:15:53+00:00","description":"Augstas veiktsp\u0113jas, dzi\u013ca cikla baro\u0161anas risin\u0101jums pla\u0161am ener\u0123ijas pielietojumu kl\u0101stam. Akumulator\u0101 ir ieb\u016bv\u0113ta Apvienot\u0101s Karalistes BMS funkcija,","breadcrumb":{"@id":"https:\/\/fontemenergy.lt\/lv\/product\/litija-akumulatori\/litija-akumulatori-12v-120ah\/#breadcrumb"},"inLanguage":"lv-LV","potentialAction":[{"@type":"ReadAction","target":["https:\/\/fontemenergy.lt\/lv\/product\/litija-akumulatori\/litija-akumulatori-12v-120ah\/"]}]},{"@type":"ImageObject","inLanguage":"lv-LV","@id":"https:\/\/fontemenergy.lt\/lv\/product\/litija-akumulatori\/litija-akumulatori-12v-120ah\/#primaryimage","url":"https:\/\/fontemenergy.lt\/wp-content\/uploads\/2024\/09\/Licio-akumuliatorius-12v-120ah.jpeg","contentUrl":"https:\/\/fontemenergy.lt\/wp-content\/uploads\/2024\/09\/Licio-akumuliatorius-12v-120ah.jpeg","width":1200,"height":1600,"caption":"Litija jonu akumulators 12v 120ah"},{"@type":"BreadcrumbList","@id":"https:\/\/fontemenergy.lt\/lv\/product\/litija-akumulatori\/litija-akumulatori-12v-120ah\/#breadcrumb","itemListElement":[{"@type":"ListItem","position":1,"name":"Home","item":"https:\/\/fontemenergy.lt\/lv\/sakums\/"},{"@type":"ListItem","position":2,"name":"Ra\u017eo\u0161ana","item":"https:\/\/fontemenergy.lt\/lv\/razosana\/"},{"@type":"ListItem","position":3,"name":"Litija akumulatori 12V 120Ah"}]},{"@type":"WebSite","@id":"https:\/\/fontemenergy.lt\/lv\/#website","url":"https:\/\/fontemenergy.lt\/lv\/","name":"Fontem Energy","description":"Fontem Energy Website","publisher":{"@id":"https:\/\/fontemenergy.lt\/lv\/#organization"},"potentialAction":[{"@type":"SearchAction","target":{"@type":"EntryPoint","urlTemplate":"https:\/\/fontemenergy.lt\/lv\/?s={search_term_string}"},"query-input":{"@type":"PropertyValueSpecification","valueRequired":true,"valueName":"search_term_string"}}],"inLanguage":"lv-LV"},{"@type":"Organization","@id":"https:\/\/fontemenergy.lt\/lv\/#organization","name":"Font Energy","url":"https:\/\/fontemenergy.lt\/lv\/","logo":{"@type":"ImageObject","inLanguage":"lv-LV","@id":"https:\/\/fontemenergy.lt\/lv\/#\/schema\/logo\/image\/","url":"https:\/\/fontemenergy.lt\/wp-content\/uploads\/2024\/06\/Transparent-Logo-2-1-1.png","contentUrl":"https:\/\/fontemenergy.lt\/wp-content\/uploads\/2024\/06\/Transparent-Logo-2-1-1.png","width":972,"height":400,"caption":"Font Energy"},"image":{"@id":"https:\/\/fontemenergy.lt\/lv\/#\/schema\/logo\/image\/"}}]}},"_links":{"self":[{"href":"https:\/\/fontemenergy.lt\/lv\/wp-json\/wp\/v2\/product\/3741","targetHints":{"allow":["GET"]}}],"collection":[{"href":"https:\/\/fontemenergy.lt\/lv\/wp-json\/wp\/v2\/product"}],"about":[{"href":"https:\/\/fontemenergy.lt\/lv\/wp-json\/wp\/v2\/types\/product"}],"wp:featuredmedia":[{"embeddable":true,"href":"https:\/\/fontemenergy.lt\/lv\/wp-json\/wp\/v2\/media\/3745"}],"wp:attachment":[{"href":"https:\/\/fontemenergy.lt\/lv\/wp-json\/wp\/v2\/media?parent=3741"}],"wp:term":[{"taxonomy":"product_brand","embeddable":true,"href":"https:\/\/fontemenergy.lt\/lv\/wp-json\/wp\/v2\/product_brand?post=3741"},{"taxonomy":"product_cat","embeddable":true,"href":"https:\/\/fontemenergy.lt\/lv\/wp-json\/wp\/v2\/product_cat?post=3741"},{"taxonomy":"product_tag","embeddable":true,"href":"https:\/\/fontemenergy.lt\/lv\/wp-json\/wp\/v2\/product_tag?post=3741"}],"curies":[{"name":"wp","href":"https:\/\/api.w.org\/{rel}","templated":true}]}}