{"id":3727,"date":"2024-09-13T12:59:12","date_gmt":"2024-09-13T09:59:12","guid":{"rendered":"https:\/\/fontemenergy.lt\/produkcija\/uncategorized\/litija-akumulatori-12v-100ah\/"},"modified":"2024-09-13T12:59:12","modified_gmt":"2024-09-13T09:59:12","slug":"litija-akumulatori-12v-100ah","status":"publish","type":"product","link":"https:\/\/fontemenergy.lt\/lv\/product\/litija-akumulatori\/litija-akumulatori-12v-100ah\/","title":{"rendered":"Litija akumulatori 12V 100Ah"},"content":{"rendered":"<p data-start=\"206\" data-end=\"297\"><strong data-start=\"212\" data-end=\"297\">12V 100Ah litija jonu akumulators &#8211; kompakts ener\u0123ijas risin\u0101jums mak\u0161\u0137er\u0113\u0161anai un ne tikai!<\/strong><\/p>\n<p data-start=\"299\" data-end=\"389\">Efekt\u012bvs, viegls un uzticams &#8211; ide\u0101li piem\u0113rots zvejai, kempingiem un saules ener\u0123ijas sist\u0113m\u0101m.<\/p>\n<hr data-start=\"391\" data-end=\"394\">\n<h3 data-start=\"396\" data-end=\"435\">\u2705 K\u0101p\u0113c izv\u0113l\u0113ties \u0161o akumulatoru?<\/h3>\n<ul data-start=\"437\" data-end=\"835\">\n<li data-start=\"437\" data-end=\"507\">\n<p data-start=\"439\" data-end=\"507\">\ud83d\udd0b <strong data-start=\"442\" data-end=\"474\">Augstas kvalit\u0101tes litija jonu elementi<\/strong> &#8211; ilgs kalpo\u0161anas laiks un stabilit\u0101te<\/p>\n<\/li>\n<li data-start=\"508\" data-end=\"584\">\n<p data-start=\"510\" data-end=\"584\">\u2699\ufe0f <strong data-start=\"513\" data-end=\"556\">UK BMS kontrolieris ar akt\u012bvu balans\u0113\u0161anu<\/strong> &#8211; dro\u0161\u012bba un efektivit\u0101te<\/p>\n<\/li>\n<li data-start=\"585\" data-end=\"670\">\n<p data-start=\"587\" data-end=\"670\">\ud83d\udcf1 <strong data-start=\"590\" data-end=\"624\">Mobil\u0101 kontrole<\/strong> &#8211; re\u0101llaika sprieguma, str\u0101vas, l\u012bdzsvara monitorings<\/p>\n<\/li>\n<li data-start=\"671\" data-end=\"743\">\n<p data-start=\"673\" data-end=\"743\">\ud83e\udeb6 <strong data-start=\"676\" data-end=\"706\">\u013boti viegls un kompakts<\/strong> &#8211; lieliski iek\u013caujas laiv\u0101 vai kemper\u012b<\/p>\n<\/li>\n<li data-start=\"744\" data-end=\"804\">\n<p data-start=\"746\" data-end=\"804\">\ud83d\udee0\ufe0f <strong data-start=\"750\" data-end=\"802\">Mont\u0101\u017ea atbilsto\u0161i individu\u0101laj\u0101m vajadz\u012bb\u0101m Lietuv\u0101<\/strong><\/p>\n<\/li>\n<li data-start=\"805\" data-end=\"835\">\n<p data-start=\"807\" data-end=\"835\">\ud83d\udee1\ufe0f <strong data-start=\"811\" data-end=\"835\">12 m\u0113ne\u0161u garantija<\/strong><\/p>\n<\/li>\n<\/ul>\n<hr data-start=\"837\" data-end=\"840\">\n<h3 data-start=\"842\" data-end=\"871\">\ud83d\udcca <strong data-start=\"849\" data-end=\"871\">Tehnisk\u0101s \u012bpa\u0161\u012bbas:<\/strong><\/h3>\n<ul data-start=\"873\" data-end=\"1082\">\n<li data-start=\"873\" data-end=\"903\">\n<p data-start=\"875\" data-end=\"903\"><strong data-start=\"875\" data-end=\"895\">Nomin\u0101lais spriegums:<\/strong> 12,6 V<\/p>\n<\/li>\n<li data-start=\"904\" data-end=\"934\">\n<p data-start=\"906\" data-end=\"934\"><strong data-start=\"906\" data-end=\"916\">Jauda:<\/strong> 100Ah (~1260Wh)<\/p>\n<\/li>\n<li data-start=\"935\" data-end=\"971\">\n<p data-start=\"937\" data-end=\"971\"><strong data-start=\"937\" data-end=\"962\">Maks. Uzl\u0101des str\u0101va: <\/strong>  30-50A<\/p>\n<\/li>\n<li data-start=\"972\" data-end=\"1037\">\n<p data-start=\"974\" data-end=\"1037\"><strong data-start=\"974\" data-end=\"1000\">Maks. Izl\u0101des str\u0101va: <\/strong>  50-100 A (atkar\u012bb\u0101 no mode\u013ca)<\/p>\n<\/li>\n<li data-start=\"1038\" data-end=\"1082\">\n<p data-start=\"1040\" data-end=\"1082\"><strong data-start=\"1040\" data-end=\"1060\">Uzl\u0101des spriegums:<\/strong> 12,6 V (aizsarg\u0101ts ar BMS)<\/p>\n<\/li>\n<\/ul>\n<hr data-start=\"1084\" data-end=\"1087\">\n<h3 data-start=\"1089\" data-end=\"1117\">\ud83c\udf21\ufe0f Darba temperat\u016bra:<\/h3>\n<ul data-start=\"1119\" data-end=\"1179\">\n<li data-start=\"1119\" data-end=\"1148\">\n<p data-start=\"1121\" data-end=\"1148\"><strong data-start=\"1121\" data-end=\"1135\">Uzl\u0101de:<\/strong> 0\u00b0C &#8211; 45\u00b0C<\/p>\n<\/li>\n<li data-start=\"1149\" data-end=\"1179\">\n<p data-start=\"1151\" data-end=\"1179\"><strong data-start=\"1151\" data-end=\"1166\">Izl\u0101de:<\/strong> -20\u00b0C &#8211; 60\u00b0C<\/p>\n<\/li>\n<\/ul>\n<hr data-start=\"1181\" data-end=\"1184\">\n<h3 data-start=\"1186\" data-end=\"1205\">\ud83d\udea4 Piel\u0101go\u0161ana:<\/h3>\n<ul data-start=\"1207\" data-end=\"1436\">\n<li data-start=\"1207\" data-end=\"1257\">\n<p data-start=\"1209\" data-end=\"1257\">\ud83c\udfa3 <strong data-start=\"1212\" data-end=\"1255\">Mak\u0161\u0137er\u0113\u0161ana no laivas, pontona, eholotes<\/strong><\/p>\n<\/li>\n<li data-start=\"1258\" data-end=\"1289\">\n<p data-start=\"1260\" data-end=\"1289\">\ud83d\ude90 <strong data-start=\"1263\" data-end=\"1287\">Kemperi, treileri, autofurgoni<\/strong><\/p>\n<\/li>\n<li data-start=\"1290\" data-end=\"1336\">\n<p data-start=\"1292\" data-end=\"1336\">\u2600\ufe0f <strong data-start=\"1295\" data-end=\"1334\">Saules sp\u0113kstacijas (bezt\u012bklu sist\u0113mas)<\/strong><\/p>\n<\/li>\n<li data-start=\"1337\" data-end=\"1376\">\n<p data-start=\"1339\" data-end=\"1376\">\ud83d\udca1 <strong data-start=\"1342\" data-end=\"1374\">LED apgaismojums, elektronika<\/strong><\/p>\n<\/li>\n<li data-start=\"1377\" data-end=\"1436\">\n<p data-start=\"1379\" data-end=\"1436\">\ud83d\udefa <strong data-start=\"1382\" data-end=\"1436\">Elektriskie rati\u0146kr\u0113sli, mazie transportl\u012bdzek\u013ci<\/strong><\/p>\n<\/li>\n<\/ul>\n<hr data-start=\"1438\" data-end=\"1441\">\n<h3 data-start=\"1443\" data-end=\"1461\">\ud83c\udfc6 Priek\u0161roc\u012bbas:<\/h3>\n<ul data-start=\"1463\" data-end=\"1679\">\n<li data-start=\"1463\" data-end=\"1505\">\n<p data-start=\"1465\" data-end=\"1505\">\u26a1 Ilgs kalpo\u0161anas laiks ~5000 ciklu (80% atliku\u0161\u0101s jaudas)<\/p>\n<\/li>\n<li data-start=\"1506\" data-end=\"1530\">\n<p data-start=\"1508\" data-end=\"1530\">\ud83d\udd0c \u0100tra uzl\u0101de<\/p>\n<\/li>\n<li data-start=\"1531\" data-end=\"1605\">\n<p data-start=\"1533\" data-end=\"1605\">\ud83d\udce6 Kompakts un viegls &#8211; l\u012bdz pat 70% viegl\u0101ks nek\u0101 svina sk\u0101bes akumulatori.<\/p>\n<\/li>\n<li data-start=\"1606\" data-end=\"1636\">\n<p data-start=\"1608\" data-end=\"1636\">\ud83e\uddfc Neprasa apkopi<\/p>\n<\/li>\n<li data-start=\"1637\" data-end=\"1679\">\n<p data-start=\"1639\" data-end=\"1679\">\ud83d\udcf2 Lietot\u0146u izseko\u0161ana (Bluetooth)<\/p>\n<\/li>\n<\/ul>\n<hr data-start=\"1681\" data-end=\"1684\">\n<h3 data-start=\"1686\" data-end=\"1738\">\ud83d\udcb6 <strong data-start=\"1693\" data-end=\"1709\">Cena: 270 \u20ac<\/strong><\/h3>\n<p data-start=\"1739\" data-end=\"1770\">\ud83d\udce6 Pieg\u0101de vis\u0101 Lietuv\u0101<\/p>\n<hr data-start=\"1772\" data-end=\"1775\">\n<p data-start=\"1777\" data-end=\"1903\"><strong data-start=\"1777\" data-end=\"1837\">Fontem Energy &#8211; kad zivis gaida un ener\u0123ijas netr\u016bkst!<\/strong><br data-start=\"1837\" data-end=\"1840\">\ud83d\udcf2 Sazinieties ar mums tagad &#8211; m\u0113s pal\u012bdz\u0113sim jums atrast pareizo risin\u0101jumu!<\/p>\n<p><strong>12V 100 Ah litija akumulators<\/strong> ir augstas veiktsp\u0113jas, dzi\u013ca cikla ener\u0123ijas risin\u0101jums pla\u0161am ener\u0123ijas pielietojumu kl\u0101stam. Cen\u0101 iek\u013cauts l\u0101d\u0113t\u0101js, voltmetrs un USB savienot\u0101js. Akumulator\u0101 ir ieb\u016bv\u0113ts Apvienot\u0101s Karalistes BMS aizsargs, kas nov\u0113r\u0161 p\u0101rm\u0113r\u012bgu izl\u0101di un uzl\u0101di. Izl\u0101de no 100% l\u012bdz 10%. Tikai augst\u0101k\u0101s kvalit\u0101tes sast\u0101vda\u013cas. Mums ir ar\u012b visi komponenti, lai tos var\u0113tu samont\u0113t pa\u0161i. M\u0113s ra\u017eojam litija akumulatorus 12-24-36-48-60-96 V no jauniem elektromobi\u013cu akumulatoriem.    <\/p>\n<p>&nbsp;<\/p>\n<p>&nbsp;<\/p>\n","protected":false},"excerpt":{"rendered":"<p><strong>  Specifik\u0101cija<\/strong><\/p>\n<ul>\n<li>Jauda, Ah: <strong>100<\/strong><\/li>\n<li>Spriegums, V: <strong>12<\/strong><\/li>\n<li>Svars, kg: <strong>12<\/strong><\/li>\n<li>Garantija, m\u0113ne\u0161i: <strong>12<\/strong><\/li>\n<li>Garums \u00d7 platums \u00d7 augstums, cm: <strong>40\u00d717\u00d720<\/strong><\/li>\n<\/ul>\n","protected":false},"featured_media":3729,"template":"","meta":{"site-sidebar-layout":"default","site-content-layout":"","ast-site-content-layout":"default","site-content-style":"default","site-sidebar-style":"default","ast-global-header-display":"","ast-banner-title-visibility":"","ast-main-header-display":"","ast-hfb-above-header-display":"","ast-hfb-below-header-display":"","ast-hfb-mobile-header-display":"","site-post-title":"","ast-breadcrumbs-content":"","ast-featured-img":"","footer-sml-layout":"","ast-disable-related-posts":"","theme-transparent-header-meta":"default","adv-header-id-meta":"","stick-header-meta":"","header-above-stick-meta":"","header-main-stick-meta":"","header-below-stick-meta":"","astra-migrate-meta-layouts":"default","ast-page-background-enabled":"default","ast-page-background-meta":{"desktop":{"background-color":"","background-image":"","background-repeat":"repeat","background-position":"center center","background-size":"auto","background-attachment":"scroll","background-type":"","background-media":"","overlay-type":"","overlay-color":"","overlay-opacity":"","overlay-gradient":""},"tablet":{"background-color":"","background-image":"","background-repeat":"repeat","background-position":"center center","background-size":"auto","background-attachment":"scroll","background-type":"","background-media":"","overlay-type":"","overlay-color":"","overlay-opacity":"","overlay-gradient":""},"mobile":{"background-color":"","background-image":"","background-repeat":"repeat","background-position":"center center","background-size":"auto","background-attachment":"scroll","background-type":"","background-media":"","overlay-type":"","overlay-color":"","overlay-opacity":"","overlay-gradient":""}},"ast-content-background-meta":{"desktop":{"background-color":"var(--ast-global-color-5)","background-image":"","background-repeat":"repeat","background-position":"center center","background-size":"auto","background-attachment":"scroll","background-type":"","background-media":"","overlay-type":"","overlay-color":"","overlay-opacity":"","overlay-gradient":""},"tablet":{"background-color":"var(--ast-global-color-5)","background-image":"","background-repeat":"repeat","background-position":"center center","background-size":"auto","background-attachment":"scroll","background-type":"","background-media":"","overlay-type":"","overlay-color":"","overlay-opacity":"","overlay-gradient":""},"mobile":{"background-color":"var(--ast-global-color-5)","background-image":"","background-repeat":"repeat","background-position":"center center","background-size":"auto","background-attachment":"scroll","background-type":"","background-media":"","overlay-type":"","overlay-color":"","overlay-opacity":"","overlay-gradient":""}}},"product_brand":[],"product_cat":[149],"product_tag":[],"class_list":{"0":"post-3727","1":"product","2":"type-product","3":"status-publish","4":"has-post-thumbnail","6":"product_cat-litija-akumulatori","7":"pa_itampav-156","8":"pa_talpaah-147","9":"desktop-align-left","10":"tablet-align-left","11":"mobile-align-left","13":"first","14":"instock","15":"taxable","16":"shipping-taxable","17":"purchasable","18":"product-type-simple"},"yoast_head":"<!-- This site is optimized with the Yoast SEO plugin v27.4 - https:\/\/yoast.com\/product\/yoast-seo-wordpress\/ -->\n<title>%Litija akumulatori 12V 100Ah - Lab\u0101k\u0101 cena un kvalit\u0101te -% %<\/title>\n<meta name=\"description\" content=\"Tas ir augstas veiktsp\u0113jas, dzi\u013ca cikla baro\u0161anas risin\u0101jums pla\u0161am ener\u0123ijas pielietojumu kl\u0101stam. Akumulator\u0101 ir ieb\u016bv\u0113ta Apvienot\u0101s Karalistes BMS funkcija,\" \/>\n<meta name=\"robots\" content=\"index, follow, max-snippet:-1, max-image-preview:large, max-video-preview:-1\" \/>\n<link rel=\"canonical\" href=\"https:\/\/fontemenergy.lt\/lv\/product\/litija-akumulatori\/litija-akumulatori-12v-100ah\/\" \/>\n<meta property=\"og:locale\" content=\"lv_LV\" \/>\n<meta property=\"og:type\" content=\"article\" \/>\n<meta property=\"og:title\" content=\"%Litija akumulatori 12V 100Ah - Lab\u0101k\u0101 cena un kvalit\u0101te -% %\" \/>\n<meta property=\"og:description\" content=\"Tas ir augstas veiktsp\u0113jas, dzi\u013ca cikla baro\u0161anas risin\u0101jums pla\u0161am ener\u0123ijas pielietojumu kl\u0101stam. Akumulator\u0101 ir ieb\u016bv\u0113ta Apvienot\u0101s Karalistes BMS funkcija,\" \/>\n<meta property=\"og:url\" content=\"https:\/\/fontemenergy.lt\/lv\/product\/litija-akumulatori\/litija-akumulatori-12v-100ah\/\" \/>\n<meta property=\"og:site_name\" content=\"Fontem Energy\" \/>\n<meta property=\"og:image\" content=\"https:\/\/fontemenergy.lt\/wp-content\/uploads\/2024\/09\/Licio-akumuliatorius-12v100ah-1-1-rotated.jpeg\" \/>\n\t<meta property=\"og:image:width\" content=\"1600\" \/>\n\t<meta property=\"og:image:height\" content=\"1200\" \/>\n\t<meta property=\"og:image:type\" content=\"image\/jpeg\" \/>\n<meta name=\"twitter:card\" content=\"summary_large_image\" \/>\n<meta name=\"twitter:label1\" content=\"Est. reading time\" \/>\n\t<meta name=\"twitter:data1\" content=\"2 minutes\" \/>\n<script type=\"application\/ld+json\" class=\"yoast-schema-graph\">{\"@context\":\"https:\\\/\\\/schema.org\",\"@graph\":[{\"@type\":\"WebPage\",\"@id\":\"https:\\\/\\\/fontemenergy.lt\\\/lv\\\/product\\\/litija-akumulatori\\\/litija-akumulatori-12v-100ah\\\/\",\"url\":\"https:\\\/\\\/fontemenergy.lt\\\/lv\\\/product\\\/litija-akumulatori\\\/litija-akumulatori-12v-100ah\\\/\",\"name\":\"%Litija akumulatori 12V 100Ah - Lab\u0101k\u0101 cena un kvalit\u0101te -% %\",\"isPartOf\":{\"@id\":\"https:\\\/\\\/fontemenergy.lt\\\/lv\\\/#website\"},\"primaryImageOfPage\":{\"@id\":\"https:\\\/\\\/fontemenergy.lt\\\/lv\\\/product\\\/litija-akumulatori\\\/litija-akumulatori-12v-100ah\\\/#primaryimage\"},\"image\":{\"@id\":\"https:\\\/\\\/fontemenergy.lt\\\/lv\\\/product\\\/litija-akumulatori\\\/litija-akumulatori-12v-100ah\\\/#primaryimage\"},\"thumbnailUrl\":\"https:\\\/\\\/fontemenergy.lt\\\/wp-content\\\/uploads\\\/2024\\\/09\\\/Licio-akumuliatorius-12v100ah-1-1-rotated.jpeg\",\"datePublished\":\"2024-09-13T09:59:12+00:00\",\"description\":\"Tas ir augstas veiktsp\u0113jas, dzi\u013ca cikla baro\u0161anas risin\u0101jums pla\u0161am ener\u0123ijas pielietojumu kl\u0101stam. Akumulator\u0101 ir ieb\u016bv\u0113ta Apvienot\u0101s Karalistes BMS funkcija,\",\"breadcrumb\":{\"@id\":\"https:\\\/\\\/fontemenergy.lt\\\/lv\\\/product\\\/litija-akumulatori\\\/litija-akumulatori-12v-100ah\\\/#breadcrumb\"},\"inLanguage\":\"lv-LV\",\"potentialAction\":[{\"@type\":\"ReadAction\",\"target\":[\"https:\\\/\\\/fontemenergy.lt\\\/lv\\\/product\\\/litija-akumulatori\\\/litija-akumulatori-12v-100ah\\\/\"]}]},{\"@type\":\"ImageObject\",\"inLanguage\":\"lv-LV\",\"@id\":\"https:\\\/\\\/fontemenergy.lt\\\/lv\\\/product\\\/litija-akumulatori\\\/litija-akumulatori-12v-100ah\\\/#primaryimage\",\"url\":\"https:\\\/\\\/fontemenergy.lt\\\/wp-content\\\/uploads\\\/2024\\\/09\\\/Licio-akumuliatorius-12v100ah-1-1-rotated.jpeg\",\"contentUrl\":\"https:\\\/\\\/fontemenergy.lt\\\/wp-content\\\/uploads\\\/2024\\\/09\\\/Licio-akumuliatorius-12v100ah-1-1-rotated.jpeg\",\"width\":1600,\"height\":1200,\"caption\":\"Litija jonu akumulators 12v, 100ah (1)\"},{\"@type\":\"BreadcrumbList\",\"@id\":\"https:\\\/\\\/fontemenergy.lt\\\/lv\\\/product\\\/litija-akumulatori\\\/litija-akumulatori-12v-100ah\\\/#breadcrumb\",\"itemListElement\":[{\"@type\":\"ListItem\",\"position\":1,\"name\":\"Home\",\"item\":\"https:\\\/\\\/fontemenergy.lt\\\/lv\\\/sakums\\\/\"},{\"@type\":\"ListItem\",\"position\":2,\"name\":\"Ra\u017eo\u0161ana\",\"item\":\"https:\\\/\\\/fontemenergy.lt\\\/lv\\\/razosana\\\/\"},{\"@type\":\"ListItem\",\"position\":3,\"name\":\"Litija akumulatori 12V 100Ah\"}]},{\"@type\":\"WebSite\",\"@id\":\"https:\\\/\\\/fontemenergy.lt\\\/lv\\\/#website\",\"url\":\"https:\\\/\\\/fontemenergy.lt\\\/lv\\\/\",\"name\":\"Fontem Energy\",\"description\":\"Fontem Energy Website\",\"publisher\":{\"@id\":\"https:\\\/\\\/fontemenergy.lt\\\/lv\\\/#organization\"},\"potentialAction\":[{\"@type\":\"SearchAction\",\"target\":{\"@type\":\"EntryPoint\",\"urlTemplate\":\"https:\\\/\\\/fontemenergy.lt\\\/lv\\\/?s={search_term_string}\"},\"query-input\":{\"@type\":\"PropertyValueSpecification\",\"valueRequired\":true,\"valueName\":\"search_term_string\"}}],\"inLanguage\":\"lv-LV\"},{\"@type\":\"Organization\",\"@id\":\"https:\\\/\\\/fontemenergy.lt\\\/lv\\\/#organization\",\"name\":\"Font Energy\",\"url\":\"https:\\\/\\\/fontemenergy.lt\\\/lv\\\/\",\"logo\":{\"@type\":\"ImageObject\",\"inLanguage\":\"lv-LV\",\"@id\":\"https:\\\/\\\/fontemenergy.lt\\\/lv\\\/#\\\/schema\\\/logo\\\/image\\\/\",\"url\":\"https:\\\/\\\/fontemenergy.lt\\\/wp-content\\\/uploads\\\/2024\\\/06\\\/Transparent-Logo-2-1-1.png\",\"contentUrl\":\"https:\\\/\\\/fontemenergy.lt\\\/wp-content\\\/uploads\\\/2024\\\/06\\\/Transparent-Logo-2-1-1.png\",\"width\":972,\"height\":400,\"caption\":\"Font Energy\"},\"image\":{\"@id\":\"https:\\\/\\\/fontemenergy.lt\\\/lv\\\/#\\\/schema\\\/logo\\\/image\\\/\"}}]}<\/script>\n<!-- \/ Yoast SEO plugin. -->","yoast_head_json":{"title":"%Litija akumulatori 12V 100Ah - Lab\u0101k\u0101 cena un kvalit\u0101te -% %","description":"Tas ir augstas veiktsp\u0113jas, dzi\u013ca cikla baro\u0161anas risin\u0101jums pla\u0161am ener\u0123ijas pielietojumu kl\u0101stam. Akumulator\u0101 ir ieb\u016bv\u0113ta Apvienot\u0101s Karalistes BMS funkcija,","robots":{"index":"index","follow":"follow","max-snippet":"max-snippet:-1","max-image-preview":"max-image-preview:large","max-video-preview":"max-video-preview:-1"},"canonical":"https:\/\/fontemenergy.lt\/lv\/product\/litija-akumulatori\/litija-akumulatori-12v-100ah\/","og_locale":"lv_LV","og_type":"article","og_title":"%Litija akumulatori 12V 100Ah - Lab\u0101k\u0101 cena un kvalit\u0101te -% %","og_description":"Tas ir augstas veiktsp\u0113jas, dzi\u013ca cikla baro\u0161anas risin\u0101jums pla\u0161am ener\u0123ijas pielietojumu kl\u0101stam. Akumulator\u0101 ir ieb\u016bv\u0113ta Apvienot\u0101s Karalistes BMS funkcija,","og_url":"https:\/\/fontemenergy.lt\/lv\/product\/litija-akumulatori\/litija-akumulatori-12v-100ah\/","og_site_name":"Fontem Energy","og_image":[{"width":1600,"height":1200,"url":"https:\/\/fontemenergy.lt\/wp-content\/uploads\/2024\/09\/Licio-akumuliatorius-12v100ah-1-1-rotated.jpeg","type":"image\/jpeg"}],"twitter_card":"summary_large_image","twitter_misc":{"Est. reading time":"2 minutes"},"schema":{"@context":"https:\/\/schema.org","@graph":[{"@type":"WebPage","@id":"https:\/\/fontemenergy.lt\/lv\/product\/litija-akumulatori\/litija-akumulatori-12v-100ah\/","url":"https:\/\/fontemenergy.lt\/lv\/product\/litija-akumulatori\/litija-akumulatori-12v-100ah\/","name":"%Litija akumulatori 12V 100Ah - Lab\u0101k\u0101 cena un kvalit\u0101te -% %","isPartOf":{"@id":"https:\/\/fontemenergy.lt\/lv\/#website"},"primaryImageOfPage":{"@id":"https:\/\/fontemenergy.lt\/lv\/product\/litija-akumulatori\/litija-akumulatori-12v-100ah\/#primaryimage"},"image":{"@id":"https:\/\/fontemenergy.lt\/lv\/product\/litija-akumulatori\/litija-akumulatori-12v-100ah\/#primaryimage"},"thumbnailUrl":"https:\/\/fontemenergy.lt\/wp-content\/uploads\/2024\/09\/Licio-akumuliatorius-12v100ah-1-1-rotated.jpeg","datePublished":"2024-09-13T09:59:12+00:00","description":"Tas ir augstas veiktsp\u0113jas, dzi\u013ca cikla baro\u0161anas risin\u0101jums pla\u0161am ener\u0123ijas pielietojumu kl\u0101stam. Akumulator\u0101 ir ieb\u016bv\u0113ta Apvienot\u0101s Karalistes BMS funkcija,","breadcrumb":{"@id":"https:\/\/fontemenergy.lt\/lv\/product\/litija-akumulatori\/litija-akumulatori-12v-100ah\/#breadcrumb"},"inLanguage":"lv-LV","potentialAction":[{"@type":"ReadAction","target":["https:\/\/fontemenergy.lt\/lv\/product\/litija-akumulatori\/litija-akumulatori-12v-100ah\/"]}]},{"@type":"ImageObject","inLanguage":"lv-LV","@id":"https:\/\/fontemenergy.lt\/lv\/product\/litija-akumulatori\/litija-akumulatori-12v-100ah\/#primaryimage","url":"https:\/\/fontemenergy.lt\/wp-content\/uploads\/2024\/09\/Licio-akumuliatorius-12v100ah-1-1-rotated.jpeg","contentUrl":"https:\/\/fontemenergy.lt\/wp-content\/uploads\/2024\/09\/Licio-akumuliatorius-12v100ah-1-1-rotated.jpeg","width":1600,"height":1200,"caption":"Litija jonu akumulators 12v, 100ah (1)"},{"@type":"BreadcrumbList","@id":"https:\/\/fontemenergy.lt\/lv\/product\/litija-akumulatori\/litija-akumulatori-12v-100ah\/#breadcrumb","itemListElement":[{"@type":"ListItem","position":1,"name":"Home","item":"https:\/\/fontemenergy.lt\/lv\/sakums\/"},{"@type":"ListItem","position":2,"name":"Ra\u017eo\u0161ana","item":"https:\/\/fontemenergy.lt\/lv\/razosana\/"},{"@type":"ListItem","position":3,"name":"Litija akumulatori 12V 100Ah"}]},{"@type":"WebSite","@id":"https:\/\/fontemenergy.lt\/lv\/#website","url":"https:\/\/fontemenergy.lt\/lv\/","name":"Fontem Energy","description":"Fontem Energy Website","publisher":{"@id":"https:\/\/fontemenergy.lt\/lv\/#organization"},"potentialAction":[{"@type":"SearchAction","target":{"@type":"EntryPoint","urlTemplate":"https:\/\/fontemenergy.lt\/lv\/?s={search_term_string}"},"query-input":{"@type":"PropertyValueSpecification","valueRequired":true,"valueName":"search_term_string"}}],"inLanguage":"lv-LV"},{"@type":"Organization","@id":"https:\/\/fontemenergy.lt\/lv\/#organization","name":"Font Energy","url":"https:\/\/fontemenergy.lt\/lv\/","logo":{"@type":"ImageObject","inLanguage":"lv-LV","@id":"https:\/\/fontemenergy.lt\/lv\/#\/schema\/logo\/image\/","url":"https:\/\/fontemenergy.lt\/wp-content\/uploads\/2024\/06\/Transparent-Logo-2-1-1.png","contentUrl":"https:\/\/fontemenergy.lt\/wp-content\/uploads\/2024\/06\/Transparent-Logo-2-1-1.png","width":972,"height":400,"caption":"Font Energy"},"image":{"@id":"https:\/\/fontemenergy.lt\/lv\/#\/schema\/logo\/image\/"}}]}},"_links":{"self":[{"href":"https:\/\/fontemenergy.lt\/lv\/wp-json\/wp\/v2\/product\/3727","targetHints":{"allow":["GET"]}}],"collection":[{"href":"https:\/\/fontemenergy.lt\/lv\/wp-json\/wp\/v2\/product"}],"about":[{"href":"https:\/\/fontemenergy.lt\/lv\/wp-json\/wp\/v2\/types\/product"}],"wp:featuredmedia":[{"embeddable":true,"href":"https:\/\/fontemenergy.lt\/lv\/wp-json\/wp\/v2\/media\/3729"}],"wp:attachment":[{"href":"https:\/\/fontemenergy.lt\/lv\/wp-json\/wp\/v2\/media?parent=3727"}],"wp:term":[{"taxonomy":"product_brand","embeddable":true,"href":"https:\/\/fontemenergy.lt\/lv\/wp-json\/wp\/v2\/product_brand?post=3727"},{"taxonomy":"product_cat","embeddable":true,"href":"https:\/\/fontemenergy.lt\/lv\/wp-json\/wp\/v2\/product_cat?post=3727"},{"taxonomy":"product_tag","embeddable":true,"href":"https:\/\/fontemenergy.lt\/lv\/wp-json\/wp\/v2\/product_tag?post=3727"}],"curies":[{"name":"wp","href":"https:\/\/api.w.org\/{rel}","templated":true}]}}