{"id":3554,"date":"2024-11-08T11:28:57","date_gmt":"2024-11-08T09:28:57","guid":{"rendered":"https:\/\/fontemenergy.lt\/produkcija\/uncategorized\/lifepo4-24v-200ah-akumulatori\/"},"modified":"2024-11-08T11:28:57","modified_gmt":"2024-11-08T09:28:57","slug":"lifepo4-24v-200ah-akumulatori","status":"publish","type":"product","link":"https:\/\/fontemenergy.lt\/lv\/product\/litija-akumulatori\/lifepo4-24v-200ah-akumulatori\/","title":{"rendered":"LiFePO4 24V 200Ah akumulatori"},"content":{"rendered":"<p data-start=\"130\" data-end=\"241\"><strong data-start=\"134\" data-end=\"241\">  \ud83d\udd0bLiFePO4 24V 200Ah &#8211; uzticams ener\u0123ijas avots zvejai, kempingiem, saules ener\u0123ijas sist\u0113m\u0101m un ier\u012bc\u0113m<\/strong><\/p>\n<p data-start=\"243\" data-end=\"336\">Efekt\u012bvs, ilgsto\u0161s un dro\u0161s ener\u0123ijas risin\u0101jums, kas nodro\u0161ina liel\u0101ku jaudu un uzticam\u012bbu.<\/p>\n<hr data-start=\"338\" data-end=\"341\">\n<h3 data-start=\"343\" data-end=\"386\">\u2705 <strong data-start=\"349\" data-end=\"386\">K\u0101p\u0113c izv\u0113l\u0113ties \u0161o akumulatoru<\/strong>?<\/h3>\n<p data-start=\"388\" data-end=\"728\">\u2705 Augstas kvalit\u0101tes LiFePO4 elementi &#8211; l\u012bdz <strong data-start=\"426\" data-end=\"440\">5000 cikliem (80% atliku\u0161\u0101s ietilp\u012bbas<\/strong>)<br data-start=\"457\" data-end=\"460\">\u2705 Uzticami BMS kontrolieri ar <strong data-start=\"489\" data-end=\"520\">akt\u012bvu elementu balans\u0113\u0161anu<\/strong><br data-start=\"580\" data-end=\"583\">\u2705 <strong data-start=\"585\" data-end=\"604\">Dro\u0161a darb\u012bba<\/strong> &#8211; aizsardz\u012bba pret uzl\u0101di, izl\u0101di un \u012bssavienojumiem<br data-start=\"658\" data-end=\"661\">\u2705 Lielisks <strong data-start=\"670\" data-end=\"700\">cenas un veiktsp\u0113jas attiec\u012bba<\/strong><br data-start=\"700\" data-end=\"703\">\u2705 <strong data-start=\"705\" data-end=\"728\">Garantija &#8211; 1 gads.<\/strong><\/p>\n<hr data-start=\"730\" data-end=\"733\">\n<h3 data-start=\"735\" data-end=\"763\">\ud83d\udd27 <strong data-start=\"742\" data-end=\"763\">Tehnisk\u0101s \u012bpa\u0161\u012bbas<\/strong><\/h3>\n<ul data-start=\"765\" data-end=\"1001\">\n<li data-start=\"765\" data-end=\"795\">\n<p data-start=\"767\" data-end=\"795\"><strong data-start=\"767\" data-end=\"787\">Nomin\u0101lais spriegums:<\/strong> 25,6 V<\/p>\n<\/li>\n<li data-start=\"796\" data-end=\"876\">\n<p data-start=\"798\" data-end=\"876\"><strong data-start=\"798\" data-end=\"808\">Jauda:<\/strong> 200Ah (~5120Wh) &#8211; liela ener\u0123ijas rezerve da\u017e\u0101diem lietojumiem.<\/p>\n<\/li>\n<li data-start=\"877\" data-end=\"914\">\n<p data-start=\"879\" data-end=\"914\"><strong data-start=\"879\" data-end=\"904\">Maks. Uzl\u0101des str\u0101va: <\/strong>  50-100A<\/p>\n<\/li>\n<li data-start=\"915\" data-end=\"954\">\n<p data-start=\"917\" data-end=\"954\"><strong data-start=\"917\" data-end=\"943\">Maks. Izl\u0101des str\u0101va: <\/strong>  100-150A<\/p>\n<\/li>\n<li data-start=\"955\" data-end=\"1001\">\n<p data-start=\"957\" data-end=\"1001\"><strong data-start=\"957\" data-end=\"977\">Uzl\u0101des spriegums:<\/strong> 29,2 V (aizsarg\u0101ts ar BMS)<\/p>\n<\/li>\n<\/ul>\n<hr data-start=\"1003\" data-end=\"1006\">\n<h3 data-start=\"1008\" data-end=\"1039\">\ud83c\udf21\ufe0f <strong data-start=\"1016\" data-end=\"1039\">Darba temperat\u016bra<\/strong><\/h3>\n<ul data-start=\"1041\" data-end=\"1103\">\n<li data-start=\"1041\" data-end=\"1070\">\n<p data-start=\"1043\" data-end=\"1070\"><strong data-start=\"1043\" data-end=\"1057\">Uzl\u0101de:<\/strong> 0\u00b0C &#8211; 45\u00b0C<\/p>\n<\/li>\n<li data-start=\"1071\" data-end=\"1103\">\n<p data-start=\"1073\" data-end=\"1103\"><strong data-start=\"1073\" data-end=\"1088\">Izl\u0101de:<\/strong> -20\u00b0C &#8211; 60\u00b0C<\/p>\n<\/li>\n<\/ul>\n<hr data-start=\"1105\" data-end=\"1108\">\n<h3 data-start=\"1110\" data-end=\"1133\">\ud83d\ude90 <strong data-start=\"1117\" data-end=\"1133\">Piel\u0101go\u0161ana<\/strong>:<\/h3>\n<ul data-start=\"1135\" data-end=\"1357\">\n<li data-start=\"1135\" data-end=\"1176\">\n<p data-start=\"1137\" data-end=\"1176\">Autofurgoni, treileri un p\u0101rvietojam\u0101s m\u0101ji\u0146as<\/p>\n<\/li>\n<li data-start=\"1177\" data-end=\"1217\">\n<p data-start=\"1179\" data-end=\"1217\">Saules ener\u0123ijas (bez t\u012bkla) sist\u0113mas<\/p>\n<\/li>\n<li data-start=\"1218\" data-end=\"1250\">\n<p data-start=\"1220\" data-end=\"1250\">Laiv\u0101m, laivo\u0161anai, mak\u0161\u0137er\u0113\u0161anai<\/p>\n<\/li>\n<li data-start=\"1251\" data-end=\"1299\">\n<p data-start=\"1253\" data-end=\"1299\">elektriskajiem rati\u0146kr\u0113sliem &#8211; uzl\u0101des stacijas<\/p>\n<\/li>\n<li data-start=\"1300\" data-end=\"1357\">\n<p data-start=\"1302\" data-end=\"1357\">R\u016bpniecisk\u0101m iek\u0101rt\u0101m vai rezerves baro\u0161anas sist\u0113m\u0101m<\/p>\n<\/li>\n<\/ul>\n<hr data-start=\"1359\" data-end=\"1362\">\n<h3 data-start=\"1364\" data-end=\"1399\">\ud83c\udfc6 <strong data-start=\"1371\" data-end=\"1399\">Galven\u0101s priek\u0161roc\u012bbas:<\/strong><\/h3>\n<p data-start=\"1401\" data-end=\"1737\">\u2705 <strong data-start=\"1403\" data-end=\"1429\">Ilgs kalpo\u0161anas laiks<\/strong> &#8211; l\u012bdz 5000 cikliem (80 % atliku\u0161\u0101s ietilp\u012bbas)<br data-start=\"1446\" data-end=\"1449\">\u2705 <strong data-start=\"1451\" data-end=\"1470\">Dro\u0161a ekspluat\u0101cija<\/strong> &#8211; nedeg, iztur\u012bgs pret p\u0101rkar\u0161anu<br data-start=\"1502\" data-end=\"1505\">\u2705 <strong data-start=\"1507\" data-end=\"1545\">Viegl\u0101ks nek\u0101 svina-sk\u0101bes akumulatori<\/strong><br data-start=\"1545\" data-end=\"1548\">\u2705 <strong data-start=\"1550\" data-end=\"1596\">Kompakts un vietu taupo\u0161s dizains<\/strong><br data-start=\"1596\" data-end=\"1599\">\u2705 <strong data-start=\"1601\" data-end=\"1628\">Neprasa apkopi<\/strong><br data-start=\"1628\" data-end=\"1631\">\u2705 <strong data-start=\"1633\" data-end=\"1691\">Var uzraudz\u012bt ar t\u0101lru\u0146a lietotni (Bluetooth)<\/strong><br data-start=\"1691\" data-end=\"1694\">\u2705 <strong data-start=\"1696\" data-end=\"1737\">\u0100tra uzl\u0101de.<\/strong><\/p>\n<p data-start=\"1401\" data-end=\"1737\">\ud83c\udf31 <strong data-start=\"877\" data-end=\"905\">Videi draudz\u012bgs dizains:<\/strong><br data-start=\"905\" data-end=\"908\"><strong data-start=\"908\" data-end=\"1030\">LiFePO4 tehnolo\u0123ija ir t\u012br\u0101ka un videi draudz\u012bg\u0101ka par svina-sk\u0101bes alternat\u012bv\u0101m &#8211; izgatavota no p\u0101rstr\u0101d\u0101jamiem materi\u0101liem.<\/strong> Nav sk\u0101bes, tvaiku vai b\u012bstamu vielu &#8211; piem\u0113rots jut\u012bgai videi un lieto\u0161anai telp\u0101s.<\/p>\n<hr data-start=\"1739\" data-end=\"1742\">\n<p data-start=\"1744\" data-end=\"1883\"><strong data-start=\"1744\" data-end=\"1816\">Fontem Energy &#8211; kad j\u016bsu ce\u013cojumiem nepiecie\u0161ams kas vair\u0101k nek\u0101 tikai akumulators.<\/strong><br data-start=\"1816\" data-end=\"1819\">Sazinieties ar mums &#8211; m\u0113s pied\u0101v\u0101sim jums risin\u0101jumu, kas kalpos gadiem ilgi! \ud83c\udf0d\ud83d\udd0b <\/p>\n<p data-start=\"1885\" data-end=\"1936\">\ud83d\udee1\ufe0f <strong data-start=\"1889\" data-end=\"1903\">Garantija:<\/strong> 1 gads<br data-start=\"1911\" data-end=\"1914\">\ud83d\udcb0 <strong data-start=\"1917\" data-end=\"1927\">Cena:<\/strong> 600\u20ac<\/p>\n<p data-start=\"1885\" data-end=\"1936\">Cen\u0101 iek\u013cauts l\u0101d\u0113t\u0101js, voltmetrs un USB savienot\u0101js.<\/p>\n","protected":false},"excerpt":{"rendered":"<p><strong>Specifik\u0101cija<\/strong><\/p>\n<ul>\n<li>Jauda, Ah: <strong> 200<\/strong><\/li>\n<li>Spriegums, V: <strong>24<\/strong><\/li>\n<li>Svars, kg: <strong>45<\/strong><\/li>\n<li>Garantija, m\u0113ne\u0161i: <strong>12<\/strong><\/li>\n<li>Garums\u00d7platums\u00d7augstums, cm: <strong>65\u00d736\u00d716<\/strong><\/li>\n<\/ul>\n","protected":false},"featured_media":3562,"template":"","meta":{"site-sidebar-layout":"default","site-content-layout":"","ast-site-content-layout":"default","site-content-style":"default","site-sidebar-style":"default","ast-global-header-display":"","ast-banner-title-visibility":"","ast-main-header-display":"","ast-hfb-above-header-display":"","ast-hfb-below-header-display":"","ast-hfb-mobile-header-display":"","site-post-title":"","ast-breadcrumbs-content":"","ast-featured-img":"","footer-sml-layout":"","ast-disable-related-posts":"","theme-transparent-header-meta":"default","adv-header-id-meta":"","stick-header-meta":"","header-above-stick-meta":"","header-main-stick-meta":"","header-below-stick-meta":"","astra-migrate-meta-layouts":"default","ast-page-background-enabled":"default","ast-page-background-meta":{"desktop":{"background-color":"","background-image":"","background-repeat":"repeat","background-position":"center center","background-size":"auto","background-attachment":"scroll","background-type":"","background-media":"","overlay-type":"","overlay-color":"","overlay-opacity":"","overlay-gradient":""},"tablet":{"background-color":"","background-image":"","background-repeat":"repeat","background-position":"center center","background-size":"auto","background-attachment":"scroll","background-type":"","background-media":"","overlay-type":"","overlay-color":"","overlay-opacity":"","overlay-gradient":""},"mobile":{"background-color":"","background-image":"","background-repeat":"repeat","background-position":"center center","background-size":"auto","background-attachment":"scroll","background-type":"","background-media":"","overlay-type":"","overlay-color":"","overlay-opacity":"","overlay-gradient":""}},"ast-content-background-meta":{"desktop":{"background-color":"var(--ast-global-color-5)","background-image":"","background-repeat":"repeat","background-position":"center center","background-size":"auto","background-attachment":"scroll","background-type":"","background-media":"","overlay-type":"","overlay-color":"","overlay-opacity":"","overlay-gradient":""},"tablet":{"background-color":"var(--ast-global-color-5)","background-image":"","background-repeat":"repeat","background-position":"center center","background-size":"auto","background-attachment":"scroll","background-type":"","background-media":"","overlay-type":"","overlay-color":"","overlay-opacity":"","overlay-gradient":""},"mobile":{"background-color":"var(--ast-global-color-5)","background-image":"","background-repeat":"repeat","background-position":"center center","background-size":"auto","background-attachment":"scroll","background-type":"","background-media":"","overlay-type":"","overlay-color":"","overlay-opacity":"","overlay-gradient":""}}},"product_brand":[],"product_cat":[149],"product_tag":[],"class_list":{"0":"post-3554","1":"product","2":"type-product","3":"status-publish","4":"has-post-thumbnail","6":"product_cat-litija-akumulatori","7":"pa_itampav-151","8":"pa_talpaah-152","9":"desktop-align-left","10":"tablet-align-left","11":"mobile-align-left","13":"first","14":"instock","15":"taxable","16":"shipping-taxable","17":"purchasable","18":"product-type-simple"},"yoast_head":"<!-- This site is optimized with the Yoast SEO plugin v27.4 - https:\/\/yoast.com\/product\/yoast-seo-wordpress\/ -->\n<title>%LiFePO4 24V 200Ah akumulatori-% Lab\u0101k\u0101 cena Lietuv\u0101<\/title>\n<meta name=\"description\" content=\"Liela 200 Ah ietilp\u012bba pie 24 V, kas nodro\u0161ina lielu ener\u0123ijas ietilp\u012bbu sare\u017e\u0123\u012bt\u0101m konfigur\u0101cij\u0101m.\" \/>\n<meta name=\"robots\" content=\"index, follow, max-snippet:-1, max-image-preview:large, max-video-preview:-1\" \/>\n<link rel=\"canonical\" href=\"https:\/\/fontemenergy.lt\/lv\/product\/litija-akumulatori\/lifepo4-24v-200ah-akumulatori\/\" \/>\n<meta property=\"og:locale\" content=\"lv_LV\" \/>\n<meta property=\"og:type\" content=\"article\" \/>\n<meta property=\"og:title\" content=\"%LiFePO4 24V 200Ah akumulatori-% Lab\u0101k\u0101 cena Lietuv\u0101\" \/>\n<meta property=\"og:description\" content=\"Liela 200 Ah ietilp\u012bba pie 24 V, kas nodro\u0161ina lielu ener\u0123ijas ietilp\u012bbu sare\u017e\u0123\u012bt\u0101m konfigur\u0101cij\u0101m.\" \/>\n<meta property=\"og:url\" content=\"https:\/\/fontemenergy.lt\/lv\/product\/litija-akumulatori\/lifepo4-24v-200ah-akumulatori\/\" \/>\n<meta property=\"og:site_name\" content=\"Fontem Energy\" \/>\n<meta property=\"og:image\" content=\"https:\/\/fontemenergy.lt\/wp-content\/uploads\/2024\/11\/LifePO4-24V200Ah.png\" \/>\n\t<meta property=\"og:image:width\" content=\"1080\" \/>\n\t<meta property=\"og:image:height\" content=\"1080\" \/>\n\t<meta property=\"og:image:type\" content=\"image\/png\" \/>\n<meta name=\"twitter:card\" content=\"summary_large_image\" \/>\n<meta name=\"twitter:label1\" content=\"Est. reading time\" \/>\n\t<meta name=\"twitter:data1\" content=\"2 minutes\" \/>\n<script type=\"application\/ld+json\" class=\"yoast-schema-graph\">{\"@context\":\"https:\\\/\\\/schema.org\",\"@graph\":[{\"@type\":\"WebPage\",\"@id\":\"https:\\\/\\\/fontemenergy.lt\\\/lv\\\/product\\\/litija-akumulatori\\\/lifepo4-24v-200ah-akumulatori\\\/\",\"url\":\"https:\\\/\\\/fontemenergy.lt\\\/lv\\\/product\\\/litija-akumulatori\\\/lifepo4-24v-200ah-akumulatori\\\/\",\"name\":\"%LiFePO4 24V 200Ah akumulatori-% Lab\u0101k\u0101 cena Lietuv\u0101\",\"isPartOf\":{\"@id\":\"https:\\\/\\\/fontemenergy.lt\\\/lv\\\/#website\"},\"primaryImageOfPage\":{\"@id\":\"https:\\\/\\\/fontemenergy.lt\\\/lv\\\/product\\\/litija-akumulatori\\\/lifepo4-24v-200ah-akumulatori\\\/#primaryimage\"},\"image\":{\"@id\":\"https:\\\/\\\/fontemenergy.lt\\\/lv\\\/product\\\/litija-akumulatori\\\/lifepo4-24v-200ah-akumulatori\\\/#primaryimage\"},\"thumbnailUrl\":\"https:\\\/\\\/fontemenergy.lt\\\/wp-content\\\/uploads\\\/2024\\\/11\\\/LifePO4-24V200Ah.png\",\"datePublished\":\"2024-11-08T09:28:57+00:00\",\"description\":\"Liela 200 Ah ietilp\u012bba pie 24 V, kas nodro\u0161ina lielu ener\u0123ijas ietilp\u012bbu sare\u017e\u0123\u012bt\u0101m konfigur\u0101cij\u0101m.\",\"breadcrumb\":{\"@id\":\"https:\\\/\\\/fontemenergy.lt\\\/lv\\\/product\\\/litija-akumulatori\\\/lifepo4-24v-200ah-akumulatori\\\/#breadcrumb\"},\"inLanguage\":\"lv-LV\",\"potentialAction\":[{\"@type\":\"ReadAction\",\"target\":[\"https:\\\/\\\/fontemenergy.lt\\\/lv\\\/product\\\/litija-akumulatori\\\/lifepo4-24v-200ah-akumulatori\\\/\"]}]},{\"@type\":\"ImageObject\",\"inLanguage\":\"lv-LV\",\"@id\":\"https:\\\/\\\/fontemenergy.lt\\\/lv\\\/product\\\/litija-akumulatori\\\/lifepo4-24v-200ah-akumulatori\\\/#primaryimage\",\"url\":\"https:\\\/\\\/fontemenergy.lt\\\/wp-content\\\/uploads\\\/2024\\\/11\\\/LifePO4-24V200Ah.png\",\"contentUrl\":\"https:\\\/\\\/fontemenergy.lt\\\/wp-content\\\/uploads\\\/2024\\\/11\\\/LifePO4-24V200Ah.png\",\"width\":1080,\"height\":1080,\"caption\":\"LifePO4 24V200Ah\"},{\"@type\":\"BreadcrumbList\",\"@id\":\"https:\\\/\\\/fontemenergy.lt\\\/lv\\\/product\\\/litija-akumulatori\\\/lifepo4-24v-200ah-akumulatori\\\/#breadcrumb\",\"itemListElement\":[{\"@type\":\"ListItem\",\"position\":1,\"name\":\"Home\",\"item\":\"https:\\\/\\\/fontemenergy.lt\\\/lv\\\/sakums\\\/\"},{\"@type\":\"ListItem\",\"position\":2,\"name\":\"Ra\u017eo\u0161ana\",\"item\":\"https:\\\/\\\/fontemenergy.lt\\\/lv\\\/razosana\\\/\"},{\"@type\":\"ListItem\",\"position\":3,\"name\":\"LiFePO4 24V 200Ah akumulatori\"}]},{\"@type\":\"WebSite\",\"@id\":\"https:\\\/\\\/fontemenergy.lt\\\/lv\\\/#website\",\"url\":\"https:\\\/\\\/fontemenergy.lt\\\/lv\\\/\",\"name\":\"Fontem Energy\",\"description\":\"Fontem Energy Website\",\"publisher\":{\"@id\":\"https:\\\/\\\/fontemenergy.lt\\\/lv\\\/#organization\"},\"potentialAction\":[{\"@type\":\"SearchAction\",\"target\":{\"@type\":\"EntryPoint\",\"urlTemplate\":\"https:\\\/\\\/fontemenergy.lt\\\/lv\\\/?s={search_term_string}\"},\"query-input\":{\"@type\":\"PropertyValueSpecification\",\"valueRequired\":true,\"valueName\":\"search_term_string\"}}],\"inLanguage\":\"lv-LV\"},{\"@type\":\"Organization\",\"@id\":\"https:\\\/\\\/fontemenergy.lt\\\/lv\\\/#organization\",\"name\":\"Font Energy\",\"url\":\"https:\\\/\\\/fontemenergy.lt\\\/lv\\\/\",\"logo\":{\"@type\":\"ImageObject\",\"inLanguage\":\"lv-LV\",\"@id\":\"https:\\\/\\\/fontemenergy.lt\\\/lv\\\/#\\\/schema\\\/logo\\\/image\\\/\",\"url\":\"https:\\\/\\\/fontemenergy.lt\\\/wp-content\\\/uploads\\\/2024\\\/06\\\/Transparent-Logo-2-1-1.png\",\"contentUrl\":\"https:\\\/\\\/fontemenergy.lt\\\/wp-content\\\/uploads\\\/2024\\\/06\\\/Transparent-Logo-2-1-1.png\",\"width\":972,\"height\":400,\"caption\":\"Font Energy\"},\"image\":{\"@id\":\"https:\\\/\\\/fontemenergy.lt\\\/lv\\\/#\\\/schema\\\/logo\\\/image\\\/\"}}]}<\/script>\n<!-- \/ Yoast SEO plugin. -->","yoast_head_json":{"title":"%LiFePO4 24V 200Ah akumulatori-% Lab\u0101k\u0101 cena Lietuv\u0101","description":"Liela 200 Ah ietilp\u012bba pie 24 V, kas nodro\u0161ina lielu ener\u0123ijas ietilp\u012bbu sare\u017e\u0123\u012bt\u0101m konfigur\u0101cij\u0101m.","robots":{"index":"index","follow":"follow","max-snippet":"max-snippet:-1","max-image-preview":"max-image-preview:large","max-video-preview":"max-video-preview:-1"},"canonical":"https:\/\/fontemenergy.lt\/lv\/product\/litija-akumulatori\/lifepo4-24v-200ah-akumulatori\/","og_locale":"lv_LV","og_type":"article","og_title":"%LiFePO4 24V 200Ah akumulatori-% Lab\u0101k\u0101 cena Lietuv\u0101","og_description":"Liela 200 Ah ietilp\u012bba pie 24 V, kas nodro\u0161ina lielu ener\u0123ijas ietilp\u012bbu sare\u017e\u0123\u012bt\u0101m konfigur\u0101cij\u0101m.","og_url":"https:\/\/fontemenergy.lt\/lv\/product\/litija-akumulatori\/lifepo4-24v-200ah-akumulatori\/","og_site_name":"Fontem Energy","og_image":[{"width":1080,"height":1080,"url":"https:\/\/fontemenergy.lt\/wp-content\/uploads\/2024\/11\/LifePO4-24V200Ah.png","type":"image\/png"}],"twitter_card":"summary_large_image","twitter_misc":{"Est. reading time":"2 minutes"},"schema":{"@context":"https:\/\/schema.org","@graph":[{"@type":"WebPage","@id":"https:\/\/fontemenergy.lt\/lv\/product\/litija-akumulatori\/lifepo4-24v-200ah-akumulatori\/","url":"https:\/\/fontemenergy.lt\/lv\/product\/litija-akumulatori\/lifepo4-24v-200ah-akumulatori\/","name":"%LiFePO4 24V 200Ah akumulatori-% Lab\u0101k\u0101 cena Lietuv\u0101","isPartOf":{"@id":"https:\/\/fontemenergy.lt\/lv\/#website"},"primaryImageOfPage":{"@id":"https:\/\/fontemenergy.lt\/lv\/product\/litija-akumulatori\/lifepo4-24v-200ah-akumulatori\/#primaryimage"},"image":{"@id":"https:\/\/fontemenergy.lt\/lv\/product\/litija-akumulatori\/lifepo4-24v-200ah-akumulatori\/#primaryimage"},"thumbnailUrl":"https:\/\/fontemenergy.lt\/wp-content\/uploads\/2024\/11\/LifePO4-24V200Ah.png","datePublished":"2024-11-08T09:28:57+00:00","description":"Liela 200 Ah ietilp\u012bba pie 24 V, kas nodro\u0161ina lielu ener\u0123ijas ietilp\u012bbu sare\u017e\u0123\u012bt\u0101m konfigur\u0101cij\u0101m.","breadcrumb":{"@id":"https:\/\/fontemenergy.lt\/lv\/product\/litija-akumulatori\/lifepo4-24v-200ah-akumulatori\/#breadcrumb"},"inLanguage":"lv-LV","potentialAction":[{"@type":"ReadAction","target":["https:\/\/fontemenergy.lt\/lv\/product\/litija-akumulatori\/lifepo4-24v-200ah-akumulatori\/"]}]},{"@type":"ImageObject","inLanguage":"lv-LV","@id":"https:\/\/fontemenergy.lt\/lv\/product\/litija-akumulatori\/lifepo4-24v-200ah-akumulatori\/#primaryimage","url":"https:\/\/fontemenergy.lt\/wp-content\/uploads\/2024\/11\/LifePO4-24V200Ah.png","contentUrl":"https:\/\/fontemenergy.lt\/wp-content\/uploads\/2024\/11\/LifePO4-24V200Ah.png","width":1080,"height":1080,"caption":"LifePO4 24V200Ah"},{"@type":"BreadcrumbList","@id":"https:\/\/fontemenergy.lt\/lv\/product\/litija-akumulatori\/lifepo4-24v-200ah-akumulatori\/#breadcrumb","itemListElement":[{"@type":"ListItem","position":1,"name":"Home","item":"https:\/\/fontemenergy.lt\/lv\/sakums\/"},{"@type":"ListItem","position":2,"name":"Ra\u017eo\u0161ana","item":"https:\/\/fontemenergy.lt\/lv\/razosana\/"},{"@type":"ListItem","position":3,"name":"LiFePO4 24V 200Ah akumulatori"}]},{"@type":"WebSite","@id":"https:\/\/fontemenergy.lt\/lv\/#website","url":"https:\/\/fontemenergy.lt\/lv\/","name":"Fontem Energy","description":"Fontem Energy Website","publisher":{"@id":"https:\/\/fontemenergy.lt\/lv\/#organization"},"potentialAction":[{"@type":"SearchAction","target":{"@type":"EntryPoint","urlTemplate":"https:\/\/fontemenergy.lt\/lv\/?s={search_term_string}"},"query-input":{"@type":"PropertyValueSpecification","valueRequired":true,"valueName":"search_term_string"}}],"inLanguage":"lv-LV"},{"@type":"Organization","@id":"https:\/\/fontemenergy.lt\/lv\/#organization","name":"Font Energy","url":"https:\/\/fontemenergy.lt\/lv\/","logo":{"@type":"ImageObject","inLanguage":"lv-LV","@id":"https:\/\/fontemenergy.lt\/lv\/#\/schema\/logo\/image\/","url":"https:\/\/fontemenergy.lt\/wp-content\/uploads\/2024\/06\/Transparent-Logo-2-1-1.png","contentUrl":"https:\/\/fontemenergy.lt\/wp-content\/uploads\/2024\/06\/Transparent-Logo-2-1-1.png","width":972,"height":400,"caption":"Font Energy"},"image":{"@id":"https:\/\/fontemenergy.lt\/lv\/#\/schema\/logo\/image\/"}}]}},"_links":{"self":[{"href":"https:\/\/fontemenergy.lt\/lv\/wp-json\/wp\/v2\/product\/3554","targetHints":{"allow":["GET"]}}],"collection":[{"href":"https:\/\/fontemenergy.lt\/lv\/wp-json\/wp\/v2\/product"}],"about":[{"href":"https:\/\/fontemenergy.lt\/lv\/wp-json\/wp\/v2\/types\/product"}],"wp:featuredmedia":[{"embeddable":true,"href":"https:\/\/fontemenergy.lt\/lv\/wp-json\/wp\/v2\/media\/3562"}],"wp:attachment":[{"href":"https:\/\/fontemenergy.lt\/lv\/wp-json\/wp\/v2\/media?parent=3554"}],"wp:term":[{"taxonomy":"product_brand","embeddable":true,"href":"https:\/\/fontemenergy.lt\/lv\/wp-json\/wp\/v2\/product_brand?post=3554"},{"taxonomy":"product_cat","embeddable":true,"href":"https:\/\/fontemenergy.lt\/lv\/wp-json\/wp\/v2\/product_cat?post=3554"},{"taxonomy":"product_tag","embeddable":true,"href":"https:\/\/fontemenergy.lt\/lv\/wp-json\/wp\/v2\/product_tag?post=3554"}],"curies":[{"name":"wp","href":"https:\/\/api.w.org\/{rel}","templated":true}]}}