{"id":3536,"date":"2024-11-07T16:13:09","date_gmt":"2024-11-07T14:13:09","guid":{"rendered":"https:\/\/fontemenergy.lt\/produkcija\/uncategorized\/lifepo4-48v-100ah-akumulatori-5kwh\/"},"modified":"2024-11-07T16:13:09","modified_gmt":"2024-11-07T14:13:09","slug":"lifepo4-48v-100ah-akumulatori-5kwh","status":"publish","type":"product","link":"https:\/\/fontemenergy.lt\/lv\/product\/litija-akumulatori\/lifepo4-48v-100ah-akumulatori-5kwh\/","title":{"rendered":"LiFePO4 48V 100Ah akumulatori (5kWh)"},"content":{"rendered":"<p data-start=\"96\" data-end=\"202\"><strong data-start=\"100\" data-end=\"202\">\ud83d\udd0bLiFePO4 48V 100Ah &#8211; jaud\u012bgs un iztur\u012bgs risin\u0101jums saules sist\u0113m\u0101m, invertoriem un r\u016bpniec\u012bbai<\/strong><\/p>\n<p data-start=\"204\" data-end=\"334\">Augstsprieguma, dro\u0161a un uzticama ener\u0123ija sare\u017e\u0123\u012btiem elektrotehnikas risin\u0101jumiem &#8211; no bezt\u012bklu saules elektrostacij\u0101m l\u012bdz r\u016bpniecisk\u0101m sist\u0113m\u0101m.<\/p>\n<hr data-start=\"336\" data-end=\"339\">\n<h3 data-start=\"341\" data-end=\"384\">\u2705 <strong data-start=\"347\" data-end=\"384\">K\u0101p\u0113c izv\u0113l\u0113ties \u0161o akumulatoru<\/strong>?<\/h3>\n<p data-start=\"386\" data-end=\"789\">\u2705 Augstas kvalit\u0101tes <strong data-start=\"404\" data-end=\"421\">LiFePO4 elementi<\/strong> &#8211; ilgs kalpo\u0161anas laiks l\u012bdz 5000 cikliem<br data-start=\"461\" data-end=\"464\">\u2705 Uzticama <strong data-start=\"476\" data-end=\"506\">BMS ar akt\u012bvu balans\u0113\u0161anu<\/strong> &#8211; aizsarg\u0101 pret p\u0101rl\u0101d\u0113\u0161anos, \u012bssavienojumiem un p\u0101rslodzi<br data-start=\"569\" data-end=\"572\">\u2705 Ide\u0101ls akumulators <strong data-start=\"590\" data-end=\"643\">invertoriem, UPS sist\u0113m\u0101m un saules elektrostacij\u0101m<\/strong><br data-start=\"643\" data-end=\"646\">\u2705 Kluss, videi draudz\u012bgs un neuztur\u012bgs risin\u0101jums (80% atliku\u0161\u0101s jaudas)<br data-start=\"708\" data-end=\"711\">\u2705 <strong data-start=\"713\" data-end=\"761\">Bluetooth akumulatora uzraudz\u012bba, izmantojot t\u0101lru\u0146a lietotni<\/strong><br data-start=\"761\" data-end=\"764\">\u2705 <strong data-start=\"766\" data-end=\"789\">Garantija &#8211; 1 gads<\/strong><\/p>\n<hr data-start=\"791\" data-end=\"794\">\n<h3 data-start=\"796\" data-end=\"824\">\ud83d\udd27 <strong data-start=\"803\" data-end=\"824\">Tehnisk\u0101s \u012bpa\u0161\u012bbas<\/strong><\/h3>\n<ul data-start=\"826\" data-end=\"1010\">\n<li data-start=\"826\" data-end=\"856\">\n<p data-start=\"828\" data-end=\"856\"><strong data-start=\"828\" data-end=\"848\">Nomin\u0101lais spriegums:<\/strong> 51,2 V<\/p>\n<\/li>\n<li data-start=\"857\" data-end=\"887\">\n<p data-start=\"859\" data-end=\"887\"><strong data-start=\"859\" data-end=\"869\">Jauda<\/strong>: 100Ah (~ 5120Wh)<\/p>\n<\/li>\n<li data-start=\"888\" data-end=\"925\">\n<p data-start=\"890\" data-end=\"925\"><strong data-start=\"890\" data-end=\"915\">Maks. Uzl\u0101des str\u0101va: <\/strong>  50-100A<\/p>\n<\/li>\n<li data-start=\"926\" data-end=\"965\">\n<p data-start=\"928\" data-end=\"965\"><strong data-start=\"928\" data-end=\"954\">Maks. Izl\u0101des str\u0101va: <\/strong>  100-150A<\/p>\n<\/li>\n<li data-start=\"966\" data-end=\"1010\">\n<p data-start=\"968\" data-end=\"1010\"><strong data-start=\"968\" data-end=\"988\">Uzl\u0101des spriegums:<\/strong> 58,4 V (aizsarg\u0101ts ar BMS)<\/p>\n<\/li>\n<\/ul>\n<hr data-start=\"1012\" data-end=\"1015\">\n<h3 data-start=\"1017\" data-end=\"1048\">\ud83c\udf21\ufe0f <strong data-start=\"1025\" data-end=\"1048\">Darba temperat\u016bra<\/strong><\/h3>\n<ul data-start=\"1050\" data-end=\"1112\">\n<li data-start=\"1050\" data-end=\"1079\">\n<p data-start=\"1052\" data-end=\"1079\"><strong data-start=\"1052\" data-end=\"1066\">Uzl\u0101de:<\/strong> 0\u00b0C &#8211; 45\u00b0C<\/p>\n<\/li>\n<li data-start=\"1080\" data-end=\"1112\">\n<p data-start=\"1082\" data-end=\"1112\"><strong data-start=\"1082\" data-end=\"1097\">Izl\u0101de:<\/strong> -20\u00b0C &#8211; 60\u00b0C<\/p>\n<\/li>\n<\/ul>\n<hr data-start=\"1114\" data-end=\"1117\">\n<h3 data-start=\"1119\" data-end=\"1141\">\u26a1 <strong data-start=\"1125\" data-end=\"1141\">Piel\u0101go\u0161ana<\/strong>:<\/h3>\n<ul data-start=\"1143\" data-end=\"1445\">\n<li data-start=\"1143\" data-end=\"1177\">\n<p data-start=\"1145\" data-end=\"1177\"><strong data-start=\"1145\" data-end=\"1175\">Bezt\u012bklu saules sp\u0113kstacijas<\/strong><\/p>\n<\/li>\n<li data-start=\"1178\" data-end=\"1235\">\n<p data-start=\"1180\" data-end=\"1235\"><strong data-start=\"1180\" data-end=\"1233\">Hibr\u012bd\u0101s un rezerves (UPS) baro\u0161anas sist\u0113mas<\/strong><\/p>\n<\/li>\n<li data-start=\"1236\" data-end=\"1267\">\n<p data-start=\"1238\" data-end=\"1267\"><strong data-start=\"1238\" data-end=\"1265\">R\u016bpnieciskie invertori<\/strong><\/p>\n<\/li>\n<li data-start=\"1268\" data-end=\"1328\">\n<p data-start=\"1270\" data-end=\"1328\"><strong data-start=\"1270\" data-end=\"1326\">Uzl\u0101des stacijas un ener\u0123ijas sadales risin\u0101jumi<\/strong><\/p>\n<\/li>\n<li data-start=\"1329\" data-end=\"1374\">\n<p data-start=\"1331\" data-end=\"1374\"><strong data-start=\"1331\" data-end=\"1372\">Lieljaudas akumulatoru sist\u0113mas<\/strong><\/p>\n<\/li>\n<li data-start=\"1375\" data-end=\"1445\">\n<p data-start=\"1377\" data-end=\"1445\"><strong data-start=\"1377\" data-end=\"1445\">Lieli autofurgoni, mobili risin\u0101jumi ar augstu sprieguma piepras\u012bjumu<\/strong><\/p>\n<\/li>\n<\/ul>\n<hr data-start=\"1447\" data-end=\"1450\">\n<h3 data-start=\"1452\" data-end=\"1487\">\ud83c\udfc6 <strong data-start=\"1459\" data-end=\"1487\">Galven\u0101s priek\u0161roc\u012bbas:<\/strong><\/h3>\n<p data-start=\"1489\" data-end=\"1802\">\u2705 <strong>Ilgs kalpo\u0161anas laiks<\/strong> &#8211; l\u012bdz <strong data-start=\"1520\" data-end=\"1534\">5000 cikliem<\/strong> (80% atliku\u0161\u0101s ietilp\u012bbas)<br data-start=\"1553\" data-end=\"1556\">\u2705 <strong data-start=\"1558\" data-end=\"1596\">Iev\u0113rojami viegl\u0101ki un kompakt\u0101ki<\/strong> nek\u0101 svina-sk\u0101bes akumulatori<br data-start=\"1616\" data-end=\"1619\">\u2705 <strong data-start=\"1621\" data-end=\"1646\">Augsts dro\u0161\u012bbas l\u012bmenis<\/strong> &#8211; nekait\u012bga un stabila LiFePO4 tehnolo\u0123ija<br data-start=\"1693\" data-end=\"1696\">\u2705 <strong data-start=\"1698\" data-end=\"1734\">Energoefekt\u012bva<\/strong> un \u0101tra uzl\u0101de<br data-start=\"1755\" data-end=\"1758\">\u2705 <strong data-start=\"1760\" data-end=\"1782\">Bluetooth vad\u012bba<\/strong> &#8211; viss j\u016bsu t\u0101lrun\u012b.<\/p>\n<hr data-start=\"1804\" data-end=\"1807\">\n<h3 data-start=\"866\" data-end=\"901\">\u26a1 <strong data-start=\"872\" data-end=\"901\">Elast\u012bba un papla\u0161in\u0101m\u012bba<\/strong>:<\/h3>\n<p data-start=\"903\" data-end=\"1055\">L\u012bdz  <strong data-start=\"923\" data-end=\"942\">3 baterijas <\/strong>  vien\u0101 sist\u0113m\u0101:<br data-start=\"959\" data-end=\"962\">\u27a1\ufe0f <strong data-start=\"965\" data-end=\"986\">48V 300Ah (15kWh<\/strong> ) &#8211; jaud\u012bga, papla\u0161in\u0101ma ener\u0123ijas uzglab\u0101\u0161anas sist\u0113ma liel\u0101kiem lietojumiem.<\/p>\n<hr data-start=\"1057\" data-end=\"1060\">\n<h3 data-start=\"1062\" data-end=\"1104\">\ud83d\udee1\ufe0f <strong data-start=\"1070\" data-end=\"1104\">P\u0101rbaud\u012bta kvalit\u0101te un uzticam\u012bba<\/strong><\/h3>\n<p data-start=\"1106\" data-end=\"1211\">Katrs akumulators pirms p\u0101rdo\u0161anas tiek <strong data-start=\"1129\" data-end=\"1148\">piln\u012bb\u0101 p\u0101rbaud\u012bts<\/strong> &#8211; m\u0113s garant\u0113jam funkcionalit\u0101ti un dro\u0161u darb\u012bbu.<\/p>\n<p data-start=\"1809\" data-end=\"1942\"><strong data-start=\"1809\" data-end=\"1858\">Fontem Energy &#8211; kad uzticama ener\u0123ija ir svar\u012bga.<\/strong><br data-start=\"1858\" data-end=\"1861\">Sazinieties ar mums un sa\u0146emiet risin\u0101jumu, kas apmierin\u0101s j\u016bsu vajadz\u012bbas gadiem ilgi. \ud83c\udf1e\ud83d\udd0c <\/p>\n<p data-start=\"1944\" data-end=\"1995\">\ud83d\udee1\ufe0f <strong data-start=\"1948\" data-end=\"1962\">Garantija:<\/strong> 1 gads<br data-start=\"1970\" data-end=\"1973\">\ud83d\udcb0 <strong data-start=\"1976\" data-end=\"1986\">Cena:<\/strong> 600\u20ac<\/p>\n<p>&nbsp;<\/p>\n","protected":false},"excerpt":{"rendered":"<p><strong>  Specifik\u0101cija<\/strong><\/p>\n<ul>\n<li>Jauda, Ah: <strong> 100<\/strong><\/li>\n<li>Spriegums, V: <strong>48<\/strong><\/li>\n<li>Svars, kg: <strong>45<\/strong><\/li>\n<li>Garantija, m\u0113ne\u0161i: <strong>12<\/strong><\/li>\n<li>Garums\u00d7platums\u00d7augstums, cm: <strong>65\u00d736\u00d716<\/strong><\/li>\n<\/ul>\n","protected":false},"featured_media":3544,"template":"","meta":{"site-sidebar-layout":"default","site-content-layout":"","ast-site-content-layout":"default","site-content-style":"default","site-sidebar-style":"default","ast-global-header-display":"","ast-banner-title-visibility":"","ast-main-header-display":"","ast-hfb-above-header-display":"","ast-hfb-below-header-display":"","ast-hfb-mobile-header-display":"","site-post-title":"","ast-breadcrumbs-content":"","ast-featured-img":"","footer-sml-layout":"","theme-transparent-header-meta":"default","adv-header-id-meta":"","stick-header-meta":"","header-above-stick-meta":"","header-main-stick-meta":"","header-below-stick-meta":"","astra-migrate-meta-layouts":"default","ast-page-background-enabled":"default","ast-page-background-meta":{"desktop":{"background-color":"","background-image":"","background-repeat":"repeat","background-position":"center center","background-size":"auto","background-attachment":"scroll","background-type":"","background-media":"","overlay-type":"","overlay-color":"","overlay-opacity":"","overlay-gradient":""},"tablet":{"background-color":"","background-image":"","background-repeat":"repeat","background-position":"center center","background-size":"auto","background-attachment":"scroll","background-type":"","background-media":"","overlay-type":"","overlay-color":"","overlay-opacity":"","overlay-gradient":""},"mobile":{"background-color":"","background-image":"","background-repeat":"repeat","background-position":"center center","background-size":"auto","background-attachment":"scroll","background-type":"","background-media":"","overlay-type":"","overlay-color":"","overlay-opacity":"","overlay-gradient":""}},"ast-content-background-meta":{"desktop":{"background-color":"var(--ast-global-color-5)","background-image":"","background-repeat":"repeat","background-position":"center center","background-size":"auto","background-attachment":"scroll","background-type":"","background-media":"","overlay-type":"","overlay-color":"","overlay-opacity":"","overlay-gradient":""},"tablet":{"background-color":"var(--ast-global-color-5)","background-image":"","background-repeat":"repeat","background-position":"center center","background-size":"auto","background-attachment":"scroll","background-type":"","background-media":"","overlay-type":"","overlay-color":"","overlay-opacity":"","overlay-gradient":""},"mobile":{"background-color":"var(--ast-global-color-5)","background-image":"","background-repeat":"repeat","background-position":"center center","background-size":"auto","background-attachment":"scroll","background-type":"","background-media":"","overlay-type":"","overlay-color":"","overlay-opacity":"","overlay-gradient":""}}},"product_brand":[],"product_cat":[149],"product_tag":[],"class_list":{"0":"post-3536","1":"product","2":"type-product","3":"status-publish","4":"has-post-thumbnail","6":"product_cat-litija-akumulatori","7":"pa_itampav-145","8":"pa_talpaah-147","9":"desktop-align-left","10":"tablet-align-left","11":"mobile-align-left","13":"first","14":"instock","15":"taxable","16":"shipping-taxable","17":"purchasable","18":"product-type-simple"},"yoast_head":"<!-- This site is optimized with the Yoast SEO plugin v26.0 - https:\/\/yoast.com\/wordpress\/plugins\/seo\/ -->\n<title>LiFe PO4 48V 100Ah akumulatori % -% Lab\u0101k\u0101 cena Lietuv\u0101<\/title>\n<meta name=\"description\" content=\"Izmantotas tikai augst\u0101k\u0101s kvalit\u0101tes sast\u0101vda\u013cas, BMS 300A. Jauda 9,14 kWh. Maksim\u0101lais spriegums 58,8 V, minim\u0101lais 42 V, 180 Ah.\" \/>\n<meta name=\"robots\" content=\"index, follow, max-snippet:-1, max-image-preview:large, max-video-preview:-1\" \/>\n<link rel=\"canonical\" href=\"https:\/\/fontemenergy.lt\/lv\/product\/litija-akumulatori\/lifepo4-48v-100ah-akumulatori-5kwh\/\" \/>\n<meta property=\"og:locale\" content=\"lv_LV\" \/>\n<meta property=\"og:type\" content=\"article\" \/>\n<meta property=\"og:title\" content=\"LiFe PO4 48V 100Ah akumulatori % -% Lab\u0101k\u0101 cena Lietuv\u0101\" \/>\n<meta property=\"og:description\" content=\"Izmantotas tikai augst\u0101k\u0101s kvalit\u0101tes sast\u0101vda\u013cas, BMS 300A. Jauda 9,14 kWh. Maksim\u0101lais spriegums 58,8 V, minim\u0101lais 42 V, 180 Ah.\" \/>\n<meta property=\"og:url\" content=\"https:\/\/fontemenergy.lt\/lv\/product\/litija-akumulatori\/lifepo4-48v-100ah-akumulatori-5kwh\/\" \/>\n<meta property=\"og:site_name\" content=\"Fontem Energy\" \/>\n<meta property=\"og:image\" content=\"https:\/\/fontemenergy.lt\/wp-content\/uploads\/2024\/11\/LifePO4-48V100Ah-5kWh.png\" \/>\n\t<meta property=\"og:image:width\" content=\"1080\" \/>\n\t<meta property=\"og:image:height\" content=\"1080\" \/>\n\t<meta property=\"og:image:type\" content=\"image\/png\" \/>\n<meta name=\"twitter:card\" content=\"summary_large_image\" \/>\n<meta name=\"twitter:label1\" content=\"Est. reading time\" \/>\n\t<meta name=\"twitter:data1\" content=\"2 minutes\" \/>\n<script type=\"application\/ld+json\" class=\"yoast-schema-graph\">{\"@context\":\"https:\/\/schema.org\",\"@graph\":[{\"@type\":\"WebPage\",\"@id\":\"https:\/\/fontemenergy.lt\/lv\/product\/litija-akumulatori\/lifepo4-48v-100ah-akumulatori-5kwh\/\",\"url\":\"https:\/\/fontemenergy.lt\/lv\/product\/litija-akumulatori\/lifepo4-48v-100ah-akumulatori-5kwh\/\",\"name\":\"LiFe PO4 48V 100Ah akumulatori % -% Lab\u0101k\u0101 cena Lietuv\u0101\",\"isPartOf\":{\"@id\":\"https:\/\/fontemenergy.lt\/lv\/#website\"},\"primaryImageOfPage\":{\"@id\":\"https:\/\/fontemenergy.lt\/lv\/product\/litija-akumulatori\/lifepo4-48v-100ah-akumulatori-5kwh\/#primaryimage\"},\"image\":{\"@id\":\"https:\/\/fontemenergy.lt\/lv\/product\/litija-akumulatori\/lifepo4-48v-100ah-akumulatori-5kwh\/#primaryimage\"},\"thumbnailUrl\":\"https:\/\/fontemenergy.lt\/wp-content\/uploads\/2024\/11\/LifePO4-48V100Ah-5kWh.png\",\"datePublished\":\"2024-11-07T14:13:09+00:00\",\"description\":\"Izmantotas tikai augst\u0101k\u0101s kvalit\u0101tes sast\u0101vda\u013cas, BMS 300A. Jauda 9,14 kWh. Maksim\u0101lais spriegums 58,8 V, minim\u0101lais 42 V, 180 Ah.\",\"breadcrumb\":{\"@id\":\"https:\/\/fontemenergy.lt\/lv\/product\/litija-akumulatori\/lifepo4-48v-100ah-akumulatori-5kwh\/#breadcrumb\"},\"inLanguage\":\"lv-LV\",\"potentialAction\":[{\"@type\":\"ReadAction\",\"target\":[\"https:\/\/fontemenergy.lt\/lv\/product\/litija-akumulatori\/lifepo4-48v-100ah-akumulatori-5kwh\/\"]}]},{\"@type\":\"ImageObject\",\"inLanguage\":\"lv-LV\",\"@id\":\"https:\/\/fontemenergy.lt\/lv\/product\/litija-akumulatori\/lifepo4-48v-100ah-akumulatori-5kwh\/#primaryimage\",\"url\":\"https:\/\/fontemenergy.lt\/wp-content\/uploads\/2024\/11\/LifePO4-48V100Ah-5kWh.png\",\"contentUrl\":\"https:\/\/fontemenergy.lt\/wp-content\/uploads\/2024\/11\/LifePO4-48V100Ah-5kWh.png\",\"width\":1080,\"height\":1080,\"caption\":\"LifePO4 48V100Ah 5kWh\"},{\"@type\":\"BreadcrumbList\",\"@id\":\"https:\/\/fontemenergy.lt\/lv\/product\/litija-akumulatori\/lifepo4-48v-100ah-akumulatori-5kwh\/#breadcrumb\",\"itemListElement\":[{\"@type\":\"ListItem\",\"position\":1,\"name\":\"Home\",\"item\":\"https:\/\/fontemenergy.lt\/lv\/sakums\/\"},{\"@type\":\"ListItem\",\"position\":2,\"name\":\"Ra\u017eo\u0161ana\",\"item\":\"https:\/\/fontemenergy.lt\/lv\/razosana\/\"},{\"@type\":\"ListItem\",\"position\":3,\"name\":\"LiFePO4 48V 100Ah akumulatori (5kWh)\"}]},{\"@type\":\"WebSite\",\"@id\":\"https:\/\/fontemenergy.lt\/lv\/#website\",\"url\":\"https:\/\/fontemenergy.lt\/lv\/\",\"name\":\"Fontem Energy\",\"description\":\"Fontem Energy Website\",\"publisher\":{\"@id\":\"https:\/\/fontemenergy.lt\/lv\/#organization\"},\"potentialAction\":[{\"@type\":\"SearchAction\",\"target\":{\"@type\":\"EntryPoint\",\"urlTemplate\":\"https:\/\/fontemenergy.lt\/lv\/?s={search_term_string}\"},\"query-input\":{\"@type\":\"PropertyValueSpecification\",\"valueRequired\":true,\"valueName\":\"search_term_string\"}}],\"inLanguage\":\"lv-LV\"},{\"@type\":\"Organization\",\"@id\":\"https:\/\/fontemenergy.lt\/lv\/#organization\",\"name\":\"Font Energy\",\"url\":\"https:\/\/fontemenergy.lt\/lv\/\",\"logo\":{\"@type\":\"ImageObject\",\"inLanguage\":\"lv-LV\",\"@id\":\"https:\/\/fontemenergy.lt\/lv\/#\/schema\/logo\/image\/\",\"url\":\"https:\/\/fontemenergy.lt\/wp-content\/uploads\/2024\/06\/Transparent-Logo-2-1-1.png\",\"contentUrl\":\"https:\/\/fontemenergy.lt\/wp-content\/uploads\/2024\/06\/Transparent-Logo-2-1-1.png\",\"width\":972,\"height\":400,\"caption\":\"Font Energy\"},\"image\":{\"@id\":\"https:\/\/fontemenergy.lt\/lv\/#\/schema\/logo\/image\/\"}}]}<\/script>\n<!-- \/ Yoast SEO plugin. -->","yoast_head_json":{"title":"LiFe PO4 48V 100Ah akumulatori % -% Lab\u0101k\u0101 cena Lietuv\u0101","description":"Izmantotas tikai augst\u0101k\u0101s kvalit\u0101tes sast\u0101vda\u013cas, BMS 300A. Jauda 9,14 kWh. Maksim\u0101lais spriegums 58,8 V, minim\u0101lais 42 V, 180 Ah.","robots":{"index":"index","follow":"follow","max-snippet":"max-snippet:-1","max-image-preview":"max-image-preview:large","max-video-preview":"max-video-preview:-1"},"canonical":"https:\/\/fontemenergy.lt\/lv\/product\/litija-akumulatori\/lifepo4-48v-100ah-akumulatori-5kwh\/","og_locale":"lv_LV","og_type":"article","og_title":"LiFe PO4 48V 100Ah akumulatori % -% Lab\u0101k\u0101 cena Lietuv\u0101","og_description":"Izmantotas tikai augst\u0101k\u0101s kvalit\u0101tes sast\u0101vda\u013cas, BMS 300A. Jauda 9,14 kWh. Maksim\u0101lais spriegums 58,8 V, minim\u0101lais 42 V, 180 Ah.","og_url":"https:\/\/fontemenergy.lt\/lv\/product\/litija-akumulatori\/lifepo4-48v-100ah-akumulatori-5kwh\/","og_site_name":"Fontem Energy","og_image":[{"width":1080,"height":1080,"url":"https:\/\/fontemenergy.lt\/wp-content\/uploads\/2024\/11\/LifePO4-48V100Ah-5kWh.png","type":"image\/png"}],"twitter_card":"summary_large_image","twitter_misc":{"Est. reading time":"2 minutes"},"schema":{"@context":"https:\/\/schema.org","@graph":[{"@type":"WebPage","@id":"https:\/\/fontemenergy.lt\/lv\/product\/litija-akumulatori\/lifepo4-48v-100ah-akumulatori-5kwh\/","url":"https:\/\/fontemenergy.lt\/lv\/product\/litija-akumulatori\/lifepo4-48v-100ah-akumulatori-5kwh\/","name":"LiFe PO4 48V 100Ah akumulatori % -% Lab\u0101k\u0101 cena Lietuv\u0101","isPartOf":{"@id":"https:\/\/fontemenergy.lt\/lv\/#website"},"primaryImageOfPage":{"@id":"https:\/\/fontemenergy.lt\/lv\/product\/litija-akumulatori\/lifepo4-48v-100ah-akumulatori-5kwh\/#primaryimage"},"image":{"@id":"https:\/\/fontemenergy.lt\/lv\/product\/litija-akumulatori\/lifepo4-48v-100ah-akumulatori-5kwh\/#primaryimage"},"thumbnailUrl":"https:\/\/fontemenergy.lt\/wp-content\/uploads\/2024\/11\/LifePO4-48V100Ah-5kWh.png","datePublished":"2024-11-07T14:13:09+00:00","description":"Izmantotas tikai augst\u0101k\u0101s kvalit\u0101tes sast\u0101vda\u013cas, BMS 300A. Jauda 9,14 kWh. Maksim\u0101lais spriegums 58,8 V, minim\u0101lais 42 V, 180 Ah.","breadcrumb":{"@id":"https:\/\/fontemenergy.lt\/lv\/product\/litija-akumulatori\/lifepo4-48v-100ah-akumulatori-5kwh\/#breadcrumb"},"inLanguage":"lv-LV","potentialAction":[{"@type":"ReadAction","target":["https:\/\/fontemenergy.lt\/lv\/product\/litija-akumulatori\/lifepo4-48v-100ah-akumulatori-5kwh\/"]}]},{"@type":"ImageObject","inLanguage":"lv-LV","@id":"https:\/\/fontemenergy.lt\/lv\/product\/litija-akumulatori\/lifepo4-48v-100ah-akumulatori-5kwh\/#primaryimage","url":"https:\/\/fontemenergy.lt\/wp-content\/uploads\/2024\/11\/LifePO4-48V100Ah-5kWh.png","contentUrl":"https:\/\/fontemenergy.lt\/wp-content\/uploads\/2024\/11\/LifePO4-48V100Ah-5kWh.png","width":1080,"height":1080,"caption":"LifePO4 48V100Ah 5kWh"},{"@type":"BreadcrumbList","@id":"https:\/\/fontemenergy.lt\/lv\/product\/litija-akumulatori\/lifepo4-48v-100ah-akumulatori-5kwh\/#breadcrumb","itemListElement":[{"@type":"ListItem","position":1,"name":"Home","item":"https:\/\/fontemenergy.lt\/lv\/sakums\/"},{"@type":"ListItem","position":2,"name":"Ra\u017eo\u0161ana","item":"https:\/\/fontemenergy.lt\/lv\/razosana\/"},{"@type":"ListItem","position":3,"name":"LiFePO4 48V 100Ah akumulatori (5kWh)"}]},{"@type":"WebSite","@id":"https:\/\/fontemenergy.lt\/lv\/#website","url":"https:\/\/fontemenergy.lt\/lv\/","name":"Fontem Energy","description":"Fontem Energy Website","publisher":{"@id":"https:\/\/fontemenergy.lt\/lv\/#organization"},"potentialAction":[{"@type":"SearchAction","target":{"@type":"EntryPoint","urlTemplate":"https:\/\/fontemenergy.lt\/lv\/?s={search_term_string}"},"query-input":{"@type":"PropertyValueSpecification","valueRequired":true,"valueName":"search_term_string"}}],"inLanguage":"lv-LV"},{"@type":"Organization","@id":"https:\/\/fontemenergy.lt\/lv\/#organization","name":"Font Energy","url":"https:\/\/fontemenergy.lt\/lv\/","logo":{"@type":"ImageObject","inLanguage":"lv-LV","@id":"https:\/\/fontemenergy.lt\/lv\/#\/schema\/logo\/image\/","url":"https:\/\/fontemenergy.lt\/wp-content\/uploads\/2024\/06\/Transparent-Logo-2-1-1.png","contentUrl":"https:\/\/fontemenergy.lt\/wp-content\/uploads\/2024\/06\/Transparent-Logo-2-1-1.png","width":972,"height":400,"caption":"Font Energy"},"image":{"@id":"https:\/\/fontemenergy.lt\/lv\/#\/schema\/logo\/image\/"}}]}},"_links":{"self":[{"href":"https:\/\/fontemenergy.lt\/lv\/wp-json\/wp\/v2\/product\/3536","targetHints":{"allow":["GET"]}}],"collection":[{"href":"https:\/\/fontemenergy.lt\/lv\/wp-json\/wp\/v2\/product"}],"about":[{"href":"https:\/\/fontemenergy.lt\/lv\/wp-json\/wp\/v2\/types\/product"}],"wp:featuredmedia":[{"embeddable":true,"href":"https:\/\/fontemenergy.lt\/lv\/wp-json\/wp\/v2\/media\/3544"}],"wp:attachment":[{"href":"https:\/\/fontemenergy.lt\/lv\/wp-json\/wp\/v2\/media?parent=3536"}],"wp:term":[{"taxonomy":"product_brand","embeddable":true,"href":"https:\/\/fontemenergy.lt\/lv\/wp-json\/wp\/v2\/product_brand?post=3536"},{"taxonomy":"product_cat","embeddable":true,"href":"https:\/\/fontemenergy.lt\/lv\/wp-json\/wp\/v2\/product_cat?post=3536"},{"taxonomy":"product_tag","embeddable":true,"href":"https:\/\/fontemenergy.lt\/lv\/wp-json\/wp\/v2\/product_tag?post=3536"}],"curies":[{"name":"wp","href":"https:\/\/api.w.org\/{rel}","templated":true}]}}