{"id":3440,"date":"2024-07-08T12:46:10","date_gmt":"2024-07-08T09:46:10","guid":{"rendered":"https:\/\/fontemenergy.lt\/produkcija\/uncategorized\/toyota-8-fgf25-iekraveji\/"},"modified":"2024-07-08T12:46:10","modified_gmt":"2024-07-08T09:46:10","slug":"toyota-8-fgf25-iekraveji","status":"publish","type":"product","link":"https:\/\/fontemenergy.lt\/lv\/product\/daksu-iekraveji\/toyota-8-fgf25-iekraveji\/","title":{"rendered":"Toyota 8-FGF25 iekr\u0101v\u0113ji"},"content":{"rendered":"<h3><span style=\"color: #2b6f7a;\">Toyota 8 &#8211; FGF25 iekr\u0101v\u0113ju noma<\/span><\/h3>\n<ul>\n<li><span style=\"color: #4d3a3a;\">No 60 Eur + PVN (dien\u0101) + pieg\u0101de<\/span><\/li>\n<li><span style=\"color: #4d3a3a;\">500 &#8211; 600 Eur + PVN (m\u0113nes\u012b) + pieg\u0101de<\/span><\/li>\n<li><span style=\"color: #4d3a3a;\">35 Eur + PVN (viena stunda ar operatoru) + pieg\u0101de<\/span><\/li>\n<\/ul>\n<p>Lai uzzin\u0101tu inform\u0101ciju vai veiktu pas\u016bt\u012bjumu, <a href=\"tel:+37060977599\">t\u0101lrunis: +37060977599<\/a><\/p>\n<h3><strong>&#8220;Toyota 8-FGF25 Forklift&#8221; (2013) &#8211; uzticams risin\u0101jums 2500 kg kravas cel\u0161anai<\/strong><\/h3>\n<p><strong>Toyota 8-FGF25<\/strong> <strong>2013. gada<\/strong> mode\u013ca <strong>iekr\u0101v\u0113ji<\/strong> ir daudzpus\u012bgs un efekt\u012bvs materi\u0101lu p\u0101rkrau\u0161anas risin\u0101jums, kas ir ide\u0101li piem\u0113rots visda\u017e\u0101d\u0101kaj\u0101m nozar\u0113m. Ar <strong>2,5 t celtsp\u0113ju<\/strong> un modern\u0101m funkcij\u0101m \u0161is iekr\u0101v\u0113ji nodro\u0161ina visaugst\u0101ko produktivit\u0101tes, iztur\u012bbas un operatora komforta l\u012bmeni, padarot to par uzticamu izv\u0113li noliktav\u0101m, izplat\u012b\u0161anas centriem un ra\u017eo\u0161anas uz\u0146\u0113mumiem. <\/p>\n<h4><strong>Galven\u0101s funkcijas:<\/strong><\/h4>\n<ul>\n<li><strong>Celtsp\u0113ja<\/strong>: 2500 kg, ide\u0101li piem\u0113rots vid\u0113ja izm\u0113ra krav\u0101m un elast\u012bgiem cel\u0161anas uzdevumiem.<\/li>\n<li><strong>Dzin\u0113js<\/strong>: darbina <strong>augstas efektivit\u0101tes benz\u012bna\/sa\u0161\u0137idrin\u0101t\u0101s g\u0101zes dzin\u0113js<\/strong>, kas nodro\u0161ina vienm\u0113r\u012bgu darb\u012bbu un zemu izme\u0161u l\u012bmeni, izmanto\u0161anai telp\u0101s un \u0101rpus telp\u0101m.<\/li>\n<li><strong>Stubl\u0101ja tips:<\/strong> Pieejami divpak\u0101pju vai tr\u012bs pak\u0101pju mastu varianti, lai piel\u0101gotos da\u017e\u0101diem pacel\u0161anas augstumiem.<\/li>\n<li><strong>Uzlabota dro\u0161\u012bba<\/strong>: apr\u012bkots ar Toyota <strong>akt\u012bvo stabilit\u0101tes sist\u0113mu (SAS)<\/strong> un <strong>operatora pozicion\u0113\u0161anas sist\u0113mu (OPS)<\/strong>, kas samazina negad\u012bjumu risku un palielina dro\u0161\u012bbu ekspluat\u0101cijas laik\u0101.<\/li>\n<li><strong>Ergonomisks dizains<\/strong>: pla\u0161a operatora kab\u012bne ar lietot\u0101jam draudz\u012bg\u0101m vad\u012bbas ier\u012bc\u0113m nodro\u0161ina liel\u0101ku komfortu gar\u0101s mai\u0146\u0101s un maz\u0101ku nogurumu.<\/li>\n<li><strong>Degvielas pat\u0113ri\u0146a efektivit\u0101te<\/strong>: optimiz\u0113ts degvielas pat\u0113ri\u0146\u0161 samazina ekspluat\u0101cijas izmaksas, vienlaikus saglab\u0101jot lielisku jaudu un veiktsp\u0113ju.<br \/>\n<h4><strong>K\u0101p\u0113c izv\u0113l\u0113ties Toyota 8-FGF25 iekr\u0101v\u0113ju?<\/strong><\/h4>\n<ul>\n<li><strong>&#8220;Toyota uzticam\u012bba<\/strong>: Toyota iekr\u0101v\u0113ji ir paz\u012bstami ar izcilu uzb\u016bves kvalit\u0101ti un iztur\u012bbu, un tie ir konstru\u0113ti t\u0101, lai iztur\u0113tu stingru ekspluat\u0101ciju sare\u017e\u0123\u012btos apst\u0101k\u013cos.<\/li>\n<li><strong>Rentabla ekspluat\u0101cija<\/strong>: zemas uztur\u0113\u0161anas izmaksas un degvielas ekonomija padara \u0161o iekr\u0101v\u0113ju par bud\u017eeta zi\u0146\u0101 izdev\u012bgu izv\u0113li jebkuram uz\u0146\u0113mumam.<\/li>\n<li><strong>Daudzpus\u012bga veiktsp\u0113ja<\/strong>: Toyota 8-FGF25 autoiekr\u0101v\u0113ji efekt\u012bvi darbojas visda\u017e\u0101d\u0101kajos r\u016bpnieciskajos lietojumos &#8211; gan pale\u0161u, gan smagu pre\u010du, gan lielu materi\u0101lu iekrau\u0161an\u0101.<\/li>\n<\/ul>\n<p>Toyota <strong>8-FGF25 (2013)<\/strong> ir jaud\u012bgs un rentabls risin\u0101jums vis\u0101m j\u016bsu materi\u0101lu p\u0101rvieto\u0161anas vajadz\u012bb\u0101m, kas balst\u012bts uz Toyota uzticam\u012bbas un dro\u0161\u012bbas reput\u0101ciju.<\/li>\n<\/ul>\n","protected":false},"excerpt":{"rendered":"<ul>\n<li>Izgatavo\u0161anas datums 2013<\/li>\n<li>Tips Dak\u0161u iekr\u0101v\u0113ji<\/li>\n<li>Str\u0113les tips ,,Triplex&#8221;<\/li>\n<li>Dzin\u0113js 52AG (38kW)<\/li>\n<li>Degvielas veids G\u0101ze<\/li>\n<li>Pacel\u0161anas augstums, mm 5500 mm<\/li>\n<li>Celtsp\u0113ja, kg 2500kg<\/li>\n<li>Paka\u013c\u0113j\u0101 masa, kg 4640kg<\/li>\n<li>Jauns\/lietots Lietots<\/li>\n<\/ul>\n","protected":false},"featured_media":3442,"template":"","meta":{"site-sidebar-layout":"default","site-content-layout":"","ast-site-content-layout":"default","site-content-style":"default","site-sidebar-style":"default","ast-global-header-display":"","ast-banner-title-visibility":"","ast-main-header-display":"","ast-hfb-above-header-display":"","ast-hfb-below-header-display":"","ast-hfb-mobile-header-display":"","site-post-title":"","ast-breadcrumbs-content":"","ast-featured-img":"","footer-sml-layout":"","ast-disable-related-posts":"","theme-transparent-header-meta":"default","adv-header-id-meta":"","stick-header-meta":"","header-above-stick-meta":"","header-main-stick-meta":"","header-below-stick-meta":"","astra-migrate-meta-layouts":"default","ast-page-background-enabled":"default","ast-page-background-meta":{"desktop":{"background-color":"","background-image":"","background-repeat":"repeat","background-position":"center center","background-size":"auto","background-attachment":"scroll","background-type":"","background-media":"","overlay-type":"","overlay-color":"","overlay-opacity":"","overlay-gradient":""},"tablet":{"background-color":"","background-image":"","background-repeat":"repeat","background-position":"center center","background-size":"auto","background-attachment":"scroll","background-type":"","background-media":"","overlay-type":"","overlay-color":"","overlay-opacity":"","overlay-gradient":""},"mobile":{"background-color":"","background-image":"","background-repeat":"repeat","background-position":"center center","background-size":"auto","background-attachment":"scroll","background-type":"","background-media":"","overlay-type":"","overlay-color":"","overlay-opacity":"","overlay-gradient":""}},"ast-content-background-meta":{"desktop":{"background-color":"var(--ast-global-color-5)","background-image":"","background-repeat":"repeat","background-position":"center center","background-size":"auto","background-attachment":"scroll","background-type":"","background-media":"","overlay-type":"","overlay-color":"","overlay-opacity":"","overlay-gradient":""},"tablet":{"background-color":"var(--ast-global-color-5)","background-image":"","background-repeat":"repeat","background-position":"center center","background-size":"auto","background-attachment":"scroll","background-type":"","background-media":"","overlay-type":"","overlay-color":"","overlay-opacity":"","overlay-gradient":""},"mobile":{"background-color":"var(--ast-global-color-5)","background-image":"","background-repeat":"repeat","background-position":"center center","background-size":"auto","background-attachment":"scroll","background-type":"","background-media":"","overlay-type":"","overlay-color":"","overlay-opacity":"","overlay-gradient":""}}},"product_brand":[],"product_cat":[117],"product_tag":[],"class_list":{"0":"post-3440","1":"product","2":"type-product","3":"status-publish","4":"has-post-thumbnail","6":"product_cat-daksu-iekraveji","7":"pa_kuro-tipas-gazveida","8":"pa_prekes-zenklas-toyota","9":"pa_streles-tipas-triplex","10":"desktop-align-left","11":"tablet-align-left","12":"mobile-align-left","14":"first","15":"instock","16":"taxable","17":"shipping-taxable","18":"purchasable","19":"product-type-simple"},"yoast_head":"<!-- This site is optimized with the Yoast SEO plugin v27.4 - https:\/\/yoast.com\/product\/yoast-seo-wordpress\/ -->\n<title>%Toyota 8-FGF25 iekr\u0101v\u0113ji - Lietots par labu cenu -% %%<\/title>\n<meta name=\"description\" content=\"Iztur\u012bgs ar 2 500 kg kravnes\u012bbu. Tam ir ekonomisks dzin\u0113js, uzlabotas dro\u0161\u012bbas funkcijas un ergonomiskas vad\u012bbas ier\u012bces.\" \/>\n<meta name=\"robots\" content=\"index, follow, max-snippet:-1, max-image-preview:large, max-video-preview:-1\" \/>\n<link rel=\"canonical\" href=\"https:\/\/fontemenergy.lt\/lv\/product\/daksu-iekraveji\/toyota-8-fgf25-iekraveji\/\" \/>\n<meta property=\"og:locale\" content=\"lv_LV\" \/>\n<meta property=\"og:type\" content=\"article\" \/>\n<meta property=\"og:title\" content=\"%Toyota 8-FGF25 iekr\u0101v\u0113ji - Lietots par labu cenu -% %%\" \/>\n<meta property=\"og:description\" content=\"Iztur\u012bgs ar 2 500 kg kravnes\u012bbu. Tam ir ekonomisks dzin\u0113js, uzlabotas dro\u0161\u012bbas funkcijas un ergonomiskas vad\u012bbas ier\u012bces.\" \/>\n<meta property=\"og:url\" content=\"https:\/\/fontemenergy.lt\/lv\/product\/daksu-iekraveji\/toyota-8-fgf25-iekraveji\/\" \/>\n<meta property=\"og:site_name\" content=\"Fontem Energy\" \/>\n<meta property=\"og:image\" content=\"https:\/\/fontemenergy.lt\/wp-content\/uploads\/2024\/07\/Sakinis-krautuvas-toyota-8-fgf25.jpg\" \/>\n\t<meta property=\"og:image:width\" content=\"750\" \/>\n\t<meta property=\"og:image:height\" content=\"1000\" \/>\n\t<meta property=\"og:image:type\" content=\"image\/jpeg\" \/>\n<meta name=\"twitter:card\" content=\"summary_large_image\" \/>\n<meta name=\"twitter:label1\" content=\"Est. reading time\" \/>\n\t<meta name=\"twitter:data1\" content=\"2 minutes\" \/>\n<script type=\"application\/ld+json\" class=\"yoast-schema-graph\">{\"@context\":\"https:\\\/\\\/schema.org\",\"@graph\":[{\"@type\":\"WebPage\",\"@id\":\"https:\\\/\\\/fontemenergy.lt\\\/lv\\\/product\\\/daksu-iekraveji\\\/toyota-8-fgf25-iekraveji\\\/\",\"url\":\"https:\\\/\\\/fontemenergy.lt\\\/lv\\\/product\\\/daksu-iekraveji\\\/toyota-8-fgf25-iekraveji\\\/\",\"name\":\"%Toyota 8-FGF25 iekr\u0101v\u0113ji - Lietots par labu cenu -% %%\",\"isPartOf\":{\"@id\":\"https:\\\/\\\/fontemenergy.lt\\\/lv\\\/#website\"},\"primaryImageOfPage\":{\"@id\":\"https:\\\/\\\/fontemenergy.lt\\\/lv\\\/product\\\/daksu-iekraveji\\\/toyota-8-fgf25-iekraveji\\\/#primaryimage\"},\"image\":{\"@id\":\"https:\\\/\\\/fontemenergy.lt\\\/lv\\\/product\\\/daksu-iekraveji\\\/toyota-8-fgf25-iekraveji\\\/#primaryimage\"},\"thumbnailUrl\":\"https:\\\/\\\/fontemenergy.lt\\\/wp-content\\\/uploads\\\/2024\\\/07\\\/Sakinis-krautuvas-toyota-8-fgf25.jpg\",\"datePublished\":\"2024-07-08T09:46:10+00:00\",\"description\":\"Iztur\u012bgs ar 2 500 kg kravnes\u012bbu. Tam ir ekonomisks dzin\u0113js, uzlabotas dro\u0161\u012bbas funkcijas un ergonomiskas vad\u012bbas ier\u012bces.\",\"breadcrumb\":{\"@id\":\"https:\\\/\\\/fontemenergy.lt\\\/lv\\\/product\\\/daksu-iekraveji\\\/toyota-8-fgf25-iekraveji\\\/#breadcrumb\"},\"inLanguage\":\"lv-LV\",\"potentialAction\":[{\"@type\":\"ReadAction\",\"target\":[\"https:\\\/\\\/fontemenergy.lt\\\/lv\\\/product\\\/daksu-iekraveji\\\/toyota-8-fgf25-iekraveji\\\/\"]}]},{\"@type\":\"ImageObject\",\"inLanguage\":\"lv-LV\",\"@id\":\"https:\\\/\\\/fontemenergy.lt\\\/lv\\\/product\\\/daksu-iekraveji\\\/toyota-8-fgf25-iekraveji\\\/#primaryimage\",\"url\":\"https:\\\/\\\/fontemenergy.lt\\\/wp-content\\\/uploads\\\/2024\\\/07\\\/Sakinis-krautuvas-toyota-8-fgf25.jpg\",\"contentUrl\":\"https:\\\/\\\/fontemenergy.lt\\\/wp-content\\\/uploads\\\/2024\\\/07\\\/Sakinis-krautuvas-toyota-8-fgf25.jpg\",\"width\":750,\"height\":1000,\"caption\":\"Autoiekr\u0101v\u0113ji toyota-8-fgf25\"},{\"@type\":\"BreadcrumbList\",\"@id\":\"https:\\\/\\\/fontemenergy.lt\\\/lv\\\/product\\\/daksu-iekraveji\\\/toyota-8-fgf25-iekraveji\\\/#breadcrumb\",\"itemListElement\":[{\"@type\":\"ListItem\",\"position\":1,\"name\":\"Home\",\"item\":\"https:\\\/\\\/fontemenergy.lt\\\/lv\\\/sakums\\\/\"},{\"@type\":\"ListItem\",\"position\":2,\"name\":\"Ra\u017eo\u0161ana\",\"item\":\"https:\\\/\\\/fontemenergy.lt\\\/lv\\\/razosana\\\/\"},{\"@type\":\"ListItem\",\"position\":3,\"name\":\"Toyota 8-FGF25 iekr\u0101v\u0113ji\"}]},{\"@type\":\"WebSite\",\"@id\":\"https:\\\/\\\/fontemenergy.lt\\\/lv\\\/#website\",\"url\":\"https:\\\/\\\/fontemenergy.lt\\\/lv\\\/\",\"name\":\"Fontem Energy\",\"description\":\"Fontem Energy Website\",\"publisher\":{\"@id\":\"https:\\\/\\\/fontemenergy.lt\\\/lv\\\/#organization\"},\"potentialAction\":[{\"@type\":\"SearchAction\",\"target\":{\"@type\":\"EntryPoint\",\"urlTemplate\":\"https:\\\/\\\/fontemenergy.lt\\\/lv\\\/?s={search_term_string}\"},\"query-input\":{\"@type\":\"PropertyValueSpecification\",\"valueRequired\":true,\"valueName\":\"search_term_string\"}}],\"inLanguage\":\"lv-LV\"},{\"@type\":\"Organization\",\"@id\":\"https:\\\/\\\/fontemenergy.lt\\\/lv\\\/#organization\",\"name\":\"Font Energy\",\"url\":\"https:\\\/\\\/fontemenergy.lt\\\/lv\\\/\",\"logo\":{\"@type\":\"ImageObject\",\"inLanguage\":\"lv-LV\",\"@id\":\"https:\\\/\\\/fontemenergy.lt\\\/lv\\\/#\\\/schema\\\/logo\\\/image\\\/\",\"url\":\"https:\\\/\\\/fontemenergy.lt\\\/wp-content\\\/uploads\\\/2024\\\/06\\\/Transparent-Logo-2-1-1.png\",\"contentUrl\":\"https:\\\/\\\/fontemenergy.lt\\\/wp-content\\\/uploads\\\/2024\\\/06\\\/Transparent-Logo-2-1-1.png\",\"width\":972,\"height\":400,\"caption\":\"Font Energy\"},\"image\":{\"@id\":\"https:\\\/\\\/fontemenergy.lt\\\/lv\\\/#\\\/schema\\\/logo\\\/image\\\/\"}}]}<\/script>\n<!-- \/ Yoast SEO plugin. -->","yoast_head_json":{"title":"%Toyota 8-FGF25 iekr\u0101v\u0113ji - Lietots par labu cenu -% %%","description":"Iztur\u012bgs ar 2 500 kg kravnes\u012bbu. Tam ir ekonomisks dzin\u0113js, uzlabotas dro\u0161\u012bbas funkcijas un ergonomiskas vad\u012bbas ier\u012bces.","robots":{"index":"index","follow":"follow","max-snippet":"max-snippet:-1","max-image-preview":"max-image-preview:large","max-video-preview":"max-video-preview:-1"},"canonical":"https:\/\/fontemenergy.lt\/lv\/product\/daksu-iekraveji\/toyota-8-fgf25-iekraveji\/","og_locale":"lv_LV","og_type":"article","og_title":"%Toyota 8-FGF25 iekr\u0101v\u0113ji - Lietots par labu cenu -% %%","og_description":"Iztur\u012bgs ar 2 500 kg kravnes\u012bbu. Tam ir ekonomisks dzin\u0113js, uzlabotas dro\u0161\u012bbas funkcijas un ergonomiskas vad\u012bbas ier\u012bces.","og_url":"https:\/\/fontemenergy.lt\/lv\/product\/daksu-iekraveji\/toyota-8-fgf25-iekraveji\/","og_site_name":"Fontem Energy","og_image":[{"width":750,"height":1000,"url":"https:\/\/fontemenergy.lt\/wp-content\/uploads\/2024\/07\/Sakinis-krautuvas-toyota-8-fgf25.jpg","type":"image\/jpeg"}],"twitter_card":"summary_large_image","twitter_misc":{"Est. reading time":"2 minutes"},"schema":{"@context":"https:\/\/schema.org","@graph":[{"@type":"WebPage","@id":"https:\/\/fontemenergy.lt\/lv\/product\/daksu-iekraveji\/toyota-8-fgf25-iekraveji\/","url":"https:\/\/fontemenergy.lt\/lv\/product\/daksu-iekraveji\/toyota-8-fgf25-iekraveji\/","name":"%Toyota 8-FGF25 iekr\u0101v\u0113ji - Lietots par labu cenu -% %%","isPartOf":{"@id":"https:\/\/fontemenergy.lt\/lv\/#website"},"primaryImageOfPage":{"@id":"https:\/\/fontemenergy.lt\/lv\/product\/daksu-iekraveji\/toyota-8-fgf25-iekraveji\/#primaryimage"},"image":{"@id":"https:\/\/fontemenergy.lt\/lv\/product\/daksu-iekraveji\/toyota-8-fgf25-iekraveji\/#primaryimage"},"thumbnailUrl":"https:\/\/fontemenergy.lt\/wp-content\/uploads\/2024\/07\/Sakinis-krautuvas-toyota-8-fgf25.jpg","datePublished":"2024-07-08T09:46:10+00:00","description":"Iztur\u012bgs ar 2 500 kg kravnes\u012bbu. Tam ir ekonomisks dzin\u0113js, uzlabotas dro\u0161\u012bbas funkcijas un ergonomiskas vad\u012bbas ier\u012bces.","breadcrumb":{"@id":"https:\/\/fontemenergy.lt\/lv\/product\/daksu-iekraveji\/toyota-8-fgf25-iekraveji\/#breadcrumb"},"inLanguage":"lv-LV","potentialAction":[{"@type":"ReadAction","target":["https:\/\/fontemenergy.lt\/lv\/product\/daksu-iekraveji\/toyota-8-fgf25-iekraveji\/"]}]},{"@type":"ImageObject","inLanguage":"lv-LV","@id":"https:\/\/fontemenergy.lt\/lv\/product\/daksu-iekraveji\/toyota-8-fgf25-iekraveji\/#primaryimage","url":"https:\/\/fontemenergy.lt\/wp-content\/uploads\/2024\/07\/Sakinis-krautuvas-toyota-8-fgf25.jpg","contentUrl":"https:\/\/fontemenergy.lt\/wp-content\/uploads\/2024\/07\/Sakinis-krautuvas-toyota-8-fgf25.jpg","width":750,"height":1000,"caption":"Autoiekr\u0101v\u0113ji toyota-8-fgf25"},{"@type":"BreadcrumbList","@id":"https:\/\/fontemenergy.lt\/lv\/product\/daksu-iekraveji\/toyota-8-fgf25-iekraveji\/#breadcrumb","itemListElement":[{"@type":"ListItem","position":1,"name":"Home","item":"https:\/\/fontemenergy.lt\/lv\/sakums\/"},{"@type":"ListItem","position":2,"name":"Ra\u017eo\u0161ana","item":"https:\/\/fontemenergy.lt\/lv\/razosana\/"},{"@type":"ListItem","position":3,"name":"Toyota 8-FGF25 iekr\u0101v\u0113ji"}]},{"@type":"WebSite","@id":"https:\/\/fontemenergy.lt\/lv\/#website","url":"https:\/\/fontemenergy.lt\/lv\/","name":"Fontem Energy","description":"Fontem Energy Website","publisher":{"@id":"https:\/\/fontemenergy.lt\/lv\/#organization"},"potentialAction":[{"@type":"SearchAction","target":{"@type":"EntryPoint","urlTemplate":"https:\/\/fontemenergy.lt\/lv\/?s={search_term_string}"},"query-input":{"@type":"PropertyValueSpecification","valueRequired":true,"valueName":"search_term_string"}}],"inLanguage":"lv-LV"},{"@type":"Organization","@id":"https:\/\/fontemenergy.lt\/lv\/#organization","name":"Font Energy","url":"https:\/\/fontemenergy.lt\/lv\/","logo":{"@type":"ImageObject","inLanguage":"lv-LV","@id":"https:\/\/fontemenergy.lt\/lv\/#\/schema\/logo\/image\/","url":"https:\/\/fontemenergy.lt\/wp-content\/uploads\/2024\/06\/Transparent-Logo-2-1-1.png","contentUrl":"https:\/\/fontemenergy.lt\/wp-content\/uploads\/2024\/06\/Transparent-Logo-2-1-1.png","width":972,"height":400,"caption":"Font Energy"},"image":{"@id":"https:\/\/fontemenergy.lt\/lv\/#\/schema\/logo\/image\/"}}]}},"_links":{"self":[{"href":"https:\/\/fontemenergy.lt\/lv\/wp-json\/wp\/v2\/product\/3440","targetHints":{"allow":["GET"]}}],"collection":[{"href":"https:\/\/fontemenergy.lt\/lv\/wp-json\/wp\/v2\/product"}],"about":[{"href":"https:\/\/fontemenergy.lt\/lv\/wp-json\/wp\/v2\/types\/product"}],"wp:featuredmedia":[{"embeddable":true,"href":"https:\/\/fontemenergy.lt\/lv\/wp-json\/wp\/v2\/media\/3442"}],"wp:attachment":[{"href":"https:\/\/fontemenergy.lt\/lv\/wp-json\/wp\/v2\/media?parent=3440"}],"wp:term":[{"taxonomy":"product_brand","embeddable":true,"href":"https:\/\/fontemenergy.lt\/lv\/wp-json\/wp\/v2\/product_brand?post=3440"},{"taxonomy":"product_cat","embeddable":true,"href":"https:\/\/fontemenergy.lt\/lv\/wp-json\/wp\/v2\/product_cat?post=3440"},{"taxonomy":"product_tag","embeddable":true,"href":"https:\/\/fontemenergy.lt\/lv\/wp-json\/wp\/v2\/product_tag?post=3440"}],"curies":[{"name":"wp","href":"https:\/\/api.w.org\/{rel}","templated":true}]}}