{"id":3837,"date":"2024-09-13T14:15:55","date_gmt":"2024-09-13T11:15:55","guid":{"rendered":"https:\/\/fontemenergy.lt\/produkcija\/maaratlemata\/liitiumakud-24v-180ah\/"},"modified":"2024-09-13T14:15:55","modified_gmt":"2024-09-13T11:15:55","slug":"liitiumakud-24v-180ah","status":"publish","type":"product","link":"https:\/\/fontemenergy.lt\/et\/tooted\/liitiumpatareid\/liitiumakud-24v-180ah\/","title":{"rendered":"Liitiumakud 24V 180Ah"},"content":{"rendered":"<p data-start=\"211\" data-end=\"314\">\ud83d\udd0b <strong data-start=\"218\" data-end=\"314\">Li-ion 24V 180Ah &#8211; nutikas ja usaldusv\u00e4\u00e4rne energiaallikas p\u00e4ikeses\u00fcsteemidele ja muuleki.<\/strong><\/p>\n<p data-start=\"316\" data-end=\"523\">Kompaktne, suure v\u00f5imsusega, kasutusvalmis <strong data-start=\"364\" data-end=\"383\">Li-ioon aku<\/strong>, mis on m\u00f5eldud kasutamiseks koos k\u00f5ige populaarsemate <strong data-start=\"419\" data-end=\"448\">h\u00fcbriidinverteritega<\/strong>. Ideaalne nii kodukasutajatele kui ka v\u00e4iksematele \u00e4rilahendustele. <\/p>\n<hr data-start=\"525\" data-end=\"528\">\n<h3 data-start=\"530\" data-end=\"573\">\u2705 <strong data-start=\"536\" data-end=\"573\">Miks valida see aku?<\/strong><\/h3>\n<ul data-start=\"575\" data-end=\"1045\">\n<li data-start=\"575\" data-end=\"642\">\n<p data-start=\"577\" data-end=\"642\">\u2705 Kvaliteetsed <strong data-start=\"595\" data-end=\"611\">Li-ioonelemendid<\/strong> &#8211; vastupidavad ja t\u00f5husad<\/p>\n<\/li>\n<li data-start=\"643\" data-end=\"688\">\n<p data-start=\"645\" data-end=\"688\">\u2705 Nimimaht: <strong data-start=\"663\" data-end=\"686\">24V 180Ah (~4.3kWh)<\/strong><\/p>\n<\/li>\n<li data-start=\"689\" data-end=\"791\">\n<p data-start=\"691\" data-end=\"791\">\u2705 Sisseehitatud <strong data-start=\"705\" data-end=\"720\">intelligentne BMS<\/strong> &#8211; \u00fclekoormuse, \u00fclepaisutuse, \u00fcletemperatuuri ja l\u00fchisekaitse<\/p>\n<\/li>\n<li data-start=\"792\" data-end=\"865\">\n<p data-start=\"794\" data-end=\"865\">\u2705 Sidev\u00f5imalused: <strong data-start=\"821\" data-end=\"836\">RS485 \/ CAN<\/strong> (s\u00f5ltuvalt mudelist)<\/p>\n<\/li>\n<li data-start=\"866\" data-end=\"919\">\n<p data-start=\"868\" data-end=\"919\">\u2705 \u00dchildub <strong data-start=\"884\" data-end=\"917\">k\u00f5ige populaarsemate inverteritega<\/strong><\/p>\n<\/li>\n<li data-start=\"920\" data-end=\"959\">\n<p data-start=\"922\" data-end=\"959\">\u2705 <strong data-start=\"924\" data-end=\"957\">Testitud, kasutusvalmis<\/strong><\/p>\n<\/li>\n<li data-start=\"960\" data-end=\"1013\">\n<p data-start=\"962\" data-end=\"1013\">\u2705 Kompaktne, kerge, hooldusvaba<\/p>\n<\/li>\n<\/ul>\n<hr data-start=\"1047\" data-end=\"1050\">\n<h3 data-start=\"1052\" data-end=\"1100\">\u26a1 <strong data-start=\"1058\" data-end=\"1100\">Sobib j\u00e4rgmistele h\u00fcbriidinverteritele:<\/strong><\/h3>\n<ul data-start=\"1102\" data-end=\"1275\">\n<li data-start=\"1102\" data-end=\"1117\">\n<p data-start=\"1104\" data-end=\"1117\"><strong data-start=\"1104\" data-end=\"1115\">Growatt<\/strong><\/p>\n<\/li>\n<li data-start=\"1118\" data-end=\"1143\">\n<p data-start=\"1120\" data-end=\"1143\"><strong data-start=\"1120\" data-end=\"1141\">Voltronic \/ EASUN<\/strong><\/p>\n<\/li>\n<li data-start=\"1144\" data-end=\"1160\">\n<p data-start=\"1146\" data-end=\"1160\"><strong data-start=\"1146\" data-end=\"1158\">Luxpower<\/strong><\/p>\n<\/li>\n<li data-start=\"1161\" data-end=\"1174\">\n<p data-start=\"1163\" data-end=\"1174\"><strong data-start=\"1163\" data-end=\"1172\">Sofar<\/strong><\/p>\n<\/li>\n<li data-start=\"1175\" data-end=\"1187\">\n<p data-start=\"1177\" data-end=\"1187\"><strong data-start=\"1177\" data-end=\"1185\">Deye<\/strong><\/p>\n<\/li>\n<li data-start=\"1188\" data-end=\"1201\">\n<p data-start=\"1190\" data-end=\"1201\"><strong data-start=\"1190\" data-end=\"1199\">Samm<\/strong><\/p>\n<\/li>\n<li data-start=\"1202\" data-end=\"1213\">\n<p data-start=\"1204\" data-end=\"1213\"><strong data-start=\"1204\" data-end=\"1211\">SMA<\/strong><\/p>\n<\/li>\n<li data-start=\"1214\" data-end=\"1230\">\n<p data-start=\"1216\" data-end=\"1230\"><strong data-start=\"1216\" data-end=\"1228\">Sermatec<\/strong><\/p>\n<\/li>\n<li data-start=\"1231\" data-end=\"1245\">\n<p data-start=\"1233\" data-end=\"1245\"><strong data-start=\"1233\" data-end=\"1243\">FoxESS<\/strong><\/p>\n<\/li>\n<li data-start=\"1246\" data-end=\"1261\">\n<p data-start=\"1248\" data-end=\"1261\"><strong data-start=\"1248\" data-end=\"1259\">Victron<\/strong><\/p>\n<\/li>\n<li data-start=\"1262\" data-end=\"1275\">\n<p data-start=\"1264\" data-end=\"1275\"><strong data-start=\"1264\" data-end=\"1275\">Powland <\/strong>(hind 950\u20ac)<\/p>\n<\/li>\n<\/ul>\n<p data-start=\"1277\" data-end=\"1348\">\ud83d\udc49 Vajadusel aitame teid \u00fchendada ja seadistada seda teie s\u00fcsteemiga!<\/p>\n<hr data-start=\"1350\" data-end=\"1353\">\n<h3 data-start=\"1355\" data-end=\"1384\">\ud83d\udd27 <strong data-start=\"1362\" data-end=\"1384\">Tehnilised omadused:<\/strong><\/h3>\n<ul data-start=\"1386\" data-end=\"1656\">\n<li data-start=\"1386\" data-end=\"1416\">\n<p data-start=\"1388\" data-end=\"1416\"><strong data-start=\"1388\" data-end=\"1408\">Nimipinge:<\/strong> 25.6V<\/p>\n<\/li>\n<li data-start=\"1417\" data-end=\"1448\">\n<p data-start=\"1419\" data-end=\"1448\"><strong data-start=\"1419\" data-end=\"1429\">Maht:<\/strong> 180Ah (~4,300Wh)<\/p>\n<\/li>\n<li data-start=\"1449\" data-end=\"1479\">\n<p data-start=\"1451\" data-end=\"1479\"><strong data-start=\"1451\" data-end=\"1471\">Laadimispinge:<\/strong> 29.2V<\/p>\n<\/li>\n<li data-start=\"1480\" data-end=\"1513\">\n<p data-start=\"1482\" data-end=\"1513\"><strong data-start=\"1482\" data-end=\"1507\">Max. Laadimisvool: <\/strong>  80A<\/p>\n<\/li>\n<li data-start=\"1514\" data-end=\"1549\">\n<p data-start=\"1516\" data-end=\"1549\"><strong data-start=\"1516\" data-end=\"1542\">Max. T\u00fchjendusvool: <\/strong>  100A<\/p>\n<\/li>\n<li data-start=\"1550\" data-end=\"1620\">\n<p data-start=\"1552\" data-end=\"1620\"><strong data-start=\"1552\" data-end=\"1569\">Tehnoloogia:<\/strong> Li-ion (LFP v\u00f5i NMC s\u00f5ltuvalt mudelist)<\/p>\n<\/li>\n<li data-start=\"1621\" data-end=\"1656\">\n<p data-start=\"1623\" data-end=\"1656\"><strong data-start=\"1623\" data-end=\"1642\">Ts\u00fcklid:<\/strong> kuni 5000 (80% j\u00e4relej\u00e4\u00e4nud v\u00f5imsusest)<\/p>\n<\/li>\n<\/ul>\n<hr data-start=\"1658\" data-end=\"1661\">\n<h3 data-start=\"1663\" data-end=\"1695\">\ud83c\udf21\ufe0f <strong data-start=\"1671\" data-end=\"1695\">T\u00f6\u00f6temperatuur:<\/strong><\/h3>\n<ul data-start=\"1697\" data-end=\"1759\">\n<li data-start=\"1697\" data-end=\"1726\">\n<p data-start=\"1699\" data-end=\"1726\"><strong data-start=\"1699\" data-end=\"1713\">Laadimine:<\/strong> 0\u00b0C &#8211; 45\u00b0C<\/p>\n<\/li>\n<li data-start=\"1727\" data-end=\"1759\">\n<p data-start=\"1729\" data-end=\"1759\"><strong data-start=\"1729\" data-end=\"1744\">T\u00fchjendamine:<\/strong> -20\u00b0C &#8211; 60\u00b0C<\/p>\n<\/li>\n<\/ul>\n<hr data-start=\"1761\" data-end=\"1764\">\n<h3 data-start=\"1766\" data-end=\"1789\">\ud83d\ude90 <strong data-start=\"1773\" data-end=\"1789\">Kohandamine:<\/strong><\/h3>\n<ul data-start=\"1791\" data-end=\"2036\">\n<li data-start=\"1791\" data-end=\"1835\">\n<p data-start=\"1793\" data-end=\"1835\">P\u00e4ikeseelektrijaamad (v\u00f5rgu\u00fchenduseta v\u00f5i h\u00fcbriid)<\/p>\n<\/li>\n<li data-start=\"1836\" data-end=\"1866\">\n<p data-start=\"1838\" data-end=\"1866\">Inverter ja UPS s\u00fcsteemid<\/p>\n<\/li>\n<li data-start=\"1867\" data-end=\"1899\">\n<p data-start=\"1869\" data-end=\"1899\">Energiasalvestuslahendused<\/p>\n<\/li>\n<li data-start=\"1900\" data-end=\"1944\">\n<p data-start=\"1902\" data-end=\"1944\">Eluautod, haagissuvilad, haagissuvilad, mobiilsed \u00fcksused<\/p>\n<\/li>\n<li data-start=\"1945\" data-end=\"1988\">\n<p data-start=\"1947\" data-end=\"1988\">T\u00f6\u00f6stus- ja kodumajapidamiste elektritoetus<\/p>\n<\/li>\n<li data-start=\"1989\" data-end=\"2036\">\n<p data-start=\"1991\" data-end=\"2036\">Laadimisjaamad v\u00f5i v\u00e4iksemad v\u00f5rguprojektid<\/p>\n<\/li>\n<\/ul>\n<hr data-start=\"2038\" data-end=\"2041\">\n<h3 data-start=\"2043\" data-end=\"2078\">\ud83c\udfc6 <strong data-start=\"2050\" data-end=\"2078\">Peamised eelised:<\/strong><\/h3>\n<ul data-start=\"2080\" data-end=\"2397\">\n<li data-start=\"2080\" data-end=\"2131\">\n<p data-start=\"2082\" data-end=\"2131\">\u2705 kasutusvalmis &#8211; ei mingeid lisakomponente<\/p>\n<\/li>\n<li data-start=\"2132\" data-end=\"2193\">\n<p data-start=\"2134\" data-end=\"2193\">\u2705 \u00dchildub enamiku inverteritega ilma t\u00e4iendava h\u00e4\u00e4lestuseta<\/p>\n<\/li>\n<li data-start=\"2194\" data-end=\"2258\">\n<p data-start=\"2196\" data-end=\"2258\">\u2705 Pikk eluiga &#8211; kuni 5000 ts\u00fcklit (80% j\u00e4relej\u00e4\u00e4nud mahutavus)<\/p>\n<\/li>\n<li data-start=\"2259\" data-end=\"2310\">\n<p data-start=\"2261\" data-end=\"2310\">\u2705 Bluetooth v\u00f5i CAN-monitooring (s\u00f5ltuvalt versioonist)<\/p>\n<\/li>\n<li data-start=\"2311\" data-end=\"2352\">\n<p data-start=\"2313\" data-end=\"2352\">\u2705 Vaikne, t\u00f5hus ja ohutu t\u00f6\u00f6<\/p>\n<\/li>\n<li data-start=\"2353\" data-end=\"2397\">\n<p data-start=\"2355\" data-end=\"2397\">\u2705 Kompaktne disain &#8211; s\u00e4\u00e4stab ruumi<\/p>\n<\/li>\n<\/ul>\n<hr data-start=\"2399\" data-end=\"2402\">\n<p data-start=\"2404\" data-end=\"2550\">\ud83d\udd0c <strong data-start=\"2407\" data-end=\"2471\">Fontem Energy &#8211; usaldusv\u00e4\u00e4rsed lahendused teie energias\u00fcsteemile.<\/strong><br data-start=\"2471\" data-end=\"2474\">\ud83d\udcde V\u00f5tke meiega \u00fchendust &#8211; aitame leida teie vajadustele sobiva lahenduse!<\/p>\n<p data-start=\"2552\" data-end=\"2608\">\ud83d\udee1\ufe0f <strong data-start=\"2556\" data-end=\"2570\">Garantii:<\/strong> 1 aasta<\/p>\n","protected":false},"excerpt":{"rendered":"<p><strong>  Spetsifikatsioon<\/strong><\/p>\n<ul>\n<li>Maht, Ah: <strong>180<\/strong><\/li>\n<li>Pinge, V: <strong>24<\/strong><\/li>\n<li>Kaal, kg: <strong>30<\/strong><\/li>\n<li>Garantii, kuud: <strong>12<\/strong><\/li>\n<li>Pikkus\u00d7laius\u00d7k\u00f5rgus, cm: <strong>50\u00d740\u00d720<\/strong><\/li>\n<\/ul>\n","protected":false},"featured_media":3838,"template":"","meta":{"site-sidebar-layout":"default","site-content-layout":"","ast-site-content-layout":"default","site-content-style":"default","site-sidebar-style":"default","ast-global-header-display":"","ast-banner-title-visibility":"","ast-main-header-display":"","ast-hfb-above-header-display":"","ast-hfb-below-header-display":"","ast-hfb-mobile-header-display":"","site-post-title":"","ast-breadcrumbs-content":"","ast-featured-img":"","footer-sml-layout":"","ast-disable-related-posts":"","theme-transparent-header-meta":"default","adv-header-id-meta":"","stick-header-meta":"","header-above-stick-meta":"","header-main-stick-meta":"","header-below-stick-meta":"","astra-migrate-meta-layouts":"default","ast-page-background-enabled":"default","ast-page-background-meta":{"desktop":{"background-color":"","background-image":"","background-repeat":"repeat","background-position":"center center","background-size":"auto","background-attachment":"scroll","background-type":"","background-media":"","overlay-type":"","overlay-color":"","overlay-opacity":"","overlay-gradient":""},"tablet":{"background-color":"","background-image":"","background-repeat":"repeat","background-position":"center center","background-size":"auto","background-attachment":"scroll","background-type":"","background-media":"","overlay-type":"","overlay-color":"","overlay-opacity":"","overlay-gradient":""},"mobile":{"background-color":"","background-image":"","background-repeat":"repeat","background-position":"center center","background-size":"auto","background-attachment":"scroll","background-type":"","background-media":"","overlay-type":"","overlay-color":"","overlay-opacity":"","overlay-gradient":""}},"ast-content-background-meta":{"desktop":{"background-color":"var(--ast-global-color-5)","background-image":"","background-repeat":"repeat","background-position":"center center","background-size":"auto","background-attachment":"scroll","background-type":"","background-media":"","overlay-type":"","overlay-color":"","overlay-opacity":"","overlay-gradient":""},"tablet":{"background-color":"var(--ast-global-color-5)","background-image":"","background-repeat":"repeat","background-position":"center center","background-size":"auto","background-attachment":"scroll","background-type":"","background-media":"","overlay-type":"","overlay-color":"","overlay-opacity":"","overlay-gradient":""},"mobile":{"background-color":"var(--ast-global-color-5)","background-image":"","background-repeat":"repeat","background-position":"center center","background-size":"auto","background-attachment":"scroll","background-type":"","background-media":"","overlay-type":"","overlay-color":"","overlay-opacity":"","overlay-gradient":""}}},"product_brand":[],"product_cat":[134],"product_tag":[],"class_list":{"0":"post-3837","1":"product","2":"type-product","3":"status-publish","4":"has-post-thumbnail","6":"product_cat-liitiumpatareid","7":"pa_itampav-154","8":"pa_talpaah-133","9":"desktop-align-left","10":"tablet-align-left","11":"mobile-align-left","13":"first","14":"instock","15":"taxable","16":"shipping-taxable","17":"purchasable","18":"product-type-simple"},"yoast_head":"<!-- This site is optimized with the Yoast SEO plugin v27.4 - https:\/\/yoast.com\/product\/yoast-seo-wordpress\/ -->\n<title>Liitiumakud 24V 180Ah - Parim hind ja kvaliteet<\/title>\n<meta name=\"description\" content=\"Sobib elektris\u00f5idukitele, autonoomsetele p\u00e4ikeses\u00fcsteemidele, merendusseadmetele ja t\u00f6\u00f6stusseadmetele, pakkudes t\u00f5husat energiaallikat.\" \/>\n<meta name=\"robots\" content=\"index, follow, max-snippet:-1, max-image-preview:large, max-video-preview:-1\" \/>\n<link rel=\"canonical\" href=\"https:\/\/fontemenergy.lt\/et\/tooted\/liitiumpatareid\/liitiumakud-24v-180ah\/\" \/>\n<meta property=\"og:locale\" content=\"et_EE\" \/>\n<meta property=\"og:type\" content=\"article\" \/>\n<meta property=\"og:title\" content=\"Liitiumakud 24V 180Ah - Parim hind ja kvaliteet\" \/>\n<meta property=\"og:description\" content=\"Sobib elektris\u00f5idukitele, autonoomsetele p\u00e4ikeses\u00fcsteemidele, merendusseadmetele ja t\u00f6\u00f6stusseadmetele, pakkudes t\u00f5husat energiaallikat.\" \/>\n<meta property=\"og:url\" content=\"https:\/\/fontemenergy.lt\/et\/tooted\/liitiumpatareid\/liitiumakud-24v-180ah\/\" \/>\n<meta property=\"og:site_name\" content=\"Fontem Energy\" \/>\n<meta property=\"og:image\" content=\"https:\/\/fontemenergy.lt\/wp-content\/uploads\/2024\/09\/Licio-akumuliatoriai-24v-180Ah.jpeg\" \/>\n\t<meta property=\"og:image:width\" content=\"1200\" \/>\n\t<meta property=\"og:image:height\" content=\"1600\" \/>\n\t<meta property=\"og:image:type\" content=\"image\/jpeg\" \/>\n<meta name=\"twitter:card\" content=\"summary_large_image\" \/>\n<meta name=\"twitter:label1\" content=\"Est. reading time\" \/>\n\t<meta name=\"twitter:data1\" content=\"1 minut\" \/>\n<script type=\"application\/ld+json\" class=\"yoast-schema-graph\">{\"@context\":\"https:\\\/\\\/schema.org\",\"@graph\":[{\"@type\":\"WebPage\",\"@id\":\"https:\\\/\\\/fontemenergy.lt\\\/et\\\/tooted\\\/liitiumpatareid\\\/liitiumakud-24v-180ah\\\/\",\"url\":\"https:\\\/\\\/fontemenergy.lt\\\/et\\\/tooted\\\/liitiumpatareid\\\/liitiumakud-24v-180ah\\\/\",\"name\":\"Liitiumakud 24V 180Ah - Parim hind ja kvaliteet\",\"isPartOf\":{\"@id\":\"https:\\\/\\\/fontemenergy.lt\\\/et\\\/#website\"},\"primaryImageOfPage\":{\"@id\":\"https:\\\/\\\/fontemenergy.lt\\\/et\\\/tooted\\\/liitiumpatareid\\\/liitiumakud-24v-180ah\\\/#primaryimage\"},\"image\":{\"@id\":\"https:\\\/\\\/fontemenergy.lt\\\/et\\\/tooted\\\/liitiumpatareid\\\/liitiumakud-24v-180ah\\\/#primaryimage\"},\"thumbnailUrl\":\"https:\\\/\\\/fontemenergy.lt\\\/wp-content\\\/uploads\\\/2024\\\/09\\\/Licio-akumuliatoriai-24v-180Ah.jpeg\",\"datePublished\":\"2024-09-13T11:15:55+00:00\",\"description\":\"Sobib elektris\u00f5idukitele, autonoomsetele p\u00e4ikeses\u00fcsteemidele, merendusseadmetele ja t\u00f6\u00f6stusseadmetele, pakkudes t\u00f5husat energiaallikat.\",\"breadcrumb\":{\"@id\":\"https:\\\/\\\/fontemenergy.lt\\\/et\\\/tooted\\\/liitiumpatareid\\\/liitiumakud-24v-180ah\\\/#breadcrumb\"},\"inLanguage\":\"et\",\"potentialAction\":[{\"@type\":\"ReadAction\",\"target\":[\"https:\\\/\\\/fontemenergy.lt\\\/et\\\/tooted\\\/liitiumpatareid\\\/liitiumakud-24v-180ah\\\/\"]}]},{\"@type\":\"ImageObject\",\"inLanguage\":\"et\",\"@id\":\"https:\\\/\\\/fontemenergy.lt\\\/et\\\/tooted\\\/liitiumpatareid\\\/liitiumakud-24v-180ah\\\/#primaryimage\",\"url\":\"https:\\\/\\\/fontemenergy.lt\\\/wp-content\\\/uploads\\\/2024\\\/09\\\/Licio-akumuliatoriai-24v-180Ah.jpeg\",\"contentUrl\":\"https:\\\/\\\/fontemenergy.lt\\\/wp-content\\\/uploads\\\/2024\\\/09\\\/Licio-akumuliatoriai-24v-180Ah.jpeg\",\"width\":1200,\"height\":1600,\"caption\":\"Liitium-ioonakud 24v 180Ah\"},{\"@type\":\"BreadcrumbList\",\"@id\":\"https:\\\/\\\/fontemenergy.lt\\\/et\\\/tooted\\\/liitiumpatareid\\\/liitiumakud-24v-180ah\\\/#breadcrumb\",\"itemListElement\":[{\"@type\":\"ListItem\",\"position\":1,\"name\":\"Home\",\"item\":\"https:\\\/\\\/fontemenergy.lt\\\/et\\\/kodu\\\/\"},{\"@type\":\"ListItem\",\"position\":2,\"name\":\"Tootmine\",\"item\":\"https:\\\/\\\/fontemenergy.lt\\\/et\\\/tootmine\\\/\"},{\"@type\":\"ListItem\",\"position\":3,\"name\":\"Liitiumakud 24V 180Ah\"}]},{\"@type\":\"WebSite\",\"@id\":\"https:\\\/\\\/fontemenergy.lt\\\/et\\\/#website\",\"url\":\"https:\\\/\\\/fontemenergy.lt\\\/et\\\/\",\"name\":\"Fontem Energy\",\"description\":\"Fontem Energy Website\",\"publisher\":{\"@id\":\"https:\\\/\\\/fontemenergy.lt\\\/et\\\/#organization\"},\"potentialAction\":[{\"@type\":\"SearchAction\",\"target\":{\"@type\":\"EntryPoint\",\"urlTemplate\":\"https:\\\/\\\/fontemenergy.lt\\\/et\\\/?s={search_term_string}\"},\"query-input\":{\"@type\":\"PropertyValueSpecification\",\"valueRequired\":true,\"valueName\":\"search_term_string\"}}],\"inLanguage\":\"et\"},{\"@type\":\"Organization\",\"@id\":\"https:\\\/\\\/fontemenergy.lt\\\/et\\\/#organization\",\"name\":\"Font Energia\",\"url\":\"https:\\\/\\\/fontemenergy.lt\\\/et\\\/\",\"logo\":{\"@type\":\"ImageObject\",\"inLanguage\":\"et\",\"@id\":\"https:\\\/\\\/fontemenergy.lt\\\/et\\\/#\\\/schema\\\/logo\\\/image\\\/\",\"url\":\"https:\\\/\\\/fontemenergy.lt\\\/wp-content\\\/uploads\\\/2024\\\/06\\\/Transparent-Logo-2-1-1.png\",\"contentUrl\":\"https:\\\/\\\/fontemenergy.lt\\\/wp-content\\\/uploads\\\/2024\\\/06\\\/Transparent-Logo-2-1-1.png\",\"width\":972,\"height\":400,\"caption\":\"Font Energia\"},\"image\":{\"@id\":\"https:\\\/\\\/fontemenergy.lt\\\/et\\\/#\\\/schema\\\/logo\\\/image\\\/\"}}]}<\/script>\n<!-- \/ Yoast SEO plugin. -->","yoast_head_json":{"title":"Liitiumakud 24V 180Ah - Parim hind ja kvaliteet","description":"Sobib elektris\u00f5idukitele, autonoomsetele p\u00e4ikeses\u00fcsteemidele, merendusseadmetele ja t\u00f6\u00f6stusseadmetele, pakkudes t\u00f5husat energiaallikat.","robots":{"index":"index","follow":"follow","max-snippet":"max-snippet:-1","max-image-preview":"max-image-preview:large","max-video-preview":"max-video-preview:-1"},"canonical":"https:\/\/fontemenergy.lt\/et\/tooted\/liitiumpatareid\/liitiumakud-24v-180ah\/","og_locale":"et_EE","og_type":"article","og_title":"Liitiumakud 24V 180Ah - Parim hind ja kvaliteet","og_description":"Sobib elektris\u00f5idukitele, autonoomsetele p\u00e4ikeses\u00fcsteemidele, merendusseadmetele ja t\u00f6\u00f6stusseadmetele, pakkudes t\u00f5husat energiaallikat.","og_url":"https:\/\/fontemenergy.lt\/et\/tooted\/liitiumpatareid\/liitiumakud-24v-180ah\/","og_site_name":"Fontem Energy","og_image":[{"width":1200,"height":1600,"url":"https:\/\/fontemenergy.lt\/wp-content\/uploads\/2024\/09\/Licio-akumuliatoriai-24v-180Ah.jpeg","type":"image\/jpeg"}],"twitter_card":"summary_large_image","twitter_misc":{"Est. reading time":"1 minut"},"schema":{"@context":"https:\/\/schema.org","@graph":[{"@type":"WebPage","@id":"https:\/\/fontemenergy.lt\/et\/tooted\/liitiumpatareid\/liitiumakud-24v-180ah\/","url":"https:\/\/fontemenergy.lt\/et\/tooted\/liitiumpatareid\/liitiumakud-24v-180ah\/","name":"Liitiumakud 24V 180Ah - Parim hind ja kvaliteet","isPartOf":{"@id":"https:\/\/fontemenergy.lt\/et\/#website"},"primaryImageOfPage":{"@id":"https:\/\/fontemenergy.lt\/et\/tooted\/liitiumpatareid\/liitiumakud-24v-180ah\/#primaryimage"},"image":{"@id":"https:\/\/fontemenergy.lt\/et\/tooted\/liitiumpatareid\/liitiumakud-24v-180ah\/#primaryimage"},"thumbnailUrl":"https:\/\/fontemenergy.lt\/wp-content\/uploads\/2024\/09\/Licio-akumuliatoriai-24v-180Ah.jpeg","datePublished":"2024-09-13T11:15:55+00:00","description":"Sobib elektris\u00f5idukitele, autonoomsetele p\u00e4ikeses\u00fcsteemidele, merendusseadmetele ja t\u00f6\u00f6stusseadmetele, pakkudes t\u00f5husat energiaallikat.","breadcrumb":{"@id":"https:\/\/fontemenergy.lt\/et\/tooted\/liitiumpatareid\/liitiumakud-24v-180ah\/#breadcrumb"},"inLanguage":"et","potentialAction":[{"@type":"ReadAction","target":["https:\/\/fontemenergy.lt\/et\/tooted\/liitiumpatareid\/liitiumakud-24v-180ah\/"]}]},{"@type":"ImageObject","inLanguage":"et","@id":"https:\/\/fontemenergy.lt\/et\/tooted\/liitiumpatareid\/liitiumakud-24v-180ah\/#primaryimage","url":"https:\/\/fontemenergy.lt\/wp-content\/uploads\/2024\/09\/Licio-akumuliatoriai-24v-180Ah.jpeg","contentUrl":"https:\/\/fontemenergy.lt\/wp-content\/uploads\/2024\/09\/Licio-akumuliatoriai-24v-180Ah.jpeg","width":1200,"height":1600,"caption":"Liitium-ioonakud 24v 180Ah"},{"@type":"BreadcrumbList","@id":"https:\/\/fontemenergy.lt\/et\/tooted\/liitiumpatareid\/liitiumakud-24v-180ah\/#breadcrumb","itemListElement":[{"@type":"ListItem","position":1,"name":"Home","item":"https:\/\/fontemenergy.lt\/et\/kodu\/"},{"@type":"ListItem","position":2,"name":"Tootmine","item":"https:\/\/fontemenergy.lt\/et\/tootmine\/"},{"@type":"ListItem","position":3,"name":"Liitiumakud 24V 180Ah"}]},{"@type":"WebSite","@id":"https:\/\/fontemenergy.lt\/et\/#website","url":"https:\/\/fontemenergy.lt\/et\/","name":"Fontem Energy","description":"Fontem Energy Website","publisher":{"@id":"https:\/\/fontemenergy.lt\/et\/#organization"},"potentialAction":[{"@type":"SearchAction","target":{"@type":"EntryPoint","urlTemplate":"https:\/\/fontemenergy.lt\/et\/?s={search_term_string}"},"query-input":{"@type":"PropertyValueSpecification","valueRequired":true,"valueName":"search_term_string"}}],"inLanguage":"et"},{"@type":"Organization","@id":"https:\/\/fontemenergy.lt\/et\/#organization","name":"Font Energia","url":"https:\/\/fontemenergy.lt\/et\/","logo":{"@type":"ImageObject","inLanguage":"et","@id":"https:\/\/fontemenergy.lt\/et\/#\/schema\/logo\/image\/","url":"https:\/\/fontemenergy.lt\/wp-content\/uploads\/2024\/06\/Transparent-Logo-2-1-1.png","contentUrl":"https:\/\/fontemenergy.lt\/wp-content\/uploads\/2024\/06\/Transparent-Logo-2-1-1.png","width":972,"height":400,"caption":"Font Energia"},"image":{"@id":"https:\/\/fontemenergy.lt\/et\/#\/schema\/logo\/image\/"}}]}},"_links":{"self":[{"href":"https:\/\/fontemenergy.lt\/et\/wp-json\/wp\/v2\/product\/3837","targetHints":{"allow":["GET"]}}],"collection":[{"href":"https:\/\/fontemenergy.lt\/et\/wp-json\/wp\/v2\/product"}],"about":[{"href":"https:\/\/fontemenergy.lt\/et\/wp-json\/wp\/v2\/types\/product"}],"wp:featuredmedia":[{"embeddable":true,"href":"https:\/\/fontemenergy.lt\/et\/wp-json\/wp\/v2\/media\/3838"}],"wp:attachment":[{"href":"https:\/\/fontemenergy.lt\/et\/wp-json\/wp\/v2\/media?parent=3837"}],"wp:term":[{"taxonomy":"product_brand","embeddable":true,"href":"https:\/\/fontemenergy.lt\/et\/wp-json\/wp\/v2\/product_brand?post=3837"},{"taxonomy":"product_cat","embeddable":true,"href":"https:\/\/fontemenergy.lt\/et\/wp-json\/wp\/v2\/product_cat?post=3837"},{"taxonomy":"product_tag","embeddable":true,"href":"https:\/\/fontemenergy.lt\/et\/wp-json\/wp\/v2\/product_tag?post=3837"}],"curies":[{"name":"wp","href":"https:\/\/api.w.org\/{rel}","templated":true}]}}