{"id":3750,"date":"2024-09-13T13:15:53","date_gmt":"2024-09-13T10:15:53","guid":{"rendered":"https:\/\/fontemenergy.lt\/produkcija\/maaratlemata\/liitiumakud-12v-120ah\/"},"modified":"2024-09-13T13:15:53","modified_gmt":"2024-09-13T10:15:53","slug":"liitiumakud-12v-120ah","status":"publish","type":"product","link":"https:\/\/fontemenergy.lt\/et\/tooted\/liitiumpatareid\/liitiumakud-12v-120ah\/","title":{"rendered":"Liitiumakud 12V 120Ah"},"content":{"rendered":"<p data-start=\"123\" data-end=\"325\">\ud83d\udd0b <strong data-start=\"126\" data-end=\"207\">Li-ion aku 12V 120Ah &#8211; usaldusv\u00e4\u00e4rne ja kompaktne energia teie projektide jaoks!<\/strong><br data-start=\"207\" data-end=\"210\">Ideaalne <strong data-start=\"225\" data-end=\"239\">matkaautodele<\/strong>, <strong data-start=\"241\" data-end=\"252\">paatidele<\/strong>, <strong data-start=\"254\" data-end=\"276\">p\u00e4ikeseelektrijaamadele<\/strong>, <strong data-start=\"278\" data-end=\"300\">v\u00f5rguv\u00e4listele s\u00fcsteemidele<\/strong> ja <strong data-start=\"304\" data-end=\"324\">mobiilsetele seadmetele<\/strong>.<\/p>\n<hr data-start=\"327\" data-end=\"330\">\n<p data-start=\"332\" data-end=\"679\">\u26a1 <strong data-start=\"334\" data-end=\"362\">Peamised eelised:<\/strong><br data-start=\"362\" data-end=\"365\">\u2705 Mahtuvus: <strong data-start=\"374\" data-end=\"392\">120Ah (1536Wh)<\/strong> &#8211; piisab k\u00f5igist p\u00f5hivajadustest<br data-start=\"438\" data-end=\"441\">\u2705 Nimipinge: <strong data-start=\"460\" data-end=\"469\">12,8V<\/strong><br data-start=\"469\" data-end=\"472\">\u2705 Max. <strong data-start=\"496\" data-end=\"503\">60A<\/strong><br data-start=\"503\" data-end=\"506\">\u2705 Pidev t\u00fchjendusvool: <strong data-start=\"535\" data-end=\"543\">100A<\/strong><br data-start=\"543\" data-end=\"546\">\u2705 Laadimispinge: <strong data-start=\"565\" data-end=\"574\">14,4V<\/strong><br data-start=\"574\" data-end=\"577\">\u2705 Kompaktne ja kerge lahendus &#8211; ~13-15 kg<br data-start=\"625\" data-end=\"628\">\u2705 Eluaeg:<strong data-start=\"652\" data-end=\"666\">5000 ts\u00fcklit<\/strong> (80% mahutavusest j\u00e4\u00e4b alles). <\/p>\n<hr data-start=\"681\" data-end=\"684\">\n<p data-start=\"686\" data-end=\"723\">\ud83d\udee1\ufe0f <strong data-start=\"690\" data-end=\"721\">Integreeritud BMS kaitse:<\/strong><\/p>\n<ul data-start=\"724\" data-end=\"825\">\n<li data-start=\"724\" data-end=\"738\">\n<p data-start=\"726\" data-end=\"738\">\u00dcmberlaadimine<\/p>\n<\/li>\n<li data-start=\"739\" data-end=\"756\">\n<p data-start=\"741\" data-end=\"756\">Mahalaadimise ajal<\/p>\n<\/li>\n<li data-start=\"757\" data-end=\"777\">\n<p data-start=\"759\" data-end=\"777\">L\u00fchisema<\/p>\n<\/li>\n<li data-start=\"778\" data-end=\"804\">\n<p data-start=\"780\" data-end=\"804\">Temperatuuri k\u00f5ikumised<\/p>\n<\/li>\n<li data-start=\"805\" data-end=\"825\">\n<p data-start=\"807\" data-end=\"825\">Liigsed hoovused<\/p>\n<\/li>\n<\/ul>\n<hr data-start=\"827\" data-end=\"830\">\n<p data-start=\"832\" data-end=\"1050\">\ud83c\udf3f <strong data-start=\"835\" data-end=\"863\">Keskkonnas\u00f5bralik disain:<\/strong><br data-start=\"863\" data-end=\"866\"><strong data-start=\"866\" data-end=\"987\">LiFePO4 tehnoloogia on puhtam ja keskkonnas\u00f5bralikum kui pliiakude alternatiivid, valmistatud taaskasutatavatest materjalidest.<\/strong><br data-start=\"987\" data-end=\"990\">Hapeteta, auruvaba &#8211; isegi tundlikes keskkondades.<\/p>\n<hr data-start=\"1052\" data-end=\"1055\">\n<p data-start=\"1057\" data-end=\"1464\">\ud83d\udd0c <strong data-start=\"1060\" data-end=\"1110\">Miks valida Li-ion 12V 120Ah aku?<\/strong><br data-start=\"1110\" data-end=\"1113\">\u2705 Kompaktne ja v\u00f5imas &#8211; ideaalne kohtades, kus kaal ja suurus on olulised<br data-start=\"1183\" data-end=\"1186\">\u2705 100% kasutatav maht &#8211; rohkem energiat samas ruumis<br data-start=\"1249\" data-end=\"1252\">\u2705 Kiire laadimine &#8211; \u00fchildub p\u00e4ikesepaneelide, inverterite, generaatoritega<br data-start=\"1335\" data-end=\"1338\">\u2705 Null hooldus &#8211; unusta vedelikud ja hooldus<br data-start=\"1402\" data-end=\"1405\">\u2705 T\u00f6\u00f6tab ka ekstreemsetes tingimustes &#8211; -20\u00b0C kuni +60\u00b0C.<\/p>\n<hr data-start=\"1466\" data-end=\"1469\">\n<p data-start=\"1471\" data-end=\"1577\">\ud83d\udce6 <strong data-start=\"1474\" data-end=\"1488\">Garantii:<\/strong> 1 aasta<br data-start=\"1496\" data-end=\"1499\">\ud83d\udcb6 <strong data-start=\"1502\" data-end=\"1512\">Hind:<\/strong> <strong data-start=\"1517\" data-end=\"1526\">320 \u20ac<\/strong><\/p>\n<p data-start=\"1579\" data-end=\"1719\"><strong data-start=\"1582\" data-end=\"1640\">\ud83d\udcf2 V\u00f5ta \u00fchendust ja leia oma vajadustele vastav lahendus!<\/strong><br data-start=\"1640\" data-end=\"1643\"><strong data-start=\"1643\" data-end=\"1660\">Fontem Energy<\/strong> &#8211; kui mobiilne energia vajab rohkem kui lihtsalt akusid.<\/p>\n","protected":false},"excerpt":{"rendered":"<p><strong>  Spetsifikatsioon<\/strong><\/p>\n<ul>\n<li>Maht, Ah: <strong>120<\/strong><\/li>\n<li>Pinge, V: <strong>12<\/strong><\/li>\n<li>Kaal, kg: <strong>10<\/strong><\/li>\n<li>Garantii, kuud: <strong>12<\/strong><\/li>\n<li>Pikkus \u00d7 laius \u00d7 k\u00f5rgus, cm: <strong>40\u00d717\u00d720<\/strong><\/li>\n<\/ul>\n","protected":false},"featured_media":3755,"template":"","meta":{"site-sidebar-layout":"default","site-content-layout":"","ast-site-content-layout":"default","site-content-style":"default","site-sidebar-style":"default","ast-global-header-display":"","ast-banner-title-visibility":"","ast-main-header-display":"","ast-hfb-above-header-display":"","ast-hfb-below-header-display":"","ast-hfb-mobile-header-display":"","site-post-title":"","ast-breadcrumbs-content":"","ast-featured-img":"","footer-sml-layout":"","ast-disable-related-posts":"","theme-transparent-header-meta":"default","adv-header-id-meta":"","stick-header-meta":"","header-above-stick-meta":"","header-main-stick-meta":"","header-below-stick-meta":"","astra-migrate-meta-layouts":"default","ast-page-background-enabled":"default","ast-page-background-meta":{"desktop":{"background-color":"","background-image":"","background-repeat":"repeat","background-position":"center center","background-size":"auto","background-attachment":"scroll","background-type":"","background-media":"","overlay-type":"","overlay-color":"","overlay-opacity":"","overlay-gradient":""},"tablet":{"background-color":"","background-image":"","background-repeat":"repeat","background-position":"center center","background-size":"auto","background-attachment":"scroll","background-type":"","background-media":"","overlay-type":"","overlay-color":"","overlay-opacity":"","overlay-gradient":""},"mobile":{"background-color":"","background-image":"","background-repeat":"repeat","background-position":"center center","background-size":"auto","background-attachment":"scroll","background-type":"","background-media":"","overlay-type":"","overlay-color":"","overlay-opacity":"","overlay-gradient":""}},"ast-content-background-meta":{"desktop":{"background-color":"var(--ast-global-color-5)","background-image":"","background-repeat":"repeat","background-position":"center center","background-size":"auto","background-attachment":"scroll","background-type":"","background-media":"","overlay-type":"","overlay-color":"","overlay-opacity":"","overlay-gradient":""},"tablet":{"background-color":"var(--ast-global-color-5)","background-image":"","background-repeat":"repeat","background-position":"center center","background-size":"auto","background-attachment":"scroll","background-type":"","background-media":"","overlay-type":"","overlay-color":"","overlay-opacity":"","overlay-gradient":""},"mobile":{"background-color":"var(--ast-global-color-5)","background-image":"","background-repeat":"repeat","background-position":"center center","background-size":"auto","background-attachment":"scroll","background-type":"","background-media":"","overlay-type":"","overlay-color":"","overlay-opacity":"","overlay-gradient":""}}},"product_brand":[],"product_cat":[134],"product_tag":[],"class_list":{"0":"post-3750","1":"product","2":"type-product","3":"status-publish","4":"has-post-thumbnail","6":"product_cat-liitiumpatareid","7":"pa_itampav-158","8":"pa_talpaah-174","9":"desktop-align-left","10":"tablet-align-left","11":"mobile-align-left","13":"first","14":"instock","15":"taxable","16":"shipping-taxable","17":"purchasable","18":"product-type-simple"},"yoast_head":"<!-- This site is optimized with the Yoast SEO plugin v27.4 - https:\/\/yoast.com\/product\/yoast-seo-wordpress\/ -->\n<title>Liitiumakud 12V 120Ah - Parim hind ja kvaliteet - Fontem Energy%<\/title>\n<meta name=\"description\" content=\"Suure j\u00f5udlusega, s\u00fcgava ts\u00fckliga energialahendus mitmesuguste elektrirakenduste jaoks. Akul on sisseehitatud UK BMS roll,\" \/>\n<meta name=\"robots\" content=\"index, follow, max-snippet:-1, max-image-preview:large, max-video-preview:-1\" \/>\n<link rel=\"canonical\" href=\"https:\/\/fontemenergy.lt\/et\/tooted\/liitiumpatareid\/liitiumakud-12v-120ah\/\" \/>\n<meta property=\"og:locale\" content=\"et_EE\" \/>\n<meta property=\"og:type\" content=\"article\" \/>\n<meta property=\"og:title\" content=\"Liitiumakud 12V 120Ah - Parim hind ja kvaliteet - Fontem Energy%\" \/>\n<meta property=\"og:description\" content=\"Suure j\u00f5udlusega, s\u00fcgava ts\u00fckliga energialahendus mitmesuguste elektrirakenduste jaoks. Akul on sisseehitatud UK BMS roll,\" \/>\n<meta property=\"og:url\" content=\"https:\/\/fontemenergy.lt\/et\/tooted\/liitiumpatareid\/liitiumakud-12v-120ah\/\" \/>\n<meta property=\"og:site_name\" content=\"Fontem Energy\" \/>\n<meta property=\"og:image\" content=\"https:\/\/fontemenergy.lt\/wp-content\/uploads\/2024\/09\/Licio-akumuliatorius-12v-120ah.jpeg\" \/>\n\t<meta property=\"og:image:width\" content=\"1200\" \/>\n\t<meta property=\"og:image:height\" content=\"1600\" \/>\n\t<meta property=\"og:image:type\" content=\"image\/jpeg\" \/>\n<meta name=\"twitter:card\" content=\"summary_large_image\" \/>\n<meta name=\"twitter:label1\" content=\"Est. reading time\" \/>\n\t<meta name=\"twitter:data1\" content=\"1 minut\" \/>\n<script type=\"application\/ld+json\" class=\"yoast-schema-graph\">{\"@context\":\"https:\\\/\\\/schema.org\",\"@graph\":[{\"@type\":\"WebPage\",\"@id\":\"https:\\\/\\\/fontemenergy.lt\\\/et\\\/tooted\\\/liitiumpatareid\\\/liitiumakud-12v-120ah\\\/\",\"url\":\"https:\\\/\\\/fontemenergy.lt\\\/et\\\/tooted\\\/liitiumpatareid\\\/liitiumakud-12v-120ah\\\/\",\"name\":\"Liitiumakud 12V 120Ah - Parim hind ja kvaliteet - Fontem Energy%\",\"isPartOf\":{\"@id\":\"https:\\\/\\\/fontemenergy.lt\\\/et\\\/#website\"},\"primaryImageOfPage\":{\"@id\":\"https:\\\/\\\/fontemenergy.lt\\\/et\\\/tooted\\\/liitiumpatareid\\\/liitiumakud-12v-120ah\\\/#primaryimage\"},\"image\":{\"@id\":\"https:\\\/\\\/fontemenergy.lt\\\/et\\\/tooted\\\/liitiumpatareid\\\/liitiumakud-12v-120ah\\\/#primaryimage\"},\"thumbnailUrl\":\"https:\\\/\\\/fontemenergy.lt\\\/wp-content\\\/uploads\\\/2024\\\/09\\\/Licio-akumuliatorius-12v-120ah.jpeg\",\"datePublished\":\"2024-09-13T10:15:53+00:00\",\"description\":\"Suure j\u00f5udlusega, s\u00fcgava ts\u00fckliga energialahendus mitmesuguste elektrirakenduste jaoks. Akul on sisseehitatud UK BMS roll,\",\"breadcrumb\":{\"@id\":\"https:\\\/\\\/fontemenergy.lt\\\/et\\\/tooted\\\/liitiumpatareid\\\/liitiumakud-12v-120ah\\\/#breadcrumb\"},\"inLanguage\":\"et\",\"potentialAction\":[{\"@type\":\"ReadAction\",\"target\":[\"https:\\\/\\\/fontemenergy.lt\\\/et\\\/tooted\\\/liitiumpatareid\\\/liitiumakud-12v-120ah\\\/\"]}]},{\"@type\":\"ImageObject\",\"inLanguage\":\"et\",\"@id\":\"https:\\\/\\\/fontemenergy.lt\\\/et\\\/tooted\\\/liitiumpatareid\\\/liitiumakud-12v-120ah\\\/#primaryimage\",\"url\":\"https:\\\/\\\/fontemenergy.lt\\\/wp-content\\\/uploads\\\/2024\\\/09\\\/Licio-akumuliatorius-12v-120ah.jpeg\",\"contentUrl\":\"https:\\\/\\\/fontemenergy.lt\\\/wp-content\\\/uploads\\\/2024\\\/09\\\/Licio-akumuliatorius-12v-120ah.jpeg\",\"width\":1200,\"height\":1600,\"caption\":\"Liitium-ioon aku 12v 120ah\"},{\"@type\":\"BreadcrumbList\",\"@id\":\"https:\\\/\\\/fontemenergy.lt\\\/et\\\/tooted\\\/liitiumpatareid\\\/liitiumakud-12v-120ah\\\/#breadcrumb\",\"itemListElement\":[{\"@type\":\"ListItem\",\"position\":1,\"name\":\"Home\",\"item\":\"https:\\\/\\\/fontemenergy.lt\\\/et\\\/kodu\\\/\"},{\"@type\":\"ListItem\",\"position\":2,\"name\":\"Tootmine\",\"item\":\"https:\\\/\\\/fontemenergy.lt\\\/et\\\/tootmine\\\/\"},{\"@type\":\"ListItem\",\"position\":3,\"name\":\"Liitiumakud 12V 120Ah\"}]},{\"@type\":\"WebSite\",\"@id\":\"https:\\\/\\\/fontemenergy.lt\\\/et\\\/#website\",\"url\":\"https:\\\/\\\/fontemenergy.lt\\\/et\\\/\",\"name\":\"Fontem Energy\",\"description\":\"Fontem Energy Website\",\"publisher\":{\"@id\":\"https:\\\/\\\/fontemenergy.lt\\\/et\\\/#organization\"},\"potentialAction\":[{\"@type\":\"SearchAction\",\"target\":{\"@type\":\"EntryPoint\",\"urlTemplate\":\"https:\\\/\\\/fontemenergy.lt\\\/et\\\/?s={search_term_string}\"},\"query-input\":{\"@type\":\"PropertyValueSpecification\",\"valueRequired\":true,\"valueName\":\"search_term_string\"}}],\"inLanguage\":\"et\"},{\"@type\":\"Organization\",\"@id\":\"https:\\\/\\\/fontemenergy.lt\\\/et\\\/#organization\",\"name\":\"Font Energia\",\"url\":\"https:\\\/\\\/fontemenergy.lt\\\/et\\\/\",\"logo\":{\"@type\":\"ImageObject\",\"inLanguage\":\"et\",\"@id\":\"https:\\\/\\\/fontemenergy.lt\\\/et\\\/#\\\/schema\\\/logo\\\/image\\\/\",\"url\":\"https:\\\/\\\/fontemenergy.lt\\\/wp-content\\\/uploads\\\/2024\\\/06\\\/Transparent-Logo-2-1-1.png\",\"contentUrl\":\"https:\\\/\\\/fontemenergy.lt\\\/wp-content\\\/uploads\\\/2024\\\/06\\\/Transparent-Logo-2-1-1.png\",\"width\":972,\"height\":400,\"caption\":\"Font Energia\"},\"image\":{\"@id\":\"https:\\\/\\\/fontemenergy.lt\\\/et\\\/#\\\/schema\\\/logo\\\/image\\\/\"}}]}<\/script>\n<!-- \/ Yoast SEO plugin. -->","yoast_head_json":{"title":"Liitiumakud 12V 120Ah - Parim hind ja kvaliteet - Fontem Energy%","description":"Suure j\u00f5udlusega, s\u00fcgava ts\u00fckliga energialahendus mitmesuguste elektrirakenduste jaoks. Akul on sisseehitatud UK BMS roll,","robots":{"index":"index","follow":"follow","max-snippet":"max-snippet:-1","max-image-preview":"max-image-preview:large","max-video-preview":"max-video-preview:-1"},"canonical":"https:\/\/fontemenergy.lt\/et\/tooted\/liitiumpatareid\/liitiumakud-12v-120ah\/","og_locale":"et_EE","og_type":"article","og_title":"Liitiumakud 12V 120Ah - Parim hind ja kvaliteet - Fontem Energy%","og_description":"Suure j\u00f5udlusega, s\u00fcgava ts\u00fckliga energialahendus mitmesuguste elektrirakenduste jaoks. Akul on sisseehitatud UK BMS roll,","og_url":"https:\/\/fontemenergy.lt\/et\/tooted\/liitiumpatareid\/liitiumakud-12v-120ah\/","og_site_name":"Fontem Energy","og_image":[{"width":1200,"height":1600,"url":"https:\/\/fontemenergy.lt\/wp-content\/uploads\/2024\/09\/Licio-akumuliatorius-12v-120ah.jpeg","type":"image\/jpeg"}],"twitter_card":"summary_large_image","twitter_misc":{"Est. reading time":"1 minut"},"schema":{"@context":"https:\/\/schema.org","@graph":[{"@type":"WebPage","@id":"https:\/\/fontemenergy.lt\/et\/tooted\/liitiumpatareid\/liitiumakud-12v-120ah\/","url":"https:\/\/fontemenergy.lt\/et\/tooted\/liitiumpatareid\/liitiumakud-12v-120ah\/","name":"Liitiumakud 12V 120Ah - Parim hind ja kvaliteet - Fontem Energy%","isPartOf":{"@id":"https:\/\/fontemenergy.lt\/et\/#website"},"primaryImageOfPage":{"@id":"https:\/\/fontemenergy.lt\/et\/tooted\/liitiumpatareid\/liitiumakud-12v-120ah\/#primaryimage"},"image":{"@id":"https:\/\/fontemenergy.lt\/et\/tooted\/liitiumpatareid\/liitiumakud-12v-120ah\/#primaryimage"},"thumbnailUrl":"https:\/\/fontemenergy.lt\/wp-content\/uploads\/2024\/09\/Licio-akumuliatorius-12v-120ah.jpeg","datePublished":"2024-09-13T10:15:53+00:00","description":"Suure j\u00f5udlusega, s\u00fcgava ts\u00fckliga energialahendus mitmesuguste elektrirakenduste jaoks. Akul on sisseehitatud UK BMS roll,","breadcrumb":{"@id":"https:\/\/fontemenergy.lt\/et\/tooted\/liitiumpatareid\/liitiumakud-12v-120ah\/#breadcrumb"},"inLanguage":"et","potentialAction":[{"@type":"ReadAction","target":["https:\/\/fontemenergy.lt\/et\/tooted\/liitiumpatareid\/liitiumakud-12v-120ah\/"]}]},{"@type":"ImageObject","inLanguage":"et","@id":"https:\/\/fontemenergy.lt\/et\/tooted\/liitiumpatareid\/liitiumakud-12v-120ah\/#primaryimage","url":"https:\/\/fontemenergy.lt\/wp-content\/uploads\/2024\/09\/Licio-akumuliatorius-12v-120ah.jpeg","contentUrl":"https:\/\/fontemenergy.lt\/wp-content\/uploads\/2024\/09\/Licio-akumuliatorius-12v-120ah.jpeg","width":1200,"height":1600,"caption":"Liitium-ioon aku 12v 120ah"},{"@type":"BreadcrumbList","@id":"https:\/\/fontemenergy.lt\/et\/tooted\/liitiumpatareid\/liitiumakud-12v-120ah\/#breadcrumb","itemListElement":[{"@type":"ListItem","position":1,"name":"Home","item":"https:\/\/fontemenergy.lt\/et\/kodu\/"},{"@type":"ListItem","position":2,"name":"Tootmine","item":"https:\/\/fontemenergy.lt\/et\/tootmine\/"},{"@type":"ListItem","position":3,"name":"Liitiumakud 12V 120Ah"}]},{"@type":"WebSite","@id":"https:\/\/fontemenergy.lt\/et\/#website","url":"https:\/\/fontemenergy.lt\/et\/","name":"Fontem Energy","description":"Fontem Energy Website","publisher":{"@id":"https:\/\/fontemenergy.lt\/et\/#organization"},"potentialAction":[{"@type":"SearchAction","target":{"@type":"EntryPoint","urlTemplate":"https:\/\/fontemenergy.lt\/et\/?s={search_term_string}"},"query-input":{"@type":"PropertyValueSpecification","valueRequired":true,"valueName":"search_term_string"}}],"inLanguage":"et"},{"@type":"Organization","@id":"https:\/\/fontemenergy.lt\/et\/#organization","name":"Font Energia","url":"https:\/\/fontemenergy.lt\/et\/","logo":{"@type":"ImageObject","inLanguage":"et","@id":"https:\/\/fontemenergy.lt\/et\/#\/schema\/logo\/image\/","url":"https:\/\/fontemenergy.lt\/wp-content\/uploads\/2024\/06\/Transparent-Logo-2-1-1.png","contentUrl":"https:\/\/fontemenergy.lt\/wp-content\/uploads\/2024\/06\/Transparent-Logo-2-1-1.png","width":972,"height":400,"caption":"Font Energia"},"image":{"@id":"https:\/\/fontemenergy.lt\/et\/#\/schema\/logo\/image\/"}}]}},"_links":{"self":[{"href":"https:\/\/fontemenergy.lt\/et\/wp-json\/wp\/v2\/product\/3750","targetHints":{"allow":["GET"]}}],"collection":[{"href":"https:\/\/fontemenergy.lt\/et\/wp-json\/wp\/v2\/product"}],"about":[{"href":"https:\/\/fontemenergy.lt\/et\/wp-json\/wp\/v2\/types\/product"}],"wp:featuredmedia":[{"embeddable":true,"href":"https:\/\/fontemenergy.lt\/et\/wp-json\/wp\/v2\/media\/3755"}],"wp:attachment":[{"href":"https:\/\/fontemenergy.lt\/et\/wp-json\/wp\/v2\/media?parent=3750"}],"wp:term":[{"taxonomy":"product_brand","embeddable":true,"href":"https:\/\/fontemenergy.lt\/et\/wp-json\/wp\/v2\/product_brand?post=3750"},{"taxonomy":"product_cat","embeddable":true,"href":"https:\/\/fontemenergy.lt\/et\/wp-json\/wp\/v2\/product_cat?post=3750"},{"taxonomy":"product_tag","embeddable":true,"href":"https:\/\/fontemenergy.lt\/et\/wp-json\/wp\/v2\/product_tag?post=3750"}],"curies":[{"name":"wp","href":"https:\/\/api.w.org\/{rel}","templated":true}]}}