{"id":3730,"date":"2024-09-13T12:59:12","date_gmt":"2024-09-13T09:59:12","guid":{"rendered":"https:\/\/fontemenergy.lt\/produkcija\/maaratlemata\/liitiumakud-12v-100ah\/"},"modified":"2024-09-13T12:59:12","modified_gmt":"2024-09-13T09:59:12","slug":"liitiumakud-12v-100ah","status":"publish","type":"product","link":"https:\/\/fontemenergy.lt\/et\/tooted\/liitiumpatareid\/liitiumakud-12v-100ah\/","title":{"rendered":"Liitiumakud 12V 100Ah"},"content":{"rendered":"<p data-start=\"206\" data-end=\"297\"><strong data-start=\"212\" data-end=\"297\">12V 100Ah Li-ion aku &#8211; kompaktne energialahendus kalap\u00fc\u00fcgiks ja muuks!<\/strong><\/p>\n<p data-start=\"299\" data-end=\"389\">T\u00f5hus, kerge ja usaldusv\u00e4\u00e4rne &#8211; sobib ideaalselt kalap\u00fc\u00fcgiks, telkimiseks ja p\u00e4ikeses\u00fcsteemidele.<\/p>\n<hr data-start=\"391\" data-end=\"394\">\n<h3 data-start=\"396\" data-end=\"435\">\u2705 Miks valida see aku?<\/h3>\n<ul data-start=\"437\" data-end=\"835\">\n<li data-start=\"437\" data-end=\"507\">\n<p data-start=\"439\" data-end=\"507\">\ud83d\udd0b <strong data-start=\"442\" data-end=\"474\">Kvaliteetsed Li-ioonelemendid<\/strong> &#8211; pikk eluiga ja stabiilsus<\/p>\n<\/li>\n<li data-start=\"508\" data-end=\"584\">\n<p data-start=\"510\" data-end=\"584\">\u2699\ufe0f <strong data-start=\"513\" data-end=\"556\">UK BMS kontroller aktiivse tasakaalustamisega<\/strong> &#8211; ohutus ja t\u00f5husus<\/p>\n<\/li>\n<li data-start=\"585\" data-end=\"670\">\n<p data-start=\"587\" data-end=\"670\">\ud83d\udcf1 <strong data-start=\"590\" data-end=\"624\">Mobiilne juhtimine<\/strong> &#8211; j\u00e4lgige pinge, voolu, tasakaalu reaalajas<\/p>\n<\/li>\n<li data-start=\"671\" data-end=\"743\">\n<p data-start=\"673\" data-end=\"743\">\ud83e\udeb6 <strong data-start=\"676\" data-end=\"706\">\u00dclikerge ja kompaktne<\/strong> &#8211; sobib ideaalselt paati v\u00f5i matkaautosse<\/p>\n<\/li>\n<li data-start=\"744\" data-end=\"804\">\n<p data-start=\"746\" data-end=\"804\">\ud83d\udee0\ufe0f <strong data-start=\"750\" data-end=\"802\">Koosk\u00f5lastatud vastavalt individuaalsetele vajadustele Leedus<\/strong>.<\/p>\n<\/li>\n<li data-start=\"805\" data-end=\"835\">\n<p data-start=\"807\" data-end=\"835\">\ud83d\udee1\ufe0f <strong data-start=\"811\" data-end=\"835\">12 kuu garantii<\/strong><\/p>\n<\/li>\n<\/ul>\n<hr data-start=\"837\" data-end=\"840\">\n<h3 data-start=\"842\" data-end=\"871\">\ud83d\udcca <strong data-start=\"849\" data-end=\"871\">Tehnilised omadused:<\/strong><\/h3>\n<ul data-start=\"873\" data-end=\"1082\">\n<li data-start=\"873\" data-end=\"903\">\n<p data-start=\"875\" data-end=\"903\"><strong data-start=\"875\" data-end=\"895\">Nimipinge:<\/strong> 12.6V<\/p>\n<\/li>\n<li data-start=\"904\" data-end=\"934\">\n<p data-start=\"906\" data-end=\"934\"><strong data-start=\"906\" data-end=\"916\">Maht:<\/strong> 100Ah (~1260Wh)<\/p>\n<\/li>\n<li data-start=\"935\" data-end=\"971\">\n<p data-start=\"937\" data-end=\"971\"><strong data-start=\"937\" data-end=\"962\">Max. Laadimisvool: <\/strong>  30-50A<\/p>\n<\/li>\n<li data-start=\"972\" data-end=\"1037\">\n<p data-start=\"974\" data-end=\"1037\"><strong data-start=\"974\" data-end=\"1000\">Max. T\u00fchjendusvool: <\/strong>  50-100A (s\u00f5ltuvalt mudelist)<\/p>\n<\/li>\n<li data-start=\"1038\" data-end=\"1082\">\n<p data-start=\"1040\" data-end=\"1082\"><strong data-start=\"1040\" data-end=\"1060\">Laadimispinge:<\/strong> 12,6 V (BMS-ga kaitstud)<\/p>\n<\/li>\n<\/ul>\n<hr data-start=\"1084\" data-end=\"1087\">\n<h3 data-start=\"1089\" data-end=\"1117\">\ud83c\udf21\ufe0f T\u00f6\u00f6temperatuur:<\/h3>\n<ul data-start=\"1119\" data-end=\"1179\">\n<li data-start=\"1119\" data-end=\"1148\">\n<p data-start=\"1121\" data-end=\"1148\"><strong data-start=\"1121\" data-end=\"1135\">Laadimine:<\/strong> 0\u00b0C &#8211; 45\u00b0C<\/p>\n<\/li>\n<li data-start=\"1149\" data-end=\"1179\">\n<p data-start=\"1151\" data-end=\"1179\"><strong data-start=\"1151\" data-end=\"1166\">T\u00fchjendamine:<\/strong> -20\u00b0C &#8211; 60\u00b0C<\/p>\n<\/li>\n<\/ul>\n<hr data-start=\"1181\" data-end=\"1184\">\n<h3 data-start=\"1186\" data-end=\"1205\">\ud83d\udea4 Kohandamine:<\/h3>\n<ul data-start=\"1207\" data-end=\"1436\">\n<li data-start=\"1207\" data-end=\"1257\">\n<p data-start=\"1209\" data-end=\"1257\">\ud83c\udfa3 <strong data-start=\"1212\" data-end=\"1255\">Kalap\u00fc\u00fck paadist, pontoonist, kaikulaudadest<\/strong><\/p>\n<\/li>\n<li data-start=\"1258\" data-end=\"1289\">\n<p data-start=\"1260\" data-end=\"1289\">\ud83d\ude90 <strong data-start=\"1263\" data-end=\"1287\">K\u00e4mpingud, haagissuvilad<\/strong><\/p>\n<\/li>\n<li data-start=\"1290\" data-end=\"1336\">\n<p data-start=\"1292\" data-end=\"1336\">\u2600\ufe0f <strong data-start=\"1295\" data-end=\"1334\">P\u00e4ikeseelektrijaamad (v\u00f5rguv\u00e4lised s\u00fcsteemid)<\/strong><\/p>\n<\/li>\n<li data-start=\"1337\" data-end=\"1376\">\n<p data-start=\"1339\" data-end=\"1376\">\ud83d\udca1 <strong data-start=\"1342\" data-end=\"1374\">LED-valgustus, elektroonika<\/strong><\/p>\n<\/li>\n<li data-start=\"1377\" data-end=\"1436\">\n<p data-start=\"1379\" data-end=\"1436\">\ud83d\udefa <strong data-start=\"1382\" data-end=\"1436\">Elektrilised ratastoolid, v\u00e4ikesed s\u00f5idukid<\/strong><\/p>\n<\/li>\n<\/ul>\n<hr data-start=\"1438\" data-end=\"1441\">\n<h3 data-start=\"1443\" data-end=\"1461\">\ud83c\udfc6 Eelised:<\/h3>\n<ul data-start=\"1463\" data-end=\"1679\">\n<li data-start=\"1463\" data-end=\"1505\">\n<p data-start=\"1465\" data-end=\"1505\">\u26a1 Pikk eluiga ~5000 ts\u00fcklit (80% j\u00e4relej\u00e4\u00e4nud mahutavus)<\/p>\n<\/li>\n<li data-start=\"1506\" data-end=\"1530\">\n<p data-start=\"1508\" data-end=\"1530\">\ud83d\udd0c Kiirlaadimine<\/p>\n<\/li>\n<li data-start=\"1531\" data-end=\"1605\">\n<p data-start=\"1533\" data-end=\"1605\">\ud83d\udce6 Kompaktne ja kerge &#8211; kuni 70% kergem kui pliiakud<\/p>\n<\/li>\n<li data-start=\"1606\" data-end=\"1636\">\n<p data-start=\"1608\" data-end=\"1636\">\ud83e\uddfc Hooldusvaba<\/p>\n<\/li>\n<li data-start=\"1637\" data-end=\"1679\">\n<p data-start=\"1639\" data-end=\"1679\">\ud83d\udcf2 Rakenduse j\u00e4lgimine (Bluetooth)<\/p>\n<\/li>\n<\/ul>\n<hr data-start=\"1681\" data-end=\"1684\">\n<h3 data-start=\"1686\" data-end=\"1738\">\ud83d\udcb6 <strong data-start=\"1693\" data-end=\"1709\">Hind: 270\u20ac<\/strong><\/h3>\n<p data-start=\"1739\" data-end=\"1770\">\ud83d\udce6 Kohaletoimetamine kogu Leedus<\/p>\n<hr data-start=\"1772\" data-end=\"1775\">\n<p data-start=\"1777\" data-end=\"1903\"><strong data-start=\"1777\" data-end=\"1837\">Fontem Energy &#8211; kui kala ootab ja energiast pole puudust!<\/strong><br data-start=\"1837\" data-end=\"1840\">\ud83d\udcf2 V\u00f5tke meiega kohe \u00fchendust &#8211; me aitame teil leida \u00f5ige lahenduse!<\/p>\n<p><strong>12V 100Ah liitiumaku<\/strong> on suure v\u00f5imsusega, s\u00fcgava ts\u00fckliga energialahendus, mis sobib mitmesuguste elektrirakenduste jaoks. Hind sisaldab laadijat, voltmeetrit ja USB-pistikut. Akul on sisseehitatud UK BMS-kaitses\u00fcsteem, et v\u00e4ltida liigset t\u00fchjendamist ja \u00fclelaadimist. Laadimine 100%-st kuni 10%-ni. Ainult k\u00f5rgeima kvaliteediga komponendid. Meil on ka k\u00f5ik komponendid ise kokku pandud. Valmistame liitiumakusid 12-24-36-48-60-96V uutest elektriautode akudest.    <\/p>\n<p>&nbsp;<\/p>\n<p>&nbsp;<\/p>\n","protected":false},"excerpt":{"rendered":"<p><strong>  Spetsifikatsioon<\/strong><\/p>\n<ul>\n<li>Maht, Ah: <strong>100<\/strong><\/li>\n<li>Pinge, V: <strong>12<\/strong><\/li>\n<li>Kaal, kg: <strong>12<\/strong><\/li>\n<li>Garantii, kuud: <strong>12<\/strong><\/li>\n<li>Pikkus \u00d7 laius \u00d7 k\u00f5rgus, cm: <strong>40\u00d717\u00d720<\/strong><\/li>\n<\/ul>\n","protected":false},"featured_media":3732,"template":"","meta":{"site-sidebar-layout":"default","site-content-layout":"","ast-site-content-layout":"default","site-content-style":"default","site-sidebar-style":"default","ast-global-header-display":"","ast-banner-title-visibility":"","ast-main-header-display":"","ast-hfb-above-header-display":"","ast-hfb-below-header-display":"","ast-hfb-mobile-header-display":"","site-post-title":"","ast-breadcrumbs-content":"","ast-featured-img":"","footer-sml-layout":"","ast-disable-related-posts":"","theme-transparent-header-meta":"default","adv-header-id-meta":"","stick-header-meta":"","header-above-stick-meta":"","header-main-stick-meta":"","header-below-stick-meta":"","astra-migrate-meta-layouts":"default","ast-page-background-enabled":"default","ast-page-background-meta":{"desktop":{"background-color":"","background-image":"","background-repeat":"repeat","background-position":"center center","background-size":"auto","background-attachment":"scroll","background-type":"","background-media":"","overlay-type":"","overlay-color":"","overlay-opacity":"","overlay-gradient":""},"tablet":{"background-color":"","background-image":"","background-repeat":"repeat","background-position":"center center","background-size":"auto","background-attachment":"scroll","background-type":"","background-media":"","overlay-type":"","overlay-color":"","overlay-opacity":"","overlay-gradient":""},"mobile":{"background-color":"","background-image":"","background-repeat":"repeat","background-position":"center center","background-size":"auto","background-attachment":"scroll","background-type":"","background-media":"","overlay-type":"","overlay-color":"","overlay-opacity":"","overlay-gradient":""}},"ast-content-background-meta":{"desktop":{"background-color":"var(--ast-global-color-5)","background-image":"","background-repeat":"repeat","background-position":"center center","background-size":"auto","background-attachment":"scroll","background-type":"","background-media":"","overlay-type":"","overlay-color":"","overlay-opacity":"","overlay-gradient":""},"tablet":{"background-color":"var(--ast-global-color-5)","background-image":"","background-repeat":"repeat","background-position":"center center","background-size":"auto","background-attachment":"scroll","background-type":"","background-media":"","overlay-type":"","overlay-color":"","overlay-opacity":"","overlay-gradient":""},"mobile":{"background-color":"var(--ast-global-color-5)","background-image":"","background-repeat":"repeat","background-position":"center center","background-size":"auto","background-attachment":"scroll","background-type":"","background-media":"","overlay-type":"","overlay-color":"","overlay-opacity":"","overlay-gradient":""}}},"product_brand":[],"product_cat":[134],"product_tag":[],"class_list":{"0":"post-3730","1":"product","2":"type-product","3":"status-publish","4":"has-post-thumbnail","6":"product_cat-liitiumpatareid","7":"pa_itampav-158","8":"pa_talpaah-150","9":"desktop-align-left","10":"tablet-align-left","11":"mobile-align-left","13":"first","14":"instock","15":"taxable","16":"shipping-taxable","17":"purchasable","18":"product-type-simple"},"yoast_head":"<!-- This site is optimized with the Yoast SEO plugin v27.4 - https:\/\/yoast.com\/product\/yoast-seo-wordpress\/ -->\n<title>Liitiumakud 12V 100Ah - Parim hind ja kvaliteet - Fontem Energy%<\/title>\n<meta name=\"description\" content=\"See on suure j\u00f5udlusega, s\u00fcgava ts\u00fckliga energialahendus, mis sobib mitmesuguste elektrirakenduste jaoks. Akul on sisseehitatud UK BMS roll,\" \/>\n<meta name=\"robots\" content=\"index, follow, max-snippet:-1, max-image-preview:large, max-video-preview:-1\" \/>\n<link rel=\"canonical\" href=\"https:\/\/fontemenergy.lt\/et\/tooted\/liitiumpatareid\/liitiumakud-12v-100ah\/\" \/>\n<meta property=\"og:locale\" content=\"et_EE\" \/>\n<meta property=\"og:type\" content=\"article\" \/>\n<meta property=\"og:title\" content=\"Liitiumakud 12V 100Ah - Parim hind ja kvaliteet - Fontem Energy%\" \/>\n<meta property=\"og:description\" content=\"See on suure j\u00f5udlusega, s\u00fcgava ts\u00fckliga energialahendus, mis sobib mitmesuguste elektrirakenduste jaoks. Akul on sisseehitatud UK BMS roll,\" \/>\n<meta property=\"og:url\" content=\"https:\/\/fontemenergy.lt\/et\/tooted\/liitiumpatareid\/liitiumakud-12v-100ah\/\" \/>\n<meta property=\"og:site_name\" content=\"Fontem Energy\" \/>\n<meta property=\"og:image\" content=\"https:\/\/fontemenergy.lt\/wp-content\/uploads\/2024\/09\/Licio-akumuliatorius-12v100ah-1-1-rotated.jpeg\" \/>\n\t<meta property=\"og:image:width\" content=\"1600\" \/>\n\t<meta property=\"og:image:height\" content=\"1200\" \/>\n\t<meta property=\"og:image:type\" content=\"image\/jpeg\" \/>\n<meta name=\"twitter:card\" content=\"summary_large_image\" \/>\n<meta name=\"twitter:label1\" content=\"Est. reading time\" \/>\n\t<meta name=\"twitter:data1\" content=\"1 minut\" \/>\n<script type=\"application\/ld+json\" class=\"yoast-schema-graph\">{\"@context\":\"https:\\\/\\\/schema.org\",\"@graph\":[{\"@type\":\"WebPage\",\"@id\":\"https:\\\/\\\/fontemenergy.lt\\\/et\\\/tooted\\\/liitiumpatareid\\\/liitiumakud-12v-100ah\\\/\",\"url\":\"https:\\\/\\\/fontemenergy.lt\\\/et\\\/tooted\\\/liitiumpatareid\\\/liitiumakud-12v-100ah\\\/\",\"name\":\"Liitiumakud 12V 100Ah - Parim hind ja kvaliteet - Fontem Energy%\",\"isPartOf\":{\"@id\":\"https:\\\/\\\/fontemenergy.lt\\\/et\\\/#website\"},\"primaryImageOfPage\":{\"@id\":\"https:\\\/\\\/fontemenergy.lt\\\/et\\\/tooted\\\/liitiumpatareid\\\/liitiumakud-12v-100ah\\\/#primaryimage\"},\"image\":{\"@id\":\"https:\\\/\\\/fontemenergy.lt\\\/et\\\/tooted\\\/liitiumpatareid\\\/liitiumakud-12v-100ah\\\/#primaryimage\"},\"thumbnailUrl\":\"https:\\\/\\\/fontemenergy.lt\\\/wp-content\\\/uploads\\\/2024\\\/09\\\/Licio-akumuliatorius-12v100ah-1-1-rotated.jpeg\",\"datePublished\":\"2024-09-13T09:59:12+00:00\",\"description\":\"See on suure j\u00f5udlusega, s\u00fcgava ts\u00fckliga energialahendus, mis sobib mitmesuguste elektrirakenduste jaoks. Akul on sisseehitatud UK BMS roll,\",\"breadcrumb\":{\"@id\":\"https:\\\/\\\/fontemenergy.lt\\\/et\\\/tooted\\\/liitiumpatareid\\\/liitiumakud-12v-100ah\\\/#breadcrumb\"},\"inLanguage\":\"et\",\"potentialAction\":[{\"@type\":\"ReadAction\",\"target\":[\"https:\\\/\\\/fontemenergy.lt\\\/et\\\/tooted\\\/liitiumpatareid\\\/liitiumakud-12v-100ah\\\/\"]}]},{\"@type\":\"ImageObject\",\"inLanguage\":\"et\",\"@id\":\"https:\\\/\\\/fontemenergy.lt\\\/et\\\/tooted\\\/liitiumpatareid\\\/liitiumakud-12v-100ah\\\/#primaryimage\",\"url\":\"https:\\\/\\\/fontemenergy.lt\\\/wp-content\\\/uploads\\\/2024\\\/09\\\/Licio-akumuliatorius-12v100ah-1-1-rotated.jpeg\",\"contentUrl\":\"https:\\\/\\\/fontemenergy.lt\\\/wp-content\\\/uploads\\\/2024\\\/09\\\/Licio-akumuliatorius-12v100ah-1-1-rotated.jpeg\",\"width\":1600,\"height\":1200,\"caption\":\"Liitium-ioon aku 12v,100ah (1)\"},{\"@type\":\"BreadcrumbList\",\"@id\":\"https:\\\/\\\/fontemenergy.lt\\\/et\\\/tooted\\\/liitiumpatareid\\\/liitiumakud-12v-100ah\\\/#breadcrumb\",\"itemListElement\":[{\"@type\":\"ListItem\",\"position\":1,\"name\":\"Home\",\"item\":\"https:\\\/\\\/fontemenergy.lt\\\/et\\\/kodu\\\/\"},{\"@type\":\"ListItem\",\"position\":2,\"name\":\"Tootmine\",\"item\":\"https:\\\/\\\/fontemenergy.lt\\\/et\\\/tootmine\\\/\"},{\"@type\":\"ListItem\",\"position\":3,\"name\":\"Liitiumakud 12V 100Ah\"}]},{\"@type\":\"WebSite\",\"@id\":\"https:\\\/\\\/fontemenergy.lt\\\/et\\\/#website\",\"url\":\"https:\\\/\\\/fontemenergy.lt\\\/et\\\/\",\"name\":\"Fontem Energy\",\"description\":\"Fontem Energy Website\",\"publisher\":{\"@id\":\"https:\\\/\\\/fontemenergy.lt\\\/et\\\/#organization\"},\"potentialAction\":[{\"@type\":\"SearchAction\",\"target\":{\"@type\":\"EntryPoint\",\"urlTemplate\":\"https:\\\/\\\/fontemenergy.lt\\\/et\\\/?s={search_term_string}\"},\"query-input\":{\"@type\":\"PropertyValueSpecification\",\"valueRequired\":true,\"valueName\":\"search_term_string\"}}],\"inLanguage\":\"et\"},{\"@type\":\"Organization\",\"@id\":\"https:\\\/\\\/fontemenergy.lt\\\/et\\\/#organization\",\"name\":\"Font Energia\",\"url\":\"https:\\\/\\\/fontemenergy.lt\\\/et\\\/\",\"logo\":{\"@type\":\"ImageObject\",\"inLanguage\":\"et\",\"@id\":\"https:\\\/\\\/fontemenergy.lt\\\/et\\\/#\\\/schema\\\/logo\\\/image\\\/\",\"url\":\"https:\\\/\\\/fontemenergy.lt\\\/wp-content\\\/uploads\\\/2024\\\/06\\\/Transparent-Logo-2-1-1.png\",\"contentUrl\":\"https:\\\/\\\/fontemenergy.lt\\\/wp-content\\\/uploads\\\/2024\\\/06\\\/Transparent-Logo-2-1-1.png\",\"width\":972,\"height\":400,\"caption\":\"Font Energia\"},\"image\":{\"@id\":\"https:\\\/\\\/fontemenergy.lt\\\/et\\\/#\\\/schema\\\/logo\\\/image\\\/\"}}]}<\/script>\n<!-- \/ Yoast SEO plugin. -->","yoast_head_json":{"title":"Liitiumakud 12V 100Ah - Parim hind ja kvaliteet - Fontem Energy%","description":"See on suure j\u00f5udlusega, s\u00fcgava ts\u00fckliga energialahendus, mis sobib mitmesuguste elektrirakenduste jaoks. Akul on sisseehitatud UK BMS roll,","robots":{"index":"index","follow":"follow","max-snippet":"max-snippet:-1","max-image-preview":"max-image-preview:large","max-video-preview":"max-video-preview:-1"},"canonical":"https:\/\/fontemenergy.lt\/et\/tooted\/liitiumpatareid\/liitiumakud-12v-100ah\/","og_locale":"et_EE","og_type":"article","og_title":"Liitiumakud 12V 100Ah - Parim hind ja kvaliteet - Fontem Energy%","og_description":"See on suure j\u00f5udlusega, s\u00fcgava ts\u00fckliga energialahendus, mis sobib mitmesuguste elektrirakenduste jaoks. Akul on sisseehitatud UK BMS roll,","og_url":"https:\/\/fontemenergy.lt\/et\/tooted\/liitiumpatareid\/liitiumakud-12v-100ah\/","og_site_name":"Fontem Energy","og_image":[{"width":1600,"height":1200,"url":"https:\/\/fontemenergy.lt\/wp-content\/uploads\/2024\/09\/Licio-akumuliatorius-12v100ah-1-1-rotated.jpeg","type":"image\/jpeg"}],"twitter_card":"summary_large_image","twitter_misc":{"Est. reading time":"1 minut"},"schema":{"@context":"https:\/\/schema.org","@graph":[{"@type":"WebPage","@id":"https:\/\/fontemenergy.lt\/et\/tooted\/liitiumpatareid\/liitiumakud-12v-100ah\/","url":"https:\/\/fontemenergy.lt\/et\/tooted\/liitiumpatareid\/liitiumakud-12v-100ah\/","name":"Liitiumakud 12V 100Ah - Parim hind ja kvaliteet - Fontem Energy%","isPartOf":{"@id":"https:\/\/fontemenergy.lt\/et\/#website"},"primaryImageOfPage":{"@id":"https:\/\/fontemenergy.lt\/et\/tooted\/liitiumpatareid\/liitiumakud-12v-100ah\/#primaryimage"},"image":{"@id":"https:\/\/fontemenergy.lt\/et\/tooted\/liitiumpatareid\/liitiumakud-12v-100ah\/#primaryimage"},"thumbnailUrl":"https:\/\/fontemenergy.lt\/wp-content\/uploads\/2024\/09\/Licio-akumuliatorius-12v100ah-1-1-rotated.jpeg","datePublished":"2024-09-13T09:59:12+00:00","description":"See on suure j\u00f5udlusega, s\u00fcgava ts\u00fckliga energialahendus, mis sobib mitmesuguste elektrirakenduste jaoks. Akul on sisseehitatud UK BMS roll,","breadcrumb":{"@id":"https:\/\/fontemenergy.lt\/et\/tooted\/liitiumpatareid\/liitiumakud-12v-100ah\/#breadcrumb"},"inLanguage":"et","potentialAction":[{"@type":"ReadAction","target":["https:\/\/fontemenergy.lt\/et\/tooted\/liitiumpatareid\/liitiumakud-12v-100ah\/"]}]},{"@type":"ImageObject","inLanguage":"et","@id":"https:\/\/fontemenergy.lt\/et\/tooted\/liitiumpatareid\/liitiumakud-12v-100ah\/#primaryimage","url":"https:\/\/fontemenergy.lt\/wp-content\/uploads\/2024\/09\/Licio-akumuliatorius-12v100ah-1-1-rotated.jpeg","contentUrl":"https:\/\/fontemenergy.lt\/wp-content\/uploads\/2024\/09\/Licio-akumuliatorius-12v100ah-1-1-rotated.jpeg","width":1600,"height":1200,"caption":"Liitium-ioon aku 12v,100ah (1)"},{"@type":"BreadcrumbList","@id":"https:\/\/fontemenergy.lt\/et\/tooted\/liitiumpatareid\/liitiumakud-12v-100ah\/#breadcrumb","itemListElement":[{"@type":"ListItem","position":1,"name":"Home","item":"https:\/\/fontemenergy.lt\/et\/kodu\/"},{"@type":"ListItem","position":2,"name":"Tootmine","item":"https:\/\/fontemenergy.lt\/et\/tootmine\/"},{"@type":"ListItem","position":3,"name":"Liitiumakud 12V 100Ah"}]},{"@type":"WebSite","@id":"https:\/\/fontemenergy.lt\/et\/#website","url":"https:\/\/fontemenergy.lt\/et\/","name":"Fontem Energy","description":"Fontem Energy Website","publisher":{"@id":"https:\/\/fontemenergy.lt\/et\/#organization"},"potentialAction":[{"@type":"SearchAction","target":{"@type":"EntryPoint","urlTemplate":"https:\/\/fontemenergy.lt\/et\/?s={search_term_string}"},"query-input":{"@type":"PropertyValueSpecification","valueRequired":true,"valueName":"search_term_string"}}],"inLanguage":"et"},{"@type":"Organization","@id":"https:\/\/fontemenergy.lt\/et\/#organization","name":"Font Energia","url":"https:\/\/fontemenergy.lt\/et\/","logo":{"@type":"ImageObject","inLanguage":"et","@id":"https:\/\/fontemenergy.lt\/et\/#\/schema\/logo\/image\/","url":"https:\/\/fontemenergy.lt\/wp-content\/uploads\/2024\/06\/Transparent-Logo-2-1-1.png","contentUrl":"https:\/\/fontemenergy.lt\/wp-content\/uploads\/2024\/06\/Transparent-Logo-2-1-1.png","width":972,"height":400,"caption":"Font Energia"},"image":{"@id":"https:\/\/fontemenergy.lt\/et\/#\/schema\/logo\/image\/"}}]}},"_links":{"self":[{"href":"https:\/\/fontemenergy.lt\/et\/wp-json\/wp\/v2\/product\/3730","targetHints":{"allow":["GET"]}}],"collection":[{"href":"https:\/\/fontemenergy.lt\/et\/wp-json\/wp\/v2\/product"}],"about":[{"href":"https:\/\/fontemenergy.lt\/et\/wp-json\/wp\/v2\/types\/product"}],"wp:featuredmedia":[{"embeddable":true,"href":"https:\/\/fontemenergy.lt\/et\/wp-json\/wp\/v2\/media\/3732"}],"wp:attachment":[{"href":"https:\/\/fontemenergy.lt\/et\/wp-json\/wp\/v2\/media?parent=3730"}],"wp:term":[{"taxonomy":"product_brand","embeddable":true,"href":"https:\/\/fontemenergy.lt\/et\/wp-json\/wp\/v2\/product_brand?post=3730"},{"taxonomy":"product_cat","embeddable":true,"href":"https:\/\/fontemenergy.lt\/et\/wp-json\/wp\/v2\/product_cat?post=3730"},{"taxonomy":"product_tag","embeddable":true,"href":"https:\/\/fontemenergy.lt\/et\/wp-json\/wp\/v2\/product_tag?post=3730"}],"curies":[{"name":"wp","href":"https:\/\/api.w.org\/{rel}","templated":true}]}}