{"id":3564,"date":"2024-11-08T11:28:57","date_gmt":"2024-11-08T09:28:57","guid":{"rendered":"https:\/\/fontemenergy.lt\/produkcija\/maaratlemata\/lifepo4-24v-200ah-akud\/"},"modified":"2024-11-08T11:28:57","modified_gmt":"2024-11-08T09:28:57","slug":"lifepo4-24v-200ah-akud","status":"publish","type":"product","link":"https:\/\/fontemenergy.lt\/et\/tooted\/liitiumpatareid\/lifepo4-24v-200ah-akud\/","title":{"rendered":"LiFePO4 24V 200Ah akud"},"content":{"rendered":"<p data-start=\"130\" data-end=\"241\"><strong data-start=\"134\" data-end=\"241\">  \ud83d\udd0bLiFePO4 24V 200Ah &#8211; usaldusv\u00e4\u00e4rne energiaallikas kalap\u00fc\u00fcgiks, matkaautodele, p\u00e4ikeses\u00fcsteemidele ja seadmetele.<\/strong><\/p>\n<p data-start=\"243\" data-end=\"336\">T\u00f5hus, kauakestev ja turvaline energialahendus suurema v\u00f5imsuse ja usaldusv\u00e4\u00e4rsuse tagamiseks.<\/p>\n<hr data-start=\"338\" data-end=\"341\">\n<h3 data-start=\"343\" data-end=\"386\">\u2705 <strong data-start=\"349\" data-end=\"386\">Miks valida see aku?<\/strong><\/h3>\n<p data-start=\"388\" data-end=\"728\">\u2705 Kvaliteetsed LiFePO4-elemendid &#8211; kuni <strong data-start=\"426\" data-end=\"440\">5000 ts\u00fcklit (80% j\u00e4relej\u00e4\u00e4nud mahutavus)<\/strong><br data-start=\"457\" data-end=\"460\">\u2705 Usaldusv\u00e4\u00e4rsed BMS-regulaatorid <strong data-start=\"489\" data-end=\"520\">aktiivse elemendi tasakaalustamisega<\/strong><br data-start=\"580\" data-end=\"583\">\u2705 <strong data-start=\"585\" data-end=\"604\">Ohutu t\u00f6\u00f6<\/strong> &#8211; kaitse \u00fclelaadimise, liigse t\u00fchjendamise ja l\u00fchise eest<br data-start=\"658\" data-end=\"661\">\u2705 Suurep\u00e4rane <strong data-start=\"670\" data-end=\"700\">hinna ja kvaliteedi suhe<\/strong><br data-start=\"700\" data-end=\"703\">\u2705 <strong data-start=\"705\" data-end=\"728\">Garantii &#8211; 1 aasta.<\/strong><\/p>\n<hr data-start=\"730\" data-end=\"733\">\n<h3 data-start=\"735\" data-end=\"763\">\ud83d\udd27 <strong data-start=\"742\" data-end=\"763\">Tehnilised omadused<\/strong><\/h3>\n<ul data-start=\"765\" data-end=\"1001\">\n<li data-start=\"765\" data-end=\"795\">\n<p data-start=\"767\" data-end=\"795\"><strong data-start=\"767\" data-end=\"787\">Nimipinge:<\/strong> 25.6V<\/p>\n<\/li>\n<li data-start=\"796\" data-end=\"876\">\n<p data-start=\"798\" data-end=\"876\"><strong data-start=\"798\" data-end=\"808\">Maht:<\/strong> 200Ah (~5120Wh) &#8211; suur energiavaru mitmesuguste rakenduste jaoks.<\/p>\n<\/li>\n<li data-start=\"877\" data-end=\"914\">\n<p data-start=\"879\" data-end=\"914\"><strong data-start=\"879\" data-end=\"904\">Max. Laadimisvool: <\/strong>  50-100A<\/p>\n<\/li>\n<li data-start=\"915\" data-end=\"954\">\n<p data-start=\"917\" data-end=\"954\"><strong data-start=\"917\" data-end=\"943\">Max. T\u00fchjendusvool: <\/strong>  100-150A<\/p>\n<\/li>\n<li data-start=\"955\" data-end=\"1001\">\n<p data-start=\"957\" data-end=\"1001\"><strong data-start=\"957\" data-end=\"977\">Laadimispinge:<\/strong> 29,2 V (BMS-ga kaitstud)<\/p>\n<\/li>\n<\/ul>\n<hr data-start=\"1003\" data-end=\"1006\">\n<h3 data-start=\"1008\" data-end=\"1039\">\ud83c\udf21\ufe0f <strong data-start=\"1016\" data-end=\"1039\">T\u00f6\u00f6temperatuur<\/strong><\/h3>\n<ul data-start=\"1041\" data-end=\"1103\">\n<li data-start=\"1041\" data-end=\"1070\">\n<p data-start=\"1043\" data-end=\"1070\"><strong data-start=\"1043\" data-end=\"1057\">Laadimine:<\/strong> 0\u00b0C &#8211; 45\u00b0C<\/p>\n<\/li>\n<li data-start=\"1071\" data-end=\"1103\">\n<p data-start=\"1073\" data-end=\"1103\"><strong data-start=\"1073\" data-end=\"1088\">T\u00fchjendamine:<\/strong> -20\u00b0C &#8211; 60\u00b0C<\/p>\n<\/li>\n<\/ul>\n<hr data-start=\"1105\" data-end=\"1108\">\n<h3 data-start=\"1110\" data-end=\"1133\">\ud83d\ude90 <strong data-start=\"1117\" data-end=\"1133\">Kohandamine:<\/strong><\/h3>\n<ul data-start=\"1135\" data-end=\"1357\">\n<li data-start=\"1135\" data-end=\"1176\">\n<p data-start=\"1137\" data-end=\"1176\">Matkasuvilad, haagissuvilad ja haagissuvilad<\/p>\n<\/li>\n<li data-start=\"1177\" data-end=\"1217\">\n<p data-start=\"1179\" data-end=\"1217\">P\u00e4ikeseenergia (off-grid) s\u00fcsteemid<\/p>\n<\/li>\n<li data-start=\"1218\" data-end=\"1250\">\n<p data-start=\"1220\" data-end=\"1250\">Paadid, paadis\u00f5it, kalap\u00fc\u00fck<\/p>\n<\/li>\n<li data-start=\"1251\" data-end=\"1299\">\n<p data-start=\"1253\" data-end=\"1299\">Elektriliste ratastoolide puhul laadimisjaamad<\/p>\n<\/li>\n<li data-start=\"1300\" data-end=\"1357\">\n<p data-start=\"1302\" data-end=\"1357\">T\u00f6\u00f6stusseadmete v\u00f5i varutoites\u00fcsteemide jaoks<\/p>\n<\/li>\n<\/ul>\n<hr data-start=\"1359\" data-end=\"1362\">\n<h3 data-start=\"1364\" data-end=\"1399\">\ud83c\udfc6 <strong data-start=\"1371\" data-end=\"1399\">Peamised eelised:<\/strong><\/h3>\n<p data-start=\"1401\" data-end=\"1737\">\u2705 <strong data-start=\"1403\" data-end=\"1429\">Pikk eluiga<\/strong> &#8211; kuni 5000 ts\u00fcklit (80% j\u00e4relej\u00e4\u00e4nud mahutavus)<br data-start=\"1446\" data-end=\"1449\">\u2705 <strong data-start=\"1451\" data-end=\"1470\">Ohutu t\u00f6\u00f6<\/strong> &#8211; ei p\u00f5le, \u00fclekuumenemise suhtes vastupidav<br data-start=\"1502\" data-end=\"1505\">\u2705 <strong data-start=\"1507\" data-end=\"1545\">Kergem kui pliiakud<\/strong><br data-start=\"1545\" data-end=\"1548\">\u2705 <strong data-start=\"1550\" data-end=\"1596\">Kompaktne ja ruumi s\u00e4\u00e4stev disain<\/strong><br data-start=\"1596\" data-end=\"1599\">\u2705 <strong data-start=\"1601\" data-end=\"1628\">Hooldusvaba<\/strong><br data-start=\"1628\" data-end=\"1631\">\u2705 <strong data-start=\"1633\" data-end=\"1691\">Saab j\u00e4lgida telefonirakenduse abil (Bluetooth)<\/strong><br data-start=\"1691\" data-end=\"1694\">\u2705 <strong data-start=\"1696\" data-end=\"1737\">Kiire laetavus.<\/strong><\/p>\n<p data-start=\"1401\" data-end=\"1737\">\ud83c\udf31 <strong data-start=\"877\" data-end=\"905\">Keskkonnas\u00f5bralik disain:<\/strong><br data-start=\"905\" data-end=\"908\"><strong data-start=\"908\" data-end=\"1030\">LiFePO4-tehnoloogia on puhtam ja keskkonnas\u00f5bralikum kui pliiakude alternatiivid &#8211; valmistatud taaskasutatavatest materjalidest.<\/strong> Ei sisalda happeid, auru ega ohtlikke aineid &#8211; sobib tundlikesse keskkondadesse ja siseruumidesse.<\/p>\n<hr data-start=\"1739\" data-end=\"1742\">\n<p data-start=\"1744\" data-end=\"1883\"><strong data-start=\"1744\" data-end=\"1816\">Fontem Energy &#8211; kui vajate rohkem kui lihtsalt akut oma reiside jaoks.<\/strong><br data-start=\"1816\" data-end=\"1819\">V\u00f5tke meiega \u00fchendust &#8211; me pakume teile lahendust, mis kestab aastaid! \ud83c\udf0d\ud83d\udd0b <\/p>\n<p data-start=\"1885\" data-end=\"1936\">\ud83d\udee1\ufe0f <strong data-start=\"1889\" data-end=\"1903\">Garantii:<\/strong> 1 aasta<br data-start=\"1911\" data-end=\"1914\">\ud83d\udcb0 <strong data-start=\"1917\" data-end=\"1927\">Hind:<\/strong> 600\u20ac<\/p>\n<p data-start=\"1885\" data-end=\"1936\">Hind sisaldab laadijat, voltmeetrit ja USB-pistikut.<\/p>\n","protected":false},"excerpt":{"rendered":"<p><strong>Spetsifikatsioon<\/strong><\/p>\n<ul>\n<li>Maht, Ah: <strong> 200<\/strong><\/li>\n<li>Pinge, V: <strong>24<\/strong><\/li>\n<li>Kaal, kg: <strong>45<\/strong><\/li>\n<li>Garantii, kuud: <strong>12<\/strong><\/li>\n<li>Pikkus\u00d7laius\u00d7k\u00f5rgus, cm: <strong>65\u00d736\u00d716<\/strong><\/li>\n<\/ul>\n","protected":false},"featured_media":3572,"template":"","meta":{"site-sidebar-layout":"default","site-content-layout":"","ast-site-content-layout":"default","site-content-style":"default","site-sidebar-style":"default","ast-global-header-display":"","ast-banner-title-visibility":"","ast-main-header-display":"","ast-hfb-above-header-display":"","ast-hfb-below-header-display":"","ast-hfb-mobile-header-display":"","site-post-title":"","ast-breadcrumbs-content":"","ast-featured-img":"","footer-sml-layout":"","ast-disable-related-posts":"","theme-transparent-header-meta":"default","adv-header-id-meta":"","stick-header-meta":"","header-above-stick-meta":"","header-main-stick-meta":"","header-below-stick-meta":"","astra-migrate-meta-layouts":"default","ast-page-background-enabled":"default","ast-page-background-meta":{"desktop":{"background-color":"","background-image":"","background-repeat":"repeat","background-position":"center center","background-size":"auto","background-attachment":"scroll","background-type":"","background-media":"","overlay-type":"","overlay-color":"","overlay-opacity":"","overlay-gradient":""},"tablet":{"background-color":"","background-image":"","background-repeat":"repeat","background-position":"center center","background-size":"auto","background-attachment":"scroll","background-type":"","background-media":"","overlay-type":"","overlay-color":"","overlay-opacity":"","overlay-gradient":""},"mobile":{"background-color":"","background-image":"","background-repeat":"repeat","background-position":"center center","background-size":"auto","background-attachment":"scroll","background-type":"","background-media":"","overlay-type":"","overlay-color":"","overlay-opacity":"","overlay-gradient":""}},"ast-content-background-meta":{"desktop":{"background-color":"var(--ast-global-color-5)","background-image":"","background-repeat":"repeat","background-position":"center center","background-size":"auto","background-attachment":"scroll","background-type":"","background-media":"","overlay-type":"","overlay-color":"","overlay-opacity":"","overlay-gradient":""},"tablet":{"background-color":"var(--ast-global-color-5)","background-image":"","background-repeat":"repeat","background-position":"center center","background-size":"auto","background-attachment":"scroll","background-type":"","background-media":"","overlay-type":"","overlay-color":"","overlay-opacity":"","overlay-gradient":""},"mobile":{"background-color":"var(--ast-global-color-5)","background-image":"","background-repeat":"repeat","background-position":"center center","background-size":"auto","background-attachment":"scroll","background-type":"","background-media":"","overlay-type":"","overlay-color":"","overlay-opacity":"","overlay-gradient":""}}},"product_brand":[],"product_cat":[134],"product_tag":[],"class_list":{"0":"post-3564","1":"product","2":"type-product","3":"status-publish","4":"has-post-thumbnail","6":"product_cat-liitiumpatareid","7":"pa_itampav-154","8":"pa_talpaah-155","9":"desktop-align-left","10":"tablet-align-left","11":"mobile-align-left","13":"first","14":"instock","15":"taxable","16":"shipping-taxable","17":"purchasable","18":"product-type-simple"},"yoast_head":"<!-- This site is optimized with the Yoast SEO plugin v27.4 - https:\/\/yoast.com\/product\/yoast-seo-wordpress\/ -->\n<title>LiFePO4 24V 200Ah akud- Parim hind Leedus<\/title>\n<meta name=\"description\" content=\"Suur v\u00f5imsus 200 Ah 24 V juures, mis tagab suure energiamahu keeruliste konfiguratsioonide jaoks.\" \/>\n<meta name=\"robots\" content=\"index, follow, max-snippet:-1, max-image-preview:large, max-video-preview:-1\" \/>\n<link rel=\"canonical\" href=\"https:\/\/fontemenergy.lt\/et\/tooted\/liitiumpatareid\/lifepo4-24v-200ah-akud\/\" \/>\n<meta property=\"og:locale\" content=\"et_EE\" \/>\n<meta property=\"og:type\" content=\"article\" \/>\n<meta property=\"og:title\" content=\"LiFePO4 24V 200Ah akud- Parim hind Leedus\" \/>\n<meta property=\"og:description\" content=\"Suur v\u00f5imsus 200 Ah 24 V juures, mis tagab suure energiamahu keeruliste konfiguratsioonide jaoks.\" \/>\n<meta property=\"og:url\" content=\"https:\/\/fontemenergy.lt\/et\/tooted\/liitiumpatareid\/lifepo4-24v-200ah-akud\/\" \/>\n<meta property=\"og:site_name\" content=\"Fontem Energy\" \/>\n<meta property=\"og:image\" content=\"https:\/\/fontemenergy.lt\/wp-content\/uploads\/2024\/11\/LifePO4-24V200Ah.png\" \/>\n\t<meta property=\"og:image:width\" content=\"1080\" \/>\n\t<meta property=\"og:image:height\" content=\"1080\" \/>\n\t<meta property=\"og:image:type\" content=\"image\/png\" \/>\n<meta name=\"twitter:card\" content=\"summary_large_image\" \/>\n<meta name=\"twitter:label1\" content=\"Est. reading time\" \/>\n\t<meta name=\"twitter:data1\" content=\"1 minut\" \/>\n<script type=\"application\/ld+json\" class=\"yoast-schema-graph\">{\"@context\":\"https:\\\/\\\/schema.org\",\"@graph\":[{\"@type\":\"WebPage\",\"@id\":\"https:\\\/\\\/fontemenergy.lt\\\/et\\\/tooted\\\/liitiumpatareid\\\/lifepo4-24v-200ah-akud\\\/\",\"url\":\"https:\\\/\\\/fontemenergy.lt\\\/et\\\/tooted\\\/liitiumpatareid\\\/lifepo4-24v-200ah-akud\\\/\",\"name\":\"LiFePO4 24V 200Ah akud- Parim hind Leedus\",\"isPartOf\":{\"@id\":\"https:\\\/\\\/fontemenergy.lt\\\/et\\\/#website\"},\"primaryImageOfPage\":{\"@id\":\"https:\\\/\\\/fontemenergy.lt\\\/et\\\/tooted\\\/liitiumpatareid\\\/lifepo4-24v-200ah-akud\\\/#primaryimage\"},\"image\":{\"@id\":\"https:\\\/\\\/fontemenergy.lt\\\/et\\\/tooted\\\/liitiumpatareid\\\/lifepo4-24v-200ah-akud\\\/#primaryimage\"},\"thumbnailUrl\":\"https:\\\/\\\/fontemenergy.lt\\\/wp-content\\\/uploads\\\/2024\\\/11\\\/LifePO4-24V200Ah.png\",\"datePublished\":\"2024-11-08T09:28:57+00:00\",\"description\":\"Suur v\u00f5imsus 200 Ah 24 V juures, mis tagab suure energiamahu keeruliste konfiguratsioonide jaoks.\",\"breadcrumb\":{\"@id\":\"https:\\\/\\\/fontemenergy.lt\\\/et\\\/tooted\\\/liitiumpatareid\\\/lifepo4-24v-200ah-akud\\\/#breadcrumb\"},\"inLanguage\":\"et\",\"potentialAction\":[{\"@type\":\"ReadAction\",\"target\":[\"https:\\\/\\\/fontemenergy.lt\\\/et\\\/tooted\\\/liitiumpatareid\\\/lifepo4-24v-200ah-akud\\\/\"]}]},{\"@type\":\"ImageObject\",\"inLanguage\":\"et\",\"@id\":\"https:\\\/\\\/fontemenergy.lt\\\/et\\\/tooted\\\/liitiumpatareid\\\/lifepo4-24v-200ah-akud\\\/#primaryimage\",\"url\":\"https:\\\/\\\/fontemenergy.lt\\\/wp-content\\\/uploads\\\/2024\\\/11\\\/LifePO4-24V200Ah.png\",\"contentUrl\":\"https:\\\/\\\/fontemenergy.lt\\\/wp-content\\\/uploads\\\/2024\\\/11\\\/LifePO4-24V200Ah.png\",\"width\":1080,\"height\":1080,\"caption\":\"LifePO4 24V200Ah\"},{\"@type\":\"BreadcrumbList\",\"@id\":\"https:\\\/\\\/fontemenergy.lt\\\/et\\\/tooted\\\/liitiumpatareid\\\/lifepo4-24v-200ah-akud\\\/#breadcrumb\",\"itemListElement\":[{\"@type\":\"ListItem\",\"position\":1,\"name\":\"Home\",\"item\":\"https:\\\/\\\/fontemenergy.lt\\\/et\\\/kodu\\\/\"},{\"@type\":\"ListItem\",\"position\":2,\"name\":\"Tootmine\",\"item\":\"https:\\\/\\\/fontemenergy.lt\\\/et\\\/tootmine\\\/\"},{\"@type\":\"ListItem\",\"position\":3,\"name\":\"LiFePO4 24V 200Ah akud\"}]},{\"@type\":\"WebSite\",\"@id\":\"https:\\\/\\\/fontemenergy.lt\\\/et\\\/#website\",\"url\":\"https:\\\/\\\/fontemenergy.lt\\\/et\\\/\",\"name\":\"Fontem Energy\",\"description\":\"Fontem Energy Website\",\"publisher\":{\"@id\":\"https:\\\/\\\/fontemenergy.lt\\\/et\\\/#organization\"},\"potentialAction\":[{\"@type\":\"SearchAction\",\"target\":{\"@type\":\"EntryPoint\",\"urlTemplate\":\"https:\\\/\\\/fontemenergy.lt\\\/et\\\/?s={search_term_string}\"},\"query-input\":{\"@type\":\"PropertyValueSpecification\",\"valueRequired\":true,\"valueName\":\"search_term_string\"}}],\"inLanguage\":\"et\"},{\"@type\":\"Organization\",\"@id\":\"https:\\\/\\\/fontemenergy.lt\\\/et\\\/#organization\",\"name\":\"Font Energia\",\"url\":\"https:\\\/\\\/fontemenergy.lt\\\/et\\\/\",\"logo\":{\"@type\":\"ImageObject\",\"inLanguage\":\"et\",\"@id\":\"https:\\\/\\\/fontemenergy.lt\\\/et\\\/#\\\/schema\\\/logo\\\/image\\\/\",\"url\":\"https:\\\/\\\/fontemenergy.lt\\\/wp-content\\\/uploads\\\/2024\\\/06\\\/Transparent-Logo-2-1-1.png\",\"contentUrl\":\"https:\\\/\\\/fontemenergy.lt\\\/wp-content\\\/uploads\\\/2024\\\/06\\\/Transparent-Logo-2-1-1.png\",\"width\":972,\"height\":400,\"caption\":\"Font Energia\"},\"image\":{\"@id\":\"https:\\\/\\\/fontemenergy.lt\\\/et\\\/#\\\/schema\\\/logo\\\/image\\\/\"}}]}<\/script>\n<!-- \/ Yoast SEO plugin. -->","yoast_head_json":{"title":"LiFePO4 24V 200Ah akud- Parim hind Leedus","description":"Suur v\u00f5imsus 200 Ah 24 V juures, mis tagab suure energiamahu keeruliste konfiguratsioonide jaoks.","robots":{"index":"index","follow":"follow","max-snippet":"max-snippet:-1","max-image-preview":"max-image-preview:large","max-video-preview":"max-video-preview:-1"},"canonical":"https:\/\/fontemenergy.lt\/et\/tooted\/liitiumpatareid\/lifepo4-24v-200ah-akud\/","og_locale":"et_EE","og_type":"article","og_title":"LiFePO4 24V 200Ah akud- Parim hind Leedus","og_description":"Suur v\u00f5imsus 200 Ah 24 V juures, mis tagab suure energiamahu keeruliste konfiguratsioonide jaoks.","og_url":"https:\/\/fontemenergy.lt\/et\/tooted\/liitiumpatareid\/lifepo4-24v-200ah-akud\/","og_site_name":"Fontem Energy","og_image":[{"width":1080,"height":1080,"url":"https:\/\/fontemenergy.lt\/wp-content\/uploads\/2024\/11\/LifePO4-24V200Ah.png","type":"image\/png"}],"twitter_card":"summary_large_image","twitter_misc":{"Est. reading time":"1 minut"},"schema":{"@context":"https:\/\/schema.org","@graph":[{"@type":"WebPage","@id":"https:\/\/fontemenergy.lt\/et\/tooted\/liitiumpatareid\/lifepo4-24v-200ah-akud\/","url":"https:\/\/fontemenergy.lt\/et\/tooted\/liitiumpatareid\/lifepo4-24v-200ah-akud\/","name":"LiFePO4 24V 200Ah akud- Parim hind Leedus","isPartOf":{"@id":"https:\/\/fontemenergy.lt\/et\/#website"},"primaryImageOfPage":{"@id":"https:\/\/fontemenergy.lt\/et\/tooted\/liitiumpatareid\/lifepo4-24v-200ah-akud\/#primaryimage"},"image":{"@id":"https:\/\/fontemenergy.lt\/et\/tooted\/liitiumpatareid\/lifepo4-24v-200ah-akud\/#primaryimage"},"thumbnailUrl":"https:\/\/fontemenergy.lt\/wp-content\/uploads\/2024\/11\/LifePO4-24V200Ah.png","datePublished":"2024-11-08T09:28:57+00:00","description":"Suur v\u00f5imsus 200 Ah 24 V juures, mis tagab suure energiamahu keeruliste konfiguratsioonide jaoks.","breadcrumb":{"@id":"https:\/\/fontemenergy.lt\/et\/tooted\/liitiumpatareid\/lifepo4-24v-200ah-akud\/#breadcrumb"},"inLanguage":"et","potentialAction":[{"@type":"ReadAction","target":["https:\/\/fontemenergy.lt\/et\/tooted\/liitiumpatareid\/lifepo4-24v-200ah-akud\/"]}]},{"@type":"ImageObject","inLanguage":"et","@id":"https:\/\/fontemenergy.lt\/et\/tooted\/liitiumpatareid\/lifepo4-24v-200ah-akud\/#primaryimage","url":"https:\/\/fontemenergy.lt\/wp-content\/uploads\/2024\/11\/LifePO4-24V200Ah.png","contentUrl":"https:\/\/fontemenergy.lt\/wp-content\/uploads\/2024\/11\/LifePO4-24V200Ah.png","width":1080,"height":1080,"caption":"LifePO4 24V200Ah"},{"@type":"BreadcrumbList","@id":"https:\/\/fontemenergy.lt\/et\/tooted\/liitiumpatareid\/lifepo4-24v-200ah-akud\/#breadcrumb","itemListElement":[{"@type":"ListItem","position":1,"name":"Home","item":"https:\/\/fontemenergy.lt\/et\/kodu\/"},{"@type":"ListItem","position":2,"name":"Tootmine","item":"https:\/\/fontemenergy.lt\/et\/tootmine\/"},{"@type":"ListItem","position":3,"name":"LiFePO4 24V 200Ah akud"}]},{"@type":"WebSite","@id":"https:\/\/fontemenergy.lt\/et\/#website","url":"https:\/\/fontemenergy.lt\/et\/","name":"Fontem Energy","description":"Fontem Energy Website","publisher":{"@id":"https:\/\/fontemenergy.lt\/et\/#organization"},"potentialAction":[{"@type":"SearchAction","target":{"@type":"EntryPoint","urlTemplate":"https:\/\/fontemenergy.lt\/et\/?s={search_term_string}"},"query-input":{"@type":"PropertyValueSpecification","valueRequired":true,"valueName":"search_term_string"}}],"inLanguage":"et"},{"@type":"Organization","@id":"https:\/\/fontemenergy.lt\/et\/#organization","name":"Font Energia","url":"https:\/\/fontemenergy.lt\/et\/","logo":{"@type":"ImageObject","inLanguage":"et","@id":"https:\/\/fontemenergy.lt\/et\/#\/schema\/logo\/image\/","url":"https:\/\/fontemenergy.lt\/wp-content\/uploads\/2024\/06\/Transparent-Logo-2-1-1.png","contentUrl":"https:\/\/fontemenergy.lt\/wp-content\/uploads\/2024\/06\/Transparent-Logo-2-1-1.png","width":972,"height":400,"caption":"Font Energia"},"image":{"@id":"https:\/\/fontemenergy.lt\/et\/#\/schema\/logo\/image\/"}}]}},"_links":{"self":[{"href":"https:\/\/fontemenergy.lt\/et\/wp-json\/wp\/v2\/product\/3564","targetHints":{"allow":["GET"]}}],"collection":[{"href":"https:\/\/fontemenergy.lt\/et\/wp-json\/wp\/v2\/product"}],"about":[{"href":"https:\/\/fontemenergy.lt\/et\/wp-json\/wp\/v2\/types\/product"}],"wp:featuredmedia":[{"embeddable":true,"href":"https:\/\/fontemenergy.lt\/et\/wp-json\/wp\/v2\/media\/3572"}],"wp:attachment":[{"href":"https:\/\/fontemenergy.lt\/et\/wp-json\/wp\/v2\/media?parent=3564"}],"wp:term":[{"taxonomy":"product_brand","embeddable":true,"href":"https:\/\/fontemenergy.lt\/et\/wp-json\/wp\/v2\/product_brand?post=3564"},{"taxonomy":"product_cat","embeddable":true,"href":"https:\/\/fontemenergy.lt\/et\/wp-json\/wp\/v2\/product_cat?post=3564"},{"taxonomy":"product_tag","embeddable":true,"href":"https:\/\/fontemenergy.lt\/et\/wp-json\/wp\/v2\/product_tag?post=3564"}],"curies":[{"name":"wp","href":"https:\/\/api.w.org\/{rel}","templated":true}]}}