{"id":3553,"date":"2024-11-07T16:13:09","date_gmt":"2024-11-07T14:13:09","guid":{"rendered":"https:\/\/fontemenergy.lt\/produkcija\/maaratlemata\/lifepo4-48v-100ah-akud-5kwh\/"},"modified":"2024-11-07T16:13:09","modified_gmt":"2024-11-07T14:13:09","slug":"lifepo4-48v-100ah-akud-5kwh","status":"publish","type":"product","link":"https:\/\/fontemenergy.lt\/et\/tooted\/liitiumpatareid\/lifepo4-48v-100ah-akud-5kwh\/","title":{"rendered":"LiFePO4 48V 100Ah akud (5kWh)"},"content":{"rendered":"<p data-start=\"96\" data-end=\"202\"><strong data-start=\"100\" data-end=\"202\">\ud83d\udd0bLiFePO4 48V 100Ah &#8211; v\u00f5imas ja vastupidav lahendus p\u00e4ikeses\u00fcsteemidele, inverteritele ja t\u00f6\u00f6stusele.<\/strong><\/p>\n<p data-start=\"204\" data-end=\"334\">K\u00f5rgepinge, turvaline ja usaldusv\u00e4\u00e4rne v\u00f5imsus keeruliste elektrilahenduste jaoks &#8211; alates v\u00f5rgu\u00fchenduseta p\u00e4ikeseelektrijaamadest kuni t\u00f6\u00f6stuss\u00fcsteemideni.<\/p>\n<hr data-start=\"336\" data-end=\"339\">\n<h3 data-start=\"341\" data-end=\"384\">\u2705 <strong data-start=\"347\" data-end=\"384\">Miks valida see aku?<\/strong><\/h3>\n<p data-start=\"386\" data-end=\"789\">\u2705 Kvaliteetsed <strong data-start=\"404\" data-end=\"421\">LiFePO4-elemendid<\/strong> &#8211; pikk eluiga kuni 5000 ts\u00fcklit<br data-start=\"461\" data-end=\"464\">\u2705 Usaldusv\u00e4\u00e4rne <strong data-start=\"476\" data-end=\"506\">BMS aktiivse tasakaalustamisega<\/strong> &#8211; kaitseb \u00fclelaadimise, l\u00fchiste ja \u00fclevoolu eest<br data-start=\"569\" data-end=\"572\">\u2705 Ideaalne aku <strong data-start=\"590\" data-end=\"643\">inverterite jaoks, UPS-s\u00fcsteemidele ja p\u00e4ikeseelektrijaamadele<\/strong><br data-start=\"643\" data-end=\"646\">\u2705 Vaikne, keskkonnas\u00f5bralik ja hooldusvaba lahendus (80% j\u00e4relej\u00e4\u00e4nud v\u00f5imsus)<br data-start=\"708\" data-end=\"711\">\u2705 <strong data-start=\"713\" data-end=\"761\">Bluetooth-akude j\u00e4lgimine telefonirakenduse kaudu<\/strong><br data-start=\"761\" data-end=\"764\">\u2705 <strong data-start=\"766\" data-end=\"789\">Garantii &#8211; 1 aasta<\/strong><\/p>\n<hr data-start=\"791\" data-end=\"794\">\n<h3 data-start=\"796\" data-end=\"824\">\ud83d\udd27 <strong data-start=\"803\" data-end=\"824\">Tehnilised omadused<\/strong><\/h3>\n<ul data-start=\"826\" data-end=\"1010\">\n<li data-start=\"826\" data-end=\"856\">\n<p data-start=\"828\" data-end=\"856\"><strong data-start=\"828\" data-end=\"848\">Nimipinge:<\/strong> 51.2V<\/p>\n<\/li>\n<li data-start=\"857\" data-end=\"887\">\n<p data-start=\"859\" data-end=\"887\"><strong data-start=\"859\" data-end=\"869\">Maht:<\/strong> 100Ah (~5120Wh)<\/p>\n<\/li>\n<li data-start=\"888\" data-end=\"925\">\n<p data-start=\"890\" data-end=\"925\"><strong data-start=\"890\" data-end=\"915\">Max. Laadimisvool: <\/strong>  50-100A<\/p>\n<\/li>\n<li data-start=\"926\" data-end=\"965\">\n<p data-start=\"928\" data-end=\"965\"><strong data-start=\"928\" data-end=\"954\">Max. T\u00fchjendusvool: <\/strong>  100-150A<\/p>\n<\/li>\n<li data-start=\"966\" data-end=\"1010\">\n<p data-start=\"968\" data-end=\"1010\"><strong data-start=\"968\" data-end=\"988\">Laadimispinge:<\/strong> 58.4V (BMS kaitstud)<\/p>\n<\/li>\n<\/ul>\n<hr data-start=\"1012\" data-end=\"1015\">\n<h3 data-start=\"1017\" data-end=\"1048\">\ud83c\udf21\ufe0f <strong data-start=\"1025\" data-end=\"1048\">T\u00f6\u00f6temperatuur<\/strong><\/h3>\n<ul data-start=\"1050\" data-end=\"1112\">\n<li data-start=\"1050\" data-end=\"1079\">\n<p data-start=\"1052\" data-end=\"1079\"><strong data-start=\"1052\" data-end=\"1066\">Laadimine:<\/strong> 0\u00b0C &#8211; 45\u00b0C<\/p>\n<\/li>\n<li data-start=\"1080\" data-end=\"1112\">\n<p data-start=\"1082\" data-end=\"1112\"><strong data-start=\"1082\" data-end=\"1097\">T\u00fchjendamine:<\/strong> -20\u00b0C &#8211; 60\u00b0C<\/p>\n<\/li>\n<\/ul>\n<hr data-start=\"1114\" data-end=\"1117\">\n<h3 data-start=\"1119\" data-end=\"1141\">\u26a1 <strong data-start=\"1125\" data-end=\"1141\">Kohandamine:<\/strong><\/h3>\n<ul data-start=\"1143\" data-end=\"1445\">\n<li data-start=\"1143\" data-end=\"1177\">\n<p data-start=\"1145\" data-end=\"1177\"><strong data-start=\"1145\" data-end=\"1175\">V\u00f5rguv\u00e4lised p\u00e4ikeseelektrijaamad<\/strong><\/p>\n<\/li>\n<li data-start=\"1178\" data-end=\"1235\">\n<p data-start=\"1180\" data-end=\"1235\"><strong data-start=\"1180\" data-end=\"1233\">H\u00fcbriid- ja varutoites\u00fcsteemid (UPS)<\/strong><\/p>\n<\/li>\n<li data-start=\"1236\" data-end=\"1267\">\n<p data-start=\"1238\" data-end=\"1267\"><strong data-start=\"1238\" data-end=\"1265\">T\u00f6\u00f6stuslikud inverterid<\/strong><\/p>\n<\/li>\n<li data-start=\"1268\" data-end=\"1328\">\n<p data-start=\"1270\" data-end=\"1328\"><strong data-start=\"1270\" data-end=\"1326\">Laadimisjaamad ja energiajaotuslahendused<\/strong><\/p>\n<\/li>\n<li data-start=\"1329\" data-end=\"1374\">\n<p data-start=\"1331\" data-end=\"1374\"><strong data-start=\"1331\" data-end=\"1372\">Suure v\u00f5imsusega akus\u00fcsteemid<\/strong><\/p>\n<\/li>\n<li data-start=\"1375\" data-end=\"1445\">\n<p data-start=\"1377\" data-end=\"1445\"><strong data-start=\"1377\" data-end=\"1445\">Suured haagissuvilad, k\u00f5rge pingevajadusega mobiilsed lahendused<\/strong><\/p>\n<\/li>\n<\/ul>\n<hr data-start=\"1447\" data-end=\"1450\">\n<h3 data-start=\"1452\" data-end=\"1487\">\ud83c\udfc6 <strong data-start=\"1459\" data-end=\"1487\">Peamised eelised:<\/strong><\/h3>\n<p data-start=\"1489\" data-end=\"1802\">\u2705 <strong>Pikk eluiga<\/strong> &#8211; kuni <strong data-start=\"1520\" data-end=\"1534\">5000 ts\u00fcklit<\/strong> (80% j\u00e4relej\u00e4\u00e4nud mahutavus)<br data-start=\"1553\" data-end=\"1556\">\u2705 <strong data-start=\"1558\" data-end=\"1596\">Oluliselt kergem ja kompaktsem<\/strong> kui pliiakud<br data-start=\"1616\" data-end=\"1619\">\u2705 <strong data-start=\"1621\" data-end=\"1646\">K\u00f5rge ohutustase<\/strong> &#8211; kahjutu ja stabiilne LiFePO4 tehnoloogia<br data-start=\"1693\" data-end=\"1696\">\u2705 <strong data-start=\"1698\" data-end=\"1734\">Energiat\u00f5hus<\/strong> ja kiire laadimine<br data-start=\"1755\" data-end=\"1758\">\u2705 <strong data-start=\"1760\" data-end=\"1782\">Bluetooth juhtimine<\/strong> &#8211; k\u00f5ik telefonis.<\/p>\n<hr data-start=\"1804\" data-end=\"1807\">\n<h3 data-start=\"866\" data-end=\"901\">\u26a1 <strong data-start=\"872\" data-end=\"901\">Paindlikkus ja laiendatavus<\/strong>:<\/h3>\n<p data-start=\"903\" data-end=\"1055\">Kuni  <strong data-start=\"923\" data-end=\"942\">3 patareid <\/strong>  \u00fches s\u00fcsteemis:<br data-start=\"959\" data-end=\"962\">\u27a1\ufe0f <strong data-start=\"965\" data-end=\"986\">48V 300Ah (15kWh<\/strong> ) &#8211; v\u00f5imas, laiendatav energiasalvestuss\u00fcsteem suuremate rakenduste jaoks.<\/p>\n<hr data-start=\"1057\" data-end=\"1060\">\n<h3 data-start=\"1062\" data-end=\"1104\">\ud83d\udee1\ufe0f <strong data-start=\"1070\" data-end=\"1104\">Kvaliteeti ja usaldusv\u00e4\u00e4rsust testitud<\/strong><\/h3>\n<p data-start=\"1106\" data-end=\"1211\">Iga aku on enne m\u00fc\u00fcki <strong data-start=\"1129\" data-end=\"1148\">t\u00e4ielikult testitud<\/strong> &#8211; me garanteerime funktsionaalsuse ja ohutu toimimise.<\/p>\n<p data-start=\"1809\" data-end=\"1942\"><strong data-start=\"1809\" data-end=\"1858\">Fontem Energy &#8211; kui usaldusv\u00e4\u00e4rne energia on oluline.<\/strong><br data-start=\"1858\" data-end=\"1861\">V\u00f5tke meiega \u00fchendust ja saate lahenduse, mis vastab teie vajadustele aastateks. \ud83c\udf1e\ud83d\udd0c <\/p>\n<p data-start=\"1944\" data-end=\"1995\">\ud83d\udee1\ufe0f <strong data-start=\"1948\" data-end=\"1962\">Garantii:<\/strong> 1 aasta<br data-start=\"1970\" data-end=\"1973\">\ud83d\udcb0 <strong data-start=\"1976\" data-end=\"1986\">Hind:<\/strong> 600\u20ac<\/p>\n<p>&nbsp;<\/p>\n","protected":false},"excerpt":{"rendered":"<p><strong>  Spetsifikatsioon<\/strong><\/p>\n<ul>\n<li>Maht, Ah: <strong> 100<\/strong><\/li>\n<li>Pinge, V: <strong>48<\/strong><\/li>\n<li>Kaal, kg: <strong>45<\/strong><\/li>\n<li>Garantii, kuud: <strong>12<\/strong><\/li>\n<li>Pikkus\u00d7laius\u00d7k\u00f5rgus, cm: <strong>65\u00d736\u00d716<\/strong><\/li>\n<\/ul>\n","protected":false},"featured_media":3558,"template":"","meta":{"site-sidebar-layout":"default","site-content-layout":"","ast-site-content-layout":"default","site-content-style":"default","site-sidebar-style":"default","ast-global-header-display":"","ast-banner-title-visibility":"","ast-main-header-display":"","ast-hfb-above-header-display":"","ast-hfb-below-header-display":"","ast-hfb-mobile-header-display":"","site-post-title":"","ast-breadcrumbs-content":"","ast-featured-img":"","footer-sml-layout":"","theme-transparent-header-meta":"default","adv-header-id-meta":"","stick-header-meta":"","header-above-stick-meta":"","header-main-stick-meta":"","header-below-stick-meta":"","astra-migrate-meta-layouts":"default","ast-page-background-enabled":"default","ast-page-background-meta":{"desktop":{"background-color":"","background-image":"","background-repeat":"repeat","background-position":"center center","background-size":"auto","background-attachment":"scroll","background-type":"","background-media":"","overlay-type":"","overlay-color":"","overlay-opacity":"","overlay-gradient":""},"tablet":{"background-color":"","background-image":"","background-repeat":"repeat","background-position":"center center","background-size":"auto","background-attachment":"scroll","background-type":"","background-media":"","overlay-type":"","overlay-color":"","overlay-opacity":"","overlay-gradient":""},"mobile":{"background-color":"","background-image":"","background-repeat":"repeat","background-position":"center center","background-size":"auto","background-attachment":"scroll","background-type":"","background-media":"","overlay-type":"","overlay-color":"","overlay-opacity":"","overlay-gradient":""}},"ast-content-background-meta":{"desktop":{"background-color":"var(--ast-global-color-5)","background-image":"","background-repeat":"repeat","background-position":"center center","background-size":"auto","background-attachment":"scroll","background-type":"","background-media":"","overlay-type":"","overlay-color":"","overlay-opacity":"","overlay-gradient":""},"tablet":{"background-color":"var(--ast-global-color-5)","background-image":"","background-repeat":"repeat","background-position":"center center","background-size":"auto","background-attachment":"scroll","background-type":"","background-media":"","overlay-type":"","overlay-color":"","overlay-opacity":"","overlay-gradient":""},"mobile":{"background-color":"var(--ast-global-color-5)","background-image":"","background-repeat":"repeat","background-position":"center center","background-size":"auto","background-attachment":"scroll","background-type":"","background-media":"","overlay-type":"","overlay-color":"","overlay-opacity":"","overlay-gradient":""}}},"product_brand":[],"product_cat":[134],"product_tag":[],"class_list":{"0":"post-3553","1":"product","2":"type-product","3":"status-publish","4":"has-post-thumbnail","6":"product_cat-liitiumpatareid","7":"pa_itampav-132","8":"pa_talpaah-150","9":"desktop-align-left","10":"tablet-align-left","11":"mobile-align-left","13":"first","14":"instock","15":"taxable","16":"shipping-taxable","17":"purchasable","18":"product-type-simple"},"yoast_head":"<!-- This site is optimized with the Yoast SEO plugin v26.0 - https:\/\/yoast.com\/wordpress\/plugins\/seo\/ -->\n<title>LiFe PO4 48V 100Ah akud - Parim hind Leedus<\/title>\n<meta name=\"description\" content=\"Kasutatakse ainult k\u00f5rgeima kvaliteediga komponente, BMS 300A. Maht 9,14kWh. Pinge max 58.8V min 42V 180Ah.\" \/>\n<meta name=\"robots\" content=\"index, follow, max-snippet:-1, max-image-preview:large, max-video-preview:-1\" \/>\n<link rel=\"canonical\" href=\"https:\/\/fontemenergy.lt\/et\/tooted\/liitiumpatareid\/lifepo4-48v-100ah-akud-5kwh\/\" \/>\n<meta property=\"og:locale\" content=\"et_EE\" \/>\n<meta property=\"og:type\" content=\"article\" \/>\n<meta property=\"og:title\" content=\"LiFe PO4 48V 100Ah akud - Parim hind Leedus\" \/>\n<meta property=\"og:description\" content=\"Kasutatakse ainult k\u00f5rgeima kvaliteediga komponente, BMS 300A. Maht 9,14kWh. Pinge max 58.8V min 42V 180Ah.\" \/>\n<meta property=\"og:url\" content=\"https:\/\/fontemenergy.lt\/et\/tooted\/liitiumpatareid\/lifepo4-48v-100ah-akud-5kwh\/\" \/>\n<meta property=\"og:site_name\" content=\"Fontem Energy\" \/>\n<meta property=\"og:image\" content=\"https:\/\/fontemenergy.lt\/wp-content\/uploads\/2024\/11\/LifePO4-48V100Ah-5kWh.png\" \/>\n\t<meta property=\"og:image:width\" content=\"1080\" \/>\n\t<meta property=\"og:image:height\" content=\"1080\" \/>\n\t<meta property=\"og:image:type\" content=\"image\/png\" \/>\n<meta name=\"twitter:card\" content=\"summary_large_image\" \/>\n<meta name=\"twitter:label1\" content=\"Est. reading time\" \/>\n\t<meta name=\"twitter:data1\" content=\"1 minut\" \/>\n<script type=\"application\/ld+json\" class=\"yoast-schema-graph\">{\"@context\":\"https:\/\/schema.org\",\"@graph\":[{\"@type\":\"WebPage\",\"@id\":\"https:\/\/fontemenergy.lt\/et\/tooted\/liitiumpatareid\/lifepo4-48v-100ah-akud-5kwh\/\",\"url\":\"https:\/\/fontemenergy.lt\/et\/tooted\/liitiumpatareid\/lifepo4-48v-100ah-akud-5kwh\/\",\"name\":\"LiFe PO4 48V 100Ah akud - Parim hind Leedus\",\"isPartOf\":{\"@id\":\"https:\/\/fontemenergy.lt\/et\/#website\"},\"primaryImageOfPage\":{\"@id\":\"https:\/\/fontemenergy.lt\/et\/tooted\/liitiumpatareid\/lifepo4-48v-100ah-akud-5kwh\/#primaryimage\"},\"image\":{\"@id\":\"https:\/\/fontemenergy.lt\/et\/tooted\/liitiumpatareid\/lifepo4-48v-100ah-akud-5kwh\/#primaryimage\"},\"thumbnailUrl\":\"https:\/\/fontemenergy.lt\/wp-content\/uploads\/2024\/11\/LifePO4-48V100Ah-5kWh.png\",\"datePublished\":\"2024-11-07T14:13:09+00:00\",\"description\":\"Kasutatakse ainult k\u00f5rgeima kvaliteediga komponente, BMS 300A. Maht 9,14kWh. Pinge max 58.8V min 42V 180Ah.\",\"breadcrumb\":{\"@id\":\"https:\/\/fontemenergy.lt\/et\/tooted\/liitiumpatareid\/lifepo4-48v-100ah-akud-5kwh\/#breadcrumb\"},\"inLanguage\":\"et\",\"potentialAction\":[{\"@type\":\"ReadAction\",\"target\":[\"https:\/\/fontemenergy.lt\/et\/tooted\/liitiumpatareid\/lifepo4-48v-100ah-akud-5kwh\/\"]}]},{\"@type\":\"ImageObject\",\"inLanguage\":\"et\",\"@id\":\"https:\/\/fontemenergy.lt\/et\/tooted\/liitiumpatareid\/lifepo4-48v-100ah-akud-5kwh\/#primaryimage\",\"url\":\"https:\/\/fontemenergy.lt\/wp-content\/uploads\/2024\/11\/LifePO4-48V100Ah-5kWh.png\",\"contentUrl\":\"https:\/\/fontemenergy.lt\/wp-content\/uploads\/2024\/11\/LifePO4-48V100Ah-5kWh.png\",\"width\":1080,\"height\":1080,\"caption\":\"LifePO4 48V100Ah 5kWh\"},{\"@type\":\"BreadcrumbList\",\"@id\":\"https:\/\/fontemenergy.lt\/et\/tooted\/liitiumpatareid\/lifepo4-48v-100ah-akud-5kwh\/#breadcrumb\",\"itemListElement\":[{\"@type\":\"ListItem\",\"position\":1,\"name\":\"Home\",\"item\":\"https:\/\/fontemenergy.lt\/et\/kodu\/\"},{\"@type\":\"ListItem\",\"position\":2,\"name\":\"Tootmine\",\"item\":\"https:\/\/fontemenergy.lt\/et\/tootmine\/\"},{\"@type\":\"ListItem\",\"position\":3,\"name\":\"LiFePO4 48V 100Ah akud (5kWh)\"}]},{\"@type\":\"WebSite\",\"@id\":\"https:\/\/fontemenergy.lt\/et\/#website\",\"url\":\"https:\/\/fontemenergy.lt\/et\/\",\"name\":\"Fontem Energy\",\"description\":\"Fontem Energy Website\",\"publisher\":{\"@id\":\"https:\/\/fontemenergy.lt\/et\/#organization\"},\"potentialAction\":[{\"@type\":\"SearchAction\",\"target\":{\"@type\":\"EntryPoint\",\"urlTemplate\":\"https:\/\/fontemenergy.lt\/et\/?s={search_term_string}\"},\"query-input\":{\"@type\":\"PropertyValueSpecification\",\"valueRequired\":true,\"valueName\":\"search_term_string\"}}],\"inLanguage\":\"et\"},{\"@type\":\"Organization\",\"@id\":\"https:\/\/fontemenergy.lt\/et\/#organization\",\"name\":\"Font Energia\",\"url\":\"https:\/\/fontemenergy.lt\/et\/\",\"logo\":{\"@type\":\"ImageObject\",\"inLanguage\":\"et\",\"@id\":\"https:\/\/fontemenergy.lt\/et\/#\/schema\/logo\/image\/\",\"url\":\"https:\/\/fontemenergy.lt\/wp-content\/uploads\/2024\/06\/Transparent-Logo-2-1-1.png\",\"contentUrl\":\"https:\/\/fontemenergy.lt\/wp-content\/uploads\/2024\/06\/Transparent-Logo-2-1-1.png\",\"width\":972,\"height\":400,\"caption\":\"Font Energia\"},\"image\":{\"@id\":\"https:\/\/fontemenergy.lt\/et\/#\/schema\/logo\/image\/\"}}]}<\/script>\n<!-- \/ Yoast SEO plugin. -->","yoast_head_json":{"title":"LiFe PO4 48V 100Ah akud - Parim hind Leedus","description":"Kasutatakse ainult k\u00f5rgeima kvaliteediga komponente, BMS 300A. Maht 9,14kWh. Pinge max 58.8V min 42V 180Ah.","robots":{"index":"index","follow":"follow","max-snippet":"max-snippet:-1","max-image-preview":"max-image-preview:large","max-video-preview":"max-video-preview:-1"},"canonical":"https:\/\/fontemenergy.lt\/et\/tooted\/liitiumpatareid\/lifepo4-48v-100ah-akud-5kwh\/","og_locale":"et_EE","og_type":"article","og_title":"LiFe PO4 48V 100Ah akud - Parim hind Leedus","og_description":"Kasutatakse ainult k\u00f5rgeima kvaliteediga komponente, BMS 300A. Maht 9,14kWh. Pinge max 58.8V min 42V 180Ah.","og_url":"https:\/\/fontemenergy.lt\/et\/tooted\/liitiumpatareid\/lifepo4-48v-100ah-akud-5kwh\/","og_site_name":"Fontem Energy","og_image":[{"width":1080,"height":1080,"url":"https:\/\/fontemenergy.lt\/wp-content\/uploads\/2024\/11\/LifePO4-48V100Ah-5kWh.png","type":"image\/png"}],"twitter_card":"summary_large_image","twitter_misc":{"Est. reading time":"1 minut"},"schema":{"@context":"https:\/\/schema.org","@graph":[{"@type":"WebPage","@id":"https:\/\/fontemenergy.lt\/et\/tooted\/liitiumpatareid\/lifepo4-48v-100ah-akud-5kwh\/","url":"https:\/\/fontemenergy.lt\/et\/tooted\/liitiumpatareid\/lifepo4-48v-100ah-akud-5kwh\/","name":"LiFe PO4 48V 100Ah akud - Parim hind Leedus","isPartOf":{"@id":"https:\/\/fontemenergy.lt\/et\/#website"},"primaryImageOfPage":{"@id":"https:\/\/fontemenergy.lt\/et\/tooted\/liitiumpatareid\/lifepo4-48v-100ah-akud-5kwh\/#primaryimage"},"image":{"@id":"https:\/\/fontemenergy.lt\/et\/tooted\/liitiumpatareid\/lifepo4-48v-100ah-akud-5kwh\/#primaryimage"},"thumbnailUrl":"https:\/\/fontemenergy.lt\/wp-content\/uploads\/2024\/11\/LifePO4-48V100Ah-5kWh.png","datePublished":"2024-11-07T14:13:09+00:00","description":"Kasutatakse ainult k\u00f5rgeima kvaliteediga komponente, BMS 300A. Maht 9,14kWh. Pinge max 58.8V min 42V 180Ah.","breadcrumb":{"@id":"https:\/\/fontemenergy.lt\/et\/tooted\/liitiumpatareid\/lifepo4-48v-100ah-akud-5kwh\/#breadcrumb"},"inLanguage":"et","potentialAction":[{"@type":"ReadAction","target":["https:\/\/fontemenergy.lt\/et\/tooted\/liitiumpatareid\/lifepo4-48v-100ah-akud-5kwh\/"]}]},{"@type":"ImageObject","inLanguage":"et","@id":"https:\/\/fontemenergy.lt\/et\/tooted\/liitiumpatareid\/lifepo4-48v-100ah-akud-5kwh\/#primaryimage","url":"https:\/\/fontemenergy.lt\/wp-content\/uploads\/2024\/11\/LifePO4-48V100Ah-5kWh.png","contentUrl":"https:\/\/fontemenergy.lt\/wp-content\/uploads\/2024\/11\/LifePO4-48V100Ah-5kWh.png","width":1080,"height":1080,"caption":"LifePO4 48V100Ah 5kWh"},{"@type":"BreadcrumbList","@id":"https:\/\/fontemenergy.lt\/et\/tooted\/liitiumpatareid\/lifepo4-48v-100ah-akud-5kwh\/#breadcrumb","itemListElement":[{"@type":"ListItem","position":1,"name":"Home","item":"https:\/\/fontemenergy.lt\/et\/kodu\/"},{"@type":"ListItem","position":2,"name":"Tootmine","item":"https:\/\/fontemenergy.lt\/et\/tootmine\/"},{"@type":"ListItem","position":3,"name":"LiFePO4 48V 100Ah akud (5kWh)"}]},{"@type":"WebSite","@id":"https:\/\/fontemenergy.lt\/et\/#website","url":"https:\/\/fontemenergy.lt\/et\/","name":"Fontem Energy","description":"Fontem Energy Website","publisher":{"@id":"https:\/\/fontemenergy.lt\/et\/#organization"},"potentialAction":[{"@type":"SearchAction","target":{"@type":"EntryPoint","urlTemplate":"https:\/\/fontemenergy.lt\/et\/?s={search_term_string}"},"query-input":{"@type":"PropertyValueSpecification","valueRequired":true,"valueName":"search_term_string"}}],"inLanguage":"et"},{"@type":"Organization","@id":"https:\/\/fontemenergy.lt\/et\/#organization","name":"Font Energia","url":"https:\/\/fontemenergy.lt\/et\/","logo":{"@type":"ImageObject","inLanguage":"et","@id":"https:\/\/fontemenergy.lt\/et\/#\/schema\/logo\/image\/","url":"https:\/\/fontemenergy.lt\/wp-content\/uploads\/2024\/06\/Transparent-Logo-2-1-1.png","contentUrl":"https:\/\/fontemenergy.lt\/wp-content\/uploads\/2024\/06\/Transparent-Logo-2-1-1.png","width":972,"height":400,"caption":"Font Energia"},"image":{"@id":"https:\/\/fontemenergy.lt\/et\/#\/schema\/logo\/image\/"}}]}},"_links":{"self":[{"href":"https:\/\/fontemenergy.lt\/et\/wp-json\/wp\/v2\/product\/3553","targetHints":{"allow":["GET"]}}],"collection":[{"href":"https:\/\/fontemenergy.lt\/et\/wp-json\/wp\/v2\/product"}],"about":[{"href":"https:\/\/fontemenergy.lt\/et\/wp-json\/wp\/v2\/types\/product"}],"wp:featuredmedia":[{"embeddable":true,"href":"https:\/\/fontemenergy.lt\/et\/wp-json\/wp\/v2\/media\/3558"}],"wp:attachment":[{"href":"https:\/\/fontemenergy.lt\/et\/wp-json\/wp\/v2\/media?parent=3553"}],"wp:term":[{"taxonomy":"product_brand","embeddable":true,"href":"https:\/\/fontemenergy.lt\/et\/wp-json\/wp\/v2\/product_brand?post=3553"},{"taxonomy":"product_cat","embeddable":true,"href":"https:\/\/fontemenergy.lt\/et\/wp-json\/wp\/v2\/product_cat?post=3553"},{"taxonomy":"product_tag","embeddable":true,"href":"https:\/\/fontemenergy.lt\/et\/wp-json\/wp\/v2\/product_tag?post=3553"}],"curies":[{"name":"wp","href":"https:\/\/api.w.org\/{rel}","templated":true}]}}