{"id":3477,"date":"2024-09-13T14:25:08","date_gmt":"2024-09-13T11:25:08","guid":{"rendered":"https:\/\/fontemenergy.lt\/produkcija\/maaratlemata\/liitiumakud-48v-180ah\/"},"modified":"2024-09-13T14:25:08","modified_gmt":"2024-09-13T11:25:08","slug":"liitiumakud-48v-180ah","status":"publish","type":"product","link":"https:\/\/fontemenergy.lt\/et\/tooted\/liitiumpatareid\/liitiumakud-48v-180ah\/","title":{"rendered":"Liitiumakud 48V 180Ah"},"content":{"rendered":"<p data-start=\"205\" data-end=\"293\">\ud83d\udd0b <strong data-start=\"212\" data-end=\"293\">Li-ion 48V 180Ah &#8211; nutikas energialahendus teie p\u00e4ikeses\u00fcsteemi jaoks<\/strong><\/p>\n<p data-start=\"295\" data-end=\"520\">Kompaktne, suure v\u00f5imsusega ja usaldusv\u00e4\u00e4rne aku kasutamiseks koos k\u00f5ige populaarsemate <strong data-start=\"370\" data-end=\"399\">h\u00fcbriidinverteritega<\/strong>. Ehitatud kvaliteetsetest Li-ioonelementidest, millel on <strong data-start=\"444\" data-end=\"459\">intelligentne BMS<\/strong>, kommunikatsioon ja valmis nii koduseks kui ka \u00e4riliseks kasutamiseks. <\/p>\n<hr data-start=\"522\" data-end=\"525\">\n<h3 data-start=\"527\" data-end=\"570\">\u2705 <strong data-start=\"533\" data-end=\"570\">Miks valida see aku?<\/strong><\/h3>\n<ul data-start=\"572\" data-end=\"1008\">\n<li data-start=\"572\" data-end=\"634\">\n<p data-start=\"574\" data-end=\"634\">\u2705 Kvaliteetsed <strong data-start=\"592\" data-end=\"632\">Li-ioonelemendid pika elueaga<\/strong><\/p>\n<\/li>\n<li data-start=\"635\" data-end=\"680\">\n<p data-start=\"637\" data-end=\"680\">\u2705 Nimimaht: <strong data-start=\"655\" data-end=\"678\">48V 180Ah (~8.6kWh)<\/strong><\/p>\n<\/li>\n<li data-start=\"681\" data-end=\"788\">\n<p data-start=\"683\" data-end=\"788\">\u2705 Sisseehitatud <strong data-start=\"697\" data-end=\"722\">intelligentne BMS kontroller<\/strong> &#8211; kaitse \u00fclelaadimise, liigse t\u00fchjendamise ja temperatuurik\u00f5ikumiste eest.<\/p>\n<\/li>\n<li data-start=\"789\" data-end=\"843\">\n<p data-start=\"791\" data-end=\"843\">\u2705 Kommunikatsioon inverteritega <strong data-start=\"826\" data-end=\"841\">RS485\/CAN-i<\/strong> kaudu<\/p>\n<\/li>\n<li data-start=\"844\" data-end=\"898\">\n<p data-start=\"846\" data-end=\"898\">\u2705 Kasutusvalmis &#8211; ei vaja t\u00e4iendavat seadistamist<\/p>\n<\/li>\n<li data-start=\"899\" data-end=\"936\">\n<p data-start=\"901\" data-end=\"936\">\u2705 <strong data-start=\"903\" data-end=\"934\">Testitud, stabiilne, usaldusv\u00e4\u00e4rne<\/strong><\/p>\n<\/li>\n<li data-start=\"937\" data-end=\"966\">\n<p data-start=\"939\" data-end=\"966\">\u2705 <strong data-start=\"941\" data-end=\"964\">Garantii &#8211; 1 aasta<\/strong><\/p>\n<\/li>\n<li data-start=\"967\" data-end=\"1008\">\n<p data-start=\"969\" data-end=\"1008\">\u2705 S <strong data-start=\"971\" data-end=\"1008\">uurep\u00e4rane hinna ja kvaliteedi suhe<\/strong><\/p>\n<\/li>\n<\/ul>\n<hr data-start=\"1010\" data-end=\"1013\">\n<h3 data-start=\"1015\" data-end=\"1063\">\u26a1 <strong data-start=\"1021\" data-end=\"1063\">Sobib j\u00e4rgmistele h\u00fcbriidinverteritele:<\/strong><\/h3>\n<ul data-start=\"1065\" data-end=\"1194\">\n<li data-start=\"1065\" data-end=\"1076\">\n<p data-start=\"1067\" data-end=\"1076\">Growatt<\/p>\n<\/li>\n<li data-start=\"1077\" data-end=\"1098\">\n<p data-start=\"1079\" data-end=\"1098\">Voltronic \/ EASUN<\/p>\n<\/li>\n<li data-start=\"1099\" data-end=\"1111\">\n<p data-start=\"1101\" data-end=\"1111\">Luxpower<\/p>\n<\/li>\n<li data-start=\"1112\" data-end=\"1121\">\n<p data-start=\"1114\" data-end=\"1121\">Sofar<\/p>\n<\/li>\n<li data-start=\"1122\" data-end=\"1130\">\n<p data-start=\"1124\" data-end=\"1130\">Deye<\/p>\n<\/li>\n<li data-start=\"1131\" data-end=\"1140\">\n<p data-start=\"1133\" data-end=\"1140\">Samm<\/p>\n<\/li>\n<li data-start=\"1141\" data-end=\"1148\">\n<p data-start=\"1143\" data-end=\"1148\">SMA<\/p>\n<\/li>\n<li data-start=\"1149\" data-end=\"1161\">\n<p data-start=\"1151\" data-end=\"1161\">Sermatec<\/p>\n<\/li>\n<li data-start=\"1162\" data-end=\"1172\">\n<p data-start=\"1164\" data-end=\"1172\">FoxESS<\/p>\n<\/li>\n<li data-start=\"1173\" data-end=\"1184\">\n<p data-start=\"1175\" data-end=\"1184\">Victron<\/p>\n<\/li>\n<li data-start=\"1185\" data-end=\"1194\">\n<p data-start=\"1187\" data-end=\"1194\">Powland (hind 1150-1300 \u20ac s\u00f5ltuvalt konfiguratsioonist ja kommunikatsioonist)<\/p>\n<\/li>\n<\/ul>\n<p data-start=\"1196\" data-end=\"1253\">\u2705 Vajadusel aitame teid \u00fchendamise v\u00f5i konfigureerimisega!<\/p>\n<hr data-start=\"1255\" data-end=\"1258\">\n<h3 data-start=\"1260\" data-end=\"1289\">\ud83d\udd27 <strong data-start=\"1267\" data-end=\"1289\">Tehnilised omadused:<\/strong><\/h3>\n<ul data-start=\"1291\" data-end=\"1592\">\n<li data-start=\"1291\" data-end=\"1321\">\n<p data-start=\"1293\" data-end=\"1321\"><strong data-start=\"1293\" data-end=\"1313\">Nimipinge:<\/strong> 51.2V<\/p>\n<\/li>\n<li data-start=\"1322\" data-end=\"1353\">\n<p data-start=\"1324\" data-end=\"1353\"><strong data-start=\"1324\" data-end=\"1334\">Maht:<\/strong> 180Ah (~8,640Wh)<\/p>\n<\/li>\n<li data-start=\"1354\" data-end=\"1388\">\n<p data-start=\"1356\" data-end=\"1388\"><strong data-start=\"1356\" data-end=\"1381\">Max. Laadimisvool: <\/strong>  100A<\/p>\n<\/li>\n<li data-start=\"1389\" data-end=\"1424\">\n<p data-start=\"1391\" data-end=\"1424\"><strong data-start=\"1391\" data-end=\"1417\">Max. T\u00fchjendusvool: <\/strong>  150A<\/p>\n<\/li>\n<li data-start=\"1425\" data-end=\"1455\">\n<p data-start=\"1427\" data-end=\"1455\"><strong data-start=\"1427\" data-end=\"1447\">Laadimispinge:<\/strong> 58.4V<\/p>\n<\/li>\n<li data-start=\"1456\" data-end=\"1526\">\n<p data-start=\"1458\" data-end=\"1526\"><strong data-start=\"1458\" data-end=\"1475\">Tehnoloogia:<\/strong> Li-ion (NMC v\u00f5i LFP s\u00f5ltuvalt mudelist)<\/p>\n<\/li>\n<li data-start=\"1527\" data-end=\"1592\">\n<p data-start=\"1529\" data-end=\"1592\"><strong data-start=\"1529\" data-end=\"1548\">Ts\u00fcklid:<\/strong> kuni 5000 (80% j\u00e4relej\u00e4\u00e4nud v\u00f5imsusest)<\/p>\n<\/li>\n<\/ul>\n<hr data-start=\"1594\" data-end=\"1597\">\n<h3 data-start=\"1599\" data-end=\"1631\">\ud83c\udf21\ufe0f <strong data-start=\"1607\" data-end=\"1631\">T\u00f6\u00f6temperatuur:<\/strong><\/h3>\n<ul data-start=\"1633\" data-end=\"1695\">\n<li data-start=\"1633\" data-end=\"1662\">\n<p data-start=\"1635\" data-end=\"1662\"><strong data-start=\"1635\" data-end=\"1649\">Laadimine:<\/strong> 0\u00b0C &#8211; 45\u00b0C<\/p>\n<\/li>\n<li data-start=\"1663\" data-end=\"1695\">\n<p data-start=\"1665\" data-end=\"1695\"><strong data-start=\"1665\" data-end=\"1680\">T\u00fchjendamine:<\/strong> -20\u00b0C &#8211; 60\u00b0C<\/p>\n<\/li>\n<\/ul>\n<hr data-start=\"1697\" data-end=\"1700\">\n<h3 data-start=\"1702\" data-end=\"1725\">\ud83d\ude90 <strong data-start=\"1709\" data-end=\"1725\">Kohandamine:<\/strong><\/h3>\n<ul data-start=\"1727\" data-end=\"1978\">\n<li data-start=\"1727\" data-end=\"1768\">\n<p data-start=\"1729\" data-end=\"1768\">P\u00e4ikeseelektrijaamad (v\u00f5rgu\u00fchenduseta\/h\u00fcbriid)<\/p>\n<\/li>\n<li data-start=\"1769\" data-end=\"1808\">\n<p data-start=\"1771\" data-end=\"1808\">Katkestamatud elektris\u00fcsteemid (UPS)<\/p>\n<\/li>\n<li data-start=\"1809\" data-end=\"1850\">\n<p data-start=\"1811\" data-end=\"1850\">Inverters\u00fcsteemid koju ja ettev\u00f5ttele<\/p>\n<\/li>\n<li data-start=\"1851\" data-end=\"1884\">\n<p data-start=\"1853\" data-end=\"1884\">T\u00f6\u00f6stuslik energiasalvestus<\/p>\n<\/li>\n<li data-start=\"1885\" data-end=\"1923\">\n<p data-start=\"1887\" data-end=\"1923\">Serverid, telekommunikatsiooniseadmed<\/p>\n<\/li>\n<li data-start=\"1924\" data-end=\"1978\">\n<p data-start=\"1926\" data-end=\"1978\">Laadimisjaamad ja muud k\u00f5rgepingelahendused<\/p>\n<\/li>\n<\/ul>\n<hr data-start=\"1980\" data-end=\"1983\">\n<h3 data-start=\"1985\" data-end=\"2007\">\ud83c\udfc6 <strong data-start=\"1992\" data-end=\"2007\">Eelised:<\/strong><\/h3>\n<ul data-start=\"2009\" data-end=\"2230\">\n<li data-start=\"2009\" data-end=\"2052\">\n<p data-start=\"2011\" data-end=\"2052\">\u2705 Usaldusv\u00e4\u00e4rne side inverteritega<\/p>\n<\/li>\n<li data-start=\"2053\" data-end=\"2100\">\n<p data-start=\"2055\" data-end=\"2100\">\u2705 Pikk eluiga &#8211; kuni 5000 ts\u00fcklit (80% j\u00e4relej\u00e4\u00e4nud mahutavus)<\/p>\n<\/li>\n<li data-start=\"2101\" data-end=\"2145\">\n<p data-start=\"2103\" data-end=\"2145\">\u2705 Kiire laadimine, k\u00f5rge t\u00f5husus<\/p>\n<\/li>\n<li data-start=\"2146\" data-end=\"2189\">\n<p data-start=\"2148\" data-end=\"2189\">\u2705 Ohutu t\u00f6\u00f6 koos k\u00f5igi kaitsemeetmetega<\/p>\n<\/li>\n<li data-start=\"2190\" data-end=\"2230\">\n<p data-start=\"2192\" data-end=\"2230\">\u2705 Kompaktne, hooldusvaba<\/p>\n<\/li>\n<\/ul>\n<hr data-start=\"2232\" data-end=\"2235\">\n<p data-start=\"2237\" data-end=\"2374\">\ud83d\udd0c <strong data-start=\"2240\" data-end=\"2304\">Fontem Energy &#8211; nutikad lahendused teie energias\u00fcsteemidele.<\/strong><br data-start=\"2304\" data-end=\"2307\">\ud83d\udcde V\u00f5tke \u00fchendust ja saate oma inverteri terviklahenduse!<\/p>\n<p data-start=\"2376\" data-end=\"2504\">\ud83d\udee1\ufe0f <strong data-start=\"2380\" data-end=\"2394\">Garantii:<\/strong> 1 aasta<\/p>\n","protected":false},"excerpt":{"rendered":"<p><strong>  Spetsifikatsioon<\/strong><\/p>\n<ul>\n<li>Maht, Ah: <strong>180<\/strong><\/li>\n<li>Pinge, V: <strong>48<\/strong><\/li>\n<li>Kaal, kg: <strong>60<\/strong><\/li>\n<li>Garantii, kuud: <strong>12<\/strong><\/li>\n<li>Pikkus\u00d7laius\u00d7k\u00f5rgus, cm: <strong> 70\u00d750\u00d720<\/strong><\/li>\n<\/ul>\n","protected":false},"featured_media":3486,"template":"","meta":{"site-sidebar-layout":"default","site-content-layout":"","ast-site-content-layout":"default","site-content-style":"default","site-sidebar-style":"default","ast-global-header-display":"","ast-banner-title-visibility":"","ast-main-header-display":"","ast-hfb-above-header-display":"","ast-hfb-below-header-display":"","ast-hfb-mobile-header-display":"","site-post-title":"","ast-breadcrumbs-content":"","ast-featured-img":"","footer-sml-layout":"","ast-disable-related-posts":"","theme-transparent-header-meta":"default","adv-header-id-meta":"","stick-header-meta":"","header-above-stick-meta":"","header-main-stick-meta":"","header-below-stick-meta":"","astra-migrate-meta-layouts":"default","ast-page-background-enabled":"default","ast-page-background-meta":{"desktop":{"background-color":"","background-image":"","background-repeat":"repeat","background-position":"center center","background-size":"auto","background-attachment":"scroll","background-type":"","background-media":"","overlay-type":"","overlay-color":"","overlay-opacity":"","overlay-gradient":""},"tablet":{"background-color":"","background-image":"","background-repeat":"repeat","background-position":"center center","background-size":"auto","background-attachment":"scroll","background-type":"","background-media":"","overlay-type":"","overlay-color":"","overlay-opacity":"","overlay-gradient":""},"mobile":{"background-color":"","background-image":"","background-repeat":"repeat","background-position":"center center","background-size":"auto","background-attachment":"scroll","background-type":"","background-media":"","overlay-type":"","overlay-color":"","overlay-opacity":"","overlay-gradient":""}},"ast-content-background-meta":{"desktop":{"background-color":"var(--ast-global-color-5)","background-image":"","background-repeat":"repeat","background-position":"center center","background-size":"auto","background-attachment":"scroll","background-type":"","background-media":"","overlay-type":"","overlay-color":"","overlay-opacity":"","overlay-gradient":""},"tablet":{"background-color":"var(--ast-global-color-5)","background-image":"","background-repeat":"repeat","background-position":"center center","background-size":"auto","background-attachment":"scroll","background-type":"","background-media":"","overlay-type":"","overlay-color":"","overlay-opacity":"","overlay-gradient":""},"mobile":{"background-color":"var(--ast-global-color-5)","background-image":"","background-repeat":"repeat","background-position":"center center","background-size":"auto","background-attachment":"scroll","background-type":"","background-media":"","overlay-type":"","overlay-color":"","overlay-opacity":"","overlay-gradient":""}}},"product_brand":[],"product_cat":[134],"product_tag":[],"class_list":{"0":"post-3477","1":"product","2":"type-product","3":"status-publish","4":"has-post-thumbnail","6":"product_cat-liitiumpatareid","7":"pa_itampav-132","8":"pa_talpaah-133","9":"desktop-align-left","10":"tablet-align-left","11":"mobile-align-left","13":"first","14":"instock","15":"taxable","16":"shipping-taxable","17":"purchasable","18":"product-type-simple"},"yoast_head":"<!-- This site is optimized with the Yoast SEO plugin v27.4 - https:\/\/yoast.com\/product\/yoast-seo-wordpress\/ -->\n<title>Liitiumakud 48V 180Ah - Parimad hinnad Leedus<\/title>\n<meta name=\"description\" content=\"Sobib mitmesuguste rakenduste jaoks: elektris\u00f5idukid, p\u00e4ikeseenergia salvestuss\u00fcsteemid, t\u00f6\u00f6stusseadmed ja varuv\u00f5imsuslahendused.\" \/>\n<meta name=\"robots\" content=\"index, follow, max-snippet:-1, max-image-preview:large, max-video-preview:-1\" \/>\n<link rel=\"canonical\" href=\"https:\/\/fontemenergy.lt\/et\/tooted\/liitiumpatareid\/liitiumakud-48v-180ah\/\" \/>\n<meta property=\"og:locale\" content=\"et_EE\" \/>\n<meta property=\"og:type\" content=\"article\" \/>\n<meta property=\"og:title\" content=\"Liitiumakud 48V 180Ah - Parimad hinnad Leedus\" \/>\n<meta property=\"og:description\" content=\"Sobib mitmesuguste rakenduste jaoks: elektris\u00f5idukid, p\u00e4ikeseenergia salvestuss\u00fcsteemid, t\u00f6\u00f6stusseadmed ja varuv\u00f5imsuslahendused.\" \/>\n<meta property=\"og:url\" content=\"https:\/\/fontemenergy.lt\/et\/tooted\/liitiumpatareid\/liitiumakud-48v-180ah\/\" \/>\n<meta property=\"og:site_name\" content=\"Fontem Energy\" \/>\n<meta property=\"og:image\" content=\"https:\/\/fontemenergy.lt\/wp-content\/uploads\/2024\/09\/Licio-akumuliatorius-180Ah-48v.jpeg\" \/>\n\t<meta property=\"og:image:width\" content=\"1200\" \/>\n\t<meta property=\"og:image:height\" content=\"1600\" \/>\n\t<meta property=\"og:image:type\" content=\"image\/jpeg\" \/>\n<meta name=\"twitter:card\" content=\"summary_large_image\" \/>\n<meta name=\"twitter:label1\" content=\"Est. reading time\" \/>\n\t<meta name=\"twitter:data1\" content=\"1 minut\" \/>\n<script type=\"application\/ld+json\" class=\"yoast-schema-graph\">{\"@context\":\"https:\\\/\\\/schema.org\",\"@graph\":[{\"@type\":\"WebPage\",\"@id\":\"https:\\\/\\\/fontemenergy.lt\\\/et\\\/tooted\\\/liitiumpatareid\\\/liitiumakud-48v-180ah\\\/\",\"url\":\"https:\\\/\\\/fontemenergy.lt\\\/et\\\/tooted\\\/liitiumpatareid\\\/liitiumakud-48v-180ah\\\/\",\"name\":\"Liitiumakud 48V 180Ah - Parimad hinnad Leedus\",\"isPartOf\":{\"@id\":\"https:\\\/\\\/fontemenergy.lt\\\/et\\\/#website\"},\"primaryImageOfPage\":{\"@id\":\"https:\\\/\\\/fontemenergy.lt\\\/et\\\/tooted\\\/liitiumpatareid\\\/liitiumakud-48v-180ah\\\/#primaryimage\"},\"image\":{\"@id\":\"https:\\\/\\\/fontemenergy.lt\\\/et\\\/tooted\\\/liitiumpatareid\\\/liitiumakud-48v-180ah\\\/#primaryimage\"},\"thumbnailUrl\":\"https:\\\/\\\/fontemenergy.lt\\\/wp-content\\\/uploads\\\/2024\\\/09\\\/Licio-akumuliatorius-180Ah-48v.jpeg\",\"datePublished\":\"2024-09-13T11:25:08+00:00\",\"description\":\"Sobib mitmesuguste rakenduste jaoks: elektris\u00f5idukid, p\u00e4ikeseenergia salvestuss\u00fcsteemid, t\u00f6\u00f6stusseadmed ja varuv\u00f5imsuslahendused.\",\"breadcrumb\":{\"@id\":\"https:\\\/\\\/fontemenergy.lt\\\/et\\\/tooted\\\/liitiumpatareid\\\/liitiumakud-48v-180ah\\\/#breadcrumb\"},\"inLanguage\":\"et\",\"potentialAction\":[{\"@type\":\"ReadAction\",\"target\":[\"https:\\\/\\\/fontemenergy.lt\\\/et\\\/tooted\\\/liitiumpatareid\\\/liitiumakud-48v-180ah\\\/\"]}]},{\"@type\":\"ImageObject\",\"inLanguage\":\"et\",\"@id\":\"https:\\\/\\\/fontemenergy.lt\\\/et\\\/tooted\\\/liitiumpatareid\\\/liitiumakud-48v-180ah\\\/#primaryimage\",\"url\":\"https:\\\/\\\/fontemenergy.lt\\\/wp-content\\\/uploads\\\/2024\\\/09\\\/Licio-akumuliatorius-180Ah-48v.jpeg\",\"contentUrl\":\"https:\\\/\\\/fontemenergy.lt\\\/wp-content\\\/uploads\\\/2024\\\/09\\\/Licio-akumuliatorius-180Ah-48v.jpeg\",\"width\":1200,\"height\":1600,\"caption\":\"Liitium-ioon aku 180Ah 48v\"},{\"@type\":\"BreadcrumbList\",\"@id\":\"https:\\\/\\\/fontemenergy.lt\\\/et\\\/tooted\\\/liitiumpatareid\\\/liitiumakud-48v-180ah\\\/#breadcrumb\",\"itemListElement\":[{\"@type\":\"ListItem\",\"position\":1,\"name\":\"Home\",\"item\":\"https:\\\/\\\/fontemenergy.lt\\\/et\\\/kodu\\\/\"},{\"@type\":\"ListItem\",\"position\":2,\"name\":\"Tootmine\",\"item\":\"https:\\\/\\\/fontemenergy.lt\\\/et\\\/tootmine\\\/\"},{\"@type\":\"ListItem\",\"position\":3,\"name\":\"Liitiumakud 48V 180Ah\"}]},{\"@type\":\"WebSite\",\"@id\":\"https:\\\/\\\/fontemenergy.lt\\\/et\\\/#website\",\"url\":\"https:\\\/\\\/fontemenergy.lt\\\/et\\\/\",\"name\":\"Fontem Energy\",\"description\":\"Fontem Energy Website\",\"publisher\":{\"@id\":\"https:\\\/\\\/fontemenergy.lt\\\/et\\\/#organization\"},\"potentialAction\":[{\"@type\":\"SearchAction\",\"target\":{\"@type\":\"EntryPoint\",\"urlTemplate\":\"https:\\\/\\\/fontemenergy.lt\\\/et\\\/?s={search_term_string}\"},\"query-input\":{\"@type\":\"PropertyValueSpecification\",\"valueRequired\":true,\"valueName\":\"search_term_string\"}}],\"inLanguage\":\"et\"},{\"@type\":\"Organization\",\"@id\":\"https:\\\/\\\/fontemenergy.lt\\\/et\\\/#organization\",\"name\":\"Font Energia\",\"url\":\"https:\\\/\\\/fontemenergy.lt\\\/et\\\/\",\"logo\":{\"@type\":\"ImageObject\",\"inLanguage\":\"et\",\"@id\":\"https:\\\/\\\/fontemenergy.lt\\\/et\\\/#\\\/schema\\\/logo\\\/image\\\/\",\"url\":\"https:\\\/\\\/fontemenergy.lt\\\/wp-content\\\/uploads\\\/2024\\\/06\\\/Transparent-Logo-2-1-1.png\",\"contentUrl\":\"https:\\\/\\\/fontemenergy.lt\\\/wp-content\\\/uploads\\\/2024\\\/06\\\/Transparent-Logo-2-1-1.png\",\"width\":972,\"height\":400,\"caption\":\"Font Energia\"},\"image\":{\"@id\":\"https:\\\/\\\/fontemenergy.lt\\\/et\\\/#\\\/schema\\\/logo\\\/image\\\/\"}}]}<\/script>\n<!-- \/ Yoast SEO plugin. -->","yoast_head_json":{"title":"Liitiumakud 48V 180Ah - Parimad hinnad Leedus","description":"Sobib mitmesuguste rakenduste jaoks: elektris\u00f5idukid, p\u00e4ikeseenergia salvestuss\u00fcsteemid, t\u00f6\u00f6stusseadmed ja varuv\u00f5imsuslahendused.","robots":{"index":"index","follow":"follow","max-snippet":"max-snippet:-1","max-image-preview":"max-image-preview:large","max-video-preview":"max-video-preview:-1"},"canonical":"https:\/\/fontemenergy.lt\/et\/tooted\/liitiumpatareid\/liitiumakud-48v-180ah\/","og_locale":"et_EE","og_type":"article","og_title":"Liitiumakud 48V 180Ah - Parimad hinnad Leedus","og_description":"Sobib mitmesuguste rakenduste jaoks: elektris\u00f5idukid, p\u00e4ikeseenergia salvestuss\u00fcsteemid, t\u00f6\u00f6stusseadmed ja varuv\u00f5imsuslahendused.","og_url":"https:\/\/fontemenergy.lt\/et\/tooted\/liitiumpatareid\/liitiumakud-48v-180ah\/","og_site_name":"Fontem Energy","og_image":[{"width":1200,"height":1600,"url":"https:\/\/fontemenergy.lt\/wp-content\/uploads\/2024\/09\/Licio-akumuliatorius-180Ah-48v.jpeg","type":"image\/jpeg"}],"twitter_card":"summary_large_image","twitter_misc":{"Est. reading time":"1 minut"},"schema":{"@context":"https:\/\/schema.org","@graph":[{"@type":"WebPage","@id":"https:\/\/fontemenergy.lt\/et\/tooted\/liitiumpatareid\/liitiumakud-48v-180ah\/","url":"https:\/\/fontemenergy.lt\/et\/tooted\/liitiumpatareid\/liitiumakud-48v-180ah\/","name":"Liitiumakud 48V 180Ah - Parimad hinnad Leedus","isPartOf":{"@id":"https:\/\/fontemenergy.lt\/et\/#website"},"primaryImageOfPage":{"@id":"https:\/\/fontemenergy.lt\/et\/tooted\/liitiumpatareid\/liitiumakud-48v-180ah\/#primaryimage"},"image":{"@id":"https:\/\/fontemenergy.lt\/et\/tooted\/liitiumpatareid\/liitiumakud-48v-180ah\/#primaryimage"},"thumbnailUrl":"https:\/\/fontemenergy.lt\/wp-content\/uploads\/2024\/09\/Licio-akumuliatorius-180Ah-48v.jpeg","datePublished":"2024-09-13T11:25:08+00:00","description":"Sobib mitmesuguste rakenduste jaoks: elektris\u00f5idukid, p\u00e4ikeseenergia salvestuss\u00fcsteemid, t\u00f6\u00f6stusseadmed ja varuv\u00f5imsuslahendused.","breadcrumb":{"@id":"https:\/\/fontemenergy.lt\/et\/tooted\/liitiumpatareid\/liitiumakud-48v-180ah\/#breadcrumb"},"inLanguage":"et","potentialAction":[{"@type":"ReadAction","target":["https:\/\/fontemenergy.lt\/et\/tooted\/liitiumpatareid\/liitiumakud-48v-180ah\/"]}]},{"@type":"ImageObject","inLanguage":"et","@id":"https:\/\/fontemenergy.lt\/et\/tooted\/liitiumpatareid\/liitiumakud-48v-180ah\/#primaryimage","url":"https:\/\/fontemenergy.lt\/wp-content\/uploads\/2024\/09\/Licio-akumuliatorius-180Ah-48v.jpeg","contentUrl":"https:\/\/fontemenergy.lt\/wp-content\/uploads\/2024\/09\/Licio-akumuliatorius-180Ah-48v.jpeg","width":1200,"height":1600,"caption":"Liitium-ioon aku 180Ah 48v"},{"@type":"BreadcrumbList","@id":"https:\/\/fontemenergy.lt\/et\/tooted\/liitiumpatareid\/liitiumakud-48v-180ah\/#breadcrumb","itemListElement":[{"@type":"ListItem","position":1,"name":"Home","item":"https:\/\/fontemenergy.lt\/et\/kodu\/"},{"@type":"ListItem","position":2,"name":"Tootmine","item":"https:\/\/fontemenergy.lt\/et\/tootmine\/"},{"@type":"ListItem","position":3,"name":"Liitiumakud 48V 180Ah"}]},{"@type":"WebSite","@id":"https:\/\/fontemenergy.lt\/et\/#website","url":"https:\/\/fontemenergy.lt\/et\/","name":"Fontem Energy","description":"Fontem Energy Website","publisher":{"@id":"https:\/\/fontemenergy.lt\/et\/#organization"},"potentialAction":[{"@type":"SearchAction","target":{"@type":"EntryPoint","urlTemplate":"https:\/\/fontemenergy.lt\/et\/?s={search_term_string}"},"query-input":{"@type":"PropertyValueSpecification","valueRequired":true,"valueName":"search_term_string"}}],"inLanguage":"et"},{"@type":"Organization","@id":"https:\/\/fontemenergy.lt\/et\/#organization","name":"Font Energia","url":"https:\/\/fontemenergy.lt\/et\/","logo":{"@type":"ImageObject","inLanguage":"et","@id":"https:\/\/fontemenergy.lt\/et\/#\/schema\/logo\/image\/","url":"https:\/\/fontemenergy.lt\/wp-content\/uploads\/2024\/06\/Transparent-Logo-2-1-1.png","contentUrl":"https:\/\/fontemenergy.lt\/wp-content\/uploads\/2024\/06\/Transparent-Logo-2-1-1.png","width":972,"height":400,"caption":"Font Energia"},"image":{"@id":"https:\/\/fontemenergy.lt\/et\/#\/schema\/logo\/image\/"}}]}},"_links":{"self":[{"href":"https:\/\/fontemenergy.lt\/et\/wp-json\/wp\/v2\/product\/3477","targetHints":{"allow":["GET"]}}],"collection":[{"href":"https:\/\/fontemenergy.lt\/et\/wp-json\/wp\/v2\/product"}],"about":[{"href":"https:\/\/fontemenergy.lt\/et\/wp-json\/wp\/v2\/types\/product"}],"wp:featuredmedia":[{"embeddable":true,"href":"https:\/\/fontemenergy.lt\/et\/wp-json\/wp\/v2\/media\/3486"}],"wp:attachment":[{"href":"https:\/\/fontemenergy.lt\/et\/wp-json\/wp\/v2\/media?parent=3477"}],"wp:term":[{"taxonomy":"product_brand","embeddable":true,"href":"https:\/\/fontemenergy.lt\/et\/wp-json\/wp\/v2\/product_brand?post=3477"},{"taxonomy":"product_cat","embeddable":true,"href":"https:\/\/fontemenergy.lt\/et\/wp-json\/wp\/v2\/product_cat?post=3477"},{"taxonomy":"product_tag","embeddable":true,"href":"https:\/\/fontemenergy.lt\/et\/wp-json\/wp\/v2\/product_tag?post=3477"}],"curies":[{"name":"wp","href":"https:\/\/api.w.org\/{rel}","templated":true}]}}